{"id":10152,"date":"2023-12-20T09:12:16","date_gmt":"2023-12-20T08:12:16","guid":{"rendered":"https:\/\/www.ecgffr.ch\/schulische-aktivitaeten\/theater-einfuehrung-in-die-musik\/"},"modified":"2024-11-12T13:37:21","modified_gmt":"2024-11-12T12:37:21","slug":"theater-einfuehrung-in-die-musik","status":"publish","type":"page","link":"https:\/\/www.ecgffr.ch\/de\/schulische-aktivitaeten\/theater-einfuehrung-in-die-musik\/","title":{"rendered":"Theater \/ Einf\u00fchrung in die Musik"},"content":{"rendered":"\t\t<div data-elementor-type=\"wp-page\" data-elementor-id=\"10152\" class=\"elementor elementor-10152 elementor-10134\" data-elementor-post-type=\"page\">\n\t\t\t\t\t\t<section class=\"elementor-section elementor-top-section elementor-element elementor-element-a132928 elementor-section-height-min-height elementor-section-boxed elementor-section-height-default elementor-section-items-middle\" data-id=\"a132928\" data-element_type=\"section\" data-settings=\"{&quot;background_background&quot;:&quot;classic&quot;}\">\n\t\t\t\t\t\t\t<div class=\"elementor-background-overlay\"><\/div>\n\t\t\t\t\t\t\t<div class=\"elementor-container elementor-column-gap-default\">\n\t\t\t\t\t<div class=\"elementor-column elementor-col-100 elementor-top-column elementor-element elementor-element-a9ca4dc\" data-id=\"a9ca4dc\" data-element_type=\"column\">\n\t\t\t<div class=\"elementor-widget-wrap elementor-element-populated\">\n\t\t\t\t\t\t<div class=\"elementor-element elementor-element-a944bd4 elementor-widget elementor-widget-heading\" data-id=\"a944bd4\" data-element_type=\"widget\" data-widget_type=\"heading.default\">\n\t\t\t\t<div class=\"elementor-widget-container\">\n\t\t\t\t\t<h4 class=\"elementor-heading-title elementor-size-default\">Schulische Aktivit\u00e4ten - Theater &amp; Einf\u00fchrung in die Musik<\/h4>\t\t\t\t<\/div>\n\t\t\t\t<\/div>\n\t\t\t\t<div class=\"elementor-element elementor-element-5f2458b elementor-widget elementor-widget-heading\" data-id=\"5f2458b\" data-element_type=\"widget\" data-widget_type=\"heading.default\">\n\t\t\t\t<div class=\"elementor-widget-container\">\n\t\t\t\t\t<h1 class=\"elementor-heading-title elementor-size-default\">Theater &amp; Einf\u00fchrung in die Musik\n<\/h1>\t\t\t\t<\/div>\n\t\t\t\t<\/div>\n\t\t\t\t<div class=\"elementor-element elementor-element-a8f4c69 elementor-icon-list--layout-inline elementor-align-center elementor-list-item-link-full_width elementor-widget elementor-widget-icon-list\" data-id=\"a8f4c69\" data-element_type=\"widget\" data-widget_type=\"icon-list.default\">\n\t\t\t\t<div class=\"elementor-widget-container\">\n\t\t\t\t\t\t\t<ul class=\"elementor-icon-list-items elementor-inline-items\">\n\t\t\t\t\t\t\t<li class=\"elementor-icon-list-item elementor-inline-item\">\n\t\t\t\t\t\t\t\t\t\t\t<a href=\"https:\/\/www.ecgffr.ch\/fr\/vie-de-lecole\/\">\n\n\t\t\t\t\t\t\t\t\t\t\t\t<span class=\"elementor-icon-list-icon\">\n\t\t\t\t\t\t\t<i aria-hidden=\"true\" class=\"fas fa-long-arrow-alt-left\"><\/i>\t\t\t\t\t\t<\/span>\n\t\t\t\t\t\t\t\t\t\t<span class=\"elementor-icon-list-text\">Zur\u00fcck zu Schulische Aktivit\u00e4ten<\/span>\n\t\t\t\t\t\t\t\t\t\t\t<\/a>\n\t\t\t\t\t\t\t\t\t<\/li>\n\t\t\t\t\t\t<\/ul>\n\t\t\t\t\t\t<\/div>\n\t\t\t\t<\/div>\n\t\t\t\t\t<\/div>\n\t\t<\/div>\n\t\t\t\t\t<\/div>\n\t\t<\/section>\n\t\t\t\t<section class=\"elementor-section elementor-top-section elementor-element elementor-element-50a07b3 elementor-section-boxed elementor-section-height-default elementor-section-height-default\" data-id=\"50a07b3\" data-element_type=\"section\">\n\t\t\t\t\t\t<div class=\"elementor-container elementor-column-gap-default\">\n\t\t\t\t\t<div class=\"elementor-column elementor-col-100 elementor-top-column elementor-element elementor-element-c86b85c\" data-id=\"c86b85c\" data-element_type=\"column\">\n\t\t\t<div class=\"elementor-widget-wrap elementor-element-populated\">\n\t\t\t\t\t\t<div class=\"elementor-element elementor-element-26f24f8 elementor-widget elementor-widget-heading\" data-id=\"26f24f8\" data-element_type=\"widget\" data-widget_type=\"heading.default\">\n\t\t\t\t<div class=\"elementor-widget-container\">\n\t\t\t\t\t<h2 class=\"elementor-heading-title elementor-size-default\">Freif\u00e4cher Theater &amp; Einf\u00fchrung in die Musik<\/h2>\t\t\t\t<\/div>\n\t\t\t\t<\/div>\n\t\t\t\t<div class=\"elementor-element elementor-element-b9cbd82 elementor-widget elementor-widget-text-editor\" data-id=\"b9cbd82\" data-element_type=\"widget\" data-widget_type=\"text-editor.default\">\n\t\t\t\t<div class=\"elementor-widget-container\">\n\t\t\t\t\t\t\t\t\t<p>Neben dem obligatorischen Unterricht bietet die FMSF ihren Sch\u00fclerinnen und Sch\u00fclern jedes Jahr einige Freif\u00e4cher an.<\/p><p><span style=\"background-color: var(--ast-global-color-5); color: var( --e-global-color-text ); font-family: var( --e-global-typography-text-font-family ), Sans-serif; font-style: inherit; font-weight: inherit;\">Die Freif\u00e4cher werden als Einzellektion w\u00e4hrend des ganzen Jahres oder als Doppellektion w\u00e4hrend eines Semesters durchgef\u00fchrt. Sie k\u00f6nnen jedes Schuljahr neu gew\u00e4hlt werden. Die Anzahl der Anmeldungen entscheidet \u00fcber die Durchf\u00fchrung. Wer sich f\u00fcr ein Freifach anmeldet, muss dieses w\u00e4hrend der ganzen Dauer des Kurses besuchen. Die Note wird auf dem Zeugnis aufgef\u00fchrt, aber z\u00e4hlt nicht f\u00fcr die Promotion ins n\u00e4chste Schuljahr.<\/span><\/p><p><span style=\"font-style: inherit; font-weight: inherit; color: var( --e-global-color-text ); font-family: var( --e-global-typography-text-font-family ), Sans-serif; background-color: var(--ast-global-color-5);\">In der Regel kann pro Sch\u00fclerin und Sch\u00fcler maximal ein Freifach belegt werden. Auf Gesuch hin kann die Schulleitung den Besuch eines zus\u00e4tzlichen Freifachs bewilligen. Gesuche sind an die zust\u00e4ndige Vorsteherin bzw. den zust\u00e4ndigen Vorsteher zu richten.<\/span><\/p><p>Die beiden im zweiten und im dritten Jahr angebotenen Freif\u00e4cher sind wichtig f\u00fcr die Pers\u00f6nlichkeitsentwicklung zuk\u00fcnftiger Arbeitskr\u00e4fte in den Bereichen Gesundheit, Soziale Arbeit und P\u00e4dagogik. In der Tat erm\u00f6glichen sie die Steigerung des Selbstvertrauens durch Fantasie, affektive und sensorische Erinnerung, Energie und pers\u00f6nliche Originalit\u00e4t. Das ist ein echtes Plus, das wir Ihnen anbieten!\u00a0<\/p>\t\t\t\t\t\t\t\t<\/div>\n\t\t\t\t<\/div>\n\t\t\t\t\t<\/div>\n\t\t<\/div>\n\t\t\t\t\t<\/div>\n\t\t<\/section>\n\t\t\t\t<section class=\"elementor-section elementor-top-section elementor-element elementor-element-b64f99e elementor-section-boxed elementor-section-height-default elementor-section-height-default\" data-id=\"b64f99e\" data-element_type=\"section\">\n\t\t\t\t\t\t<div class=\"elementor-container elementor-column-gap-default\">\n\t\t\t\t\t<div class=\"elementor-column elementor-col-100 elementor-top-column elementor-element elementor-element-07477fe\" data-id=\"07477fe\" data-element_type=\"column\">\n\t\t\t<div class=\"elementor-widget-wrap elementor-element-populated\">\n\t\t\t\t\t\t<section class=\"elementor-section elementor-inner-section elementor-element elementor-element-80f3d49 elementor-section-boxed elementor-section-height-default elementor-section-height-default\" data-id=\"80f3d49\" data-element_type=\"section\">\n\t\t\t\t\t\t<div class=\"elementor-container elementor-column-gap-default\">\n\t\t\t\t\t<div class=\"elementor-column elementor-col-50 elementor-inner-column elementor-element elementor-element-4b3f660\" data-id=\"4b3f660\" data-element_type=\"column\">\n\t\t\t<div class=\"elementor-widget-wrap elementor-element-populated\">\n\t\t\t\t\t\t<div class=\"elementor-element elementor-element-b49eef9 elementor-widget elementor-widget-image\" data-id=\"b49eef9\" data-element_type=\"widget\" data-widget_type=\"image.default\">\n\t\t\t\t<div class=\"elementor-widget-container\">\n\t\t\t\t\t\t\t\t\t\t\t\t\t\t\t<img fetchpriority=\"high\" decoding=\"async\" width=\"1024\" height=\"683\" src=\"https:\/\/www.ecgffr.ch\/wp-content\/uploads\/2024\/11\/DSC_0001-1024x683.jpg\" class=\"attachment-large size-large wp-image-13316\" alt=\"\" srcset=\"https:\/\/www.ecgffr.ch\/wp-content\/uploads\/2024\/11\/DSC_0001-1024x683.jpg 1024w, https:\/\/www.ecgffr.ch\/wp-content\/uploads\/2024\/11\/DSC_0001-300x200.jpg 300w, https:\/\/www.ecgffr.ch\/wp-content\/uploads\/2024\/11\/DSC_0001-768x512.jpg 768w, https:\/\/www.ecgffr.ch\/wp-content\/uploads\/2024\/11\/DSC_0001-1536x1024.jpg 1536w, https:\/\/www.ecgffr.ch\/wp-content\/uploads\/2024\/11\/DSC_0001-2048x1365.jpg 2048w\" sizes=\"(max-width: 1024px) 100vw, 1024px\" \/>\t\t\t\t\t\t\t\t\t\t\t\t\t\t\t<\/div>\n\t\t\t\t<\/div>\n\t\t\t\t\t<\/div>\n\t\t<\/div>\n\t\t\t\t<div class=\"elementor-column elementor-col-50 elementor-inner-column elementor-element elementor-element-a3750d7\" data-id=\"a3750d7\" data-element_type=\"column\">\n\t\t\t<div class=\"elementor-widget-wrap elementor-element-populated\">\n\t\t\t\t\t\t<div class=\"elementor-element elementor-element-7905157 elementor-widget elementor-widget-heading\" data-id=\"7905157\" data-element_type=\"widget\" data-widget_type=\"heading.default\">\n\t\t\t\t<div class=\"elementor-widget-container\">\n\t\t\t\t\t<h3 class=\"elementor-heading-title elementor-size-default\">Theater<\/h3>\t\t\t\t<\/div>\n\t\t\t\t<\/div>\n\t\t\t\t<div class=\"elementor-element elementor-element-12f589a elementor-widget elementor-widget-text-editor\" data-id=\"12f589a\" data-element_type=\"widget\" data-widget_type=\"text-editor.default\">\n\t\t\t\t<div class=\"elementor-widget-container\">\n\t\t\t\t\t\t\t\t\t<p class=\"Default\" style=\"margin-bottom: 9.0pt;\"><span lang=\"DE-CH\">Hauptziel dieses Freifaches ist es, mit der Gruppe gemeinsam ein Theaterst\u00fcck zur Auff\u00fchrung zu bringen. Hierbei entscheidet die Gruppe selbst, um was es sich dabei genau handeln soll. W\u00e4hrend des Schuljahres kommen die Teilnehmenden sowohl mit Klassikern und modernen Theaterst\u00fccken als auch mit spielerischen Elementen wie beispielsweise Improvisation in Kontakt. Die Jugendlichen \u00fcben sich vor allem in verbalem wie nonverbalem Ausdruck, Teamgeist, Kreativit\u00e4t und B\u00fchnenpr\u00e4senz. <\/span><\/p><p class=\"Default\" style=\"margin-bottom: 9.0pt;\"><span lang=\"DE-CH\">\u00a0<\/span><span lang=\"DE-CH\" style=\"font-style: inherit; font-weight: inherit; color: var( --e-global-color-text ); background-color: var(--ast-global-color-5);\">Das Freifach &#8222;Theater&#8220; wird in jedem Schuljahr angeboten. Einen pers\u00f6nlichen Mehraufwand in Bezug auf die Anwesenheit ausserhalb der Unterrichtsstunden (insbesondere an bestimmten Wochenenden) ist bis zur Auff\u00fchrung, die im zweiten Semester stattfinden wird, erforderlich.<\/span><span style=\"font-style: inherit; font-weight: inherit; color: var( --e-global-color-text ); background-color: var(--ast-global-color-5);\">\u00a0<\/span><\/p>\t\t\t\t\t\t\t\t<\/div>\n\t\t\t\t<\/div>\n\t\t\t\t\t<\/div>\n\t\t<\/div>\n\t\t\t\t\t<\/div>\n\t\t<\/section>\n\t\t\t\t<div class=\"elementor-element elementor-element-ec0e5db elementor-widget elementor-widget-spacer\" data-id=\"ec0e5db\" data-element_type=\"widget\" data-widget_type=\"spacer.default\">\n\t\t\t\t<div class=\"elementor-widget-container\">\n\t\t\t\t\t\t\t<div class=\"elementor-spacer\">\n\t\t\t<div class=\"elementor-spacer-inner\"><\/div>\n\t\t<\/div>\n\t\t\t\t\t\t<\/div>\n\t\t\t\t<\/div>\n\t\t\t\t<section class=\"elementor-section elementor-inner-section elementor-element elementor-element-ee8b6bd elementor-section-boxed elementor-section-height-default elementor-section-height-default\" data-id=\"ee8b6bd\" data-element_type=\"section\">\n\t\t\t\t\t\t<div class=\"elementor-container elementor-column-gap-default\">\n\t\t\t\t\t<div class=\"elementor-column elementor-col-50 elementor-inner-column elementor-element elementor-element-6ded215\" data-id=\"6ded215\" data-element_type=\"column\">\n\t\t\t<div class=\"elementor-widget-wrap elementor-element-populated\">\n\t\t\t\t\t\t<div class=\"elementor-element elementor-element-93467e2 elementor-widget elementor-widget-image\" data-id=\"93467e2\" data-element_type=\"widget\" data-widget_type=\"image.default\">\n\t\t\t\t<div class=\"elementor-widget-container\">\n\t\t\t\t\t\t\t\t\t\t\t\t\t\t\t<img decoding=\"async\" width=\"2560\" height=\"1707\" src=\"https:\/\/www.ecgffr.ch\/wp-content\/uploads\/2024\/03\/DSC_1054-scaled.jpg\" class=\"attachment-full size-full wp-image-10799\" alt=\"\" srcset=\"https:\/\/www.ecgffr.ch\/wp-content\/uploads\/2024\/03\/DSC_1054-scaled.jpg 2560w, https:\/\/www.ecgffr.ch\/wp-content\/uploads\/2024\/03\/DSC_1054-300x200.jpg 300w, https:\/\/www.ecgffr.ch\/wp-content\/uploads\/2024\/03\/DSC_1054-1024x683.jpg 1024w, https:\/\/www.ecgffr.ch\/wp-content\/uploads\/2024\/03\/DSC_1054-768x512.jpg 768w, https:\/\/www.ecgffr.ch\/wp-content\/uploads\/2024\/03\/DSC_1054-1536x1024.jpg 1536w, https:\/\/www.ecgffr.ch\/wp-content\/uploads\/2024\/03\/DSC_1054-2048x1365.jpg 2048w\" sizes=\"(max-width: 2560px) 100vw, 2560px\" \/>\t\t\t\t\t\t\t\t\t\t\t\t\t\t\t<\/div>\n\t\t\t\t<\/div>\n\t\t\t\t\t<\/div>\n\t\t<\/div>\n\t\t\t\t<div class=\"elementor-column elementor-col-50 elementor-inner-column elementor-element elementor-element-452cd57\" data-id=\"452cd57\" data-element_type=\"column\">\n\t\t\t<div class=\"elementor-widget-wrap elementor-element-populated\">\n\t\t\t\t\t\t<div class=\"elementor-element elementor-element-eddf867 elementor-widget elementor-widget-heading\" data-id=\"eddf867\" data-element_type=\"widget\" data-widget_type=\"heading.default\">\n\t\t\t\t<div class=\"elementor-widget-container\">\n\t\t\t\t\t<h3 class=\"elementor-heading-title elementor-size-default\">Einf\u00fchrung in die Musik <\/h3>\t\t\t\t<\/div>\n\t\t\t\t<\/div>\n\t\t\t\t<div class=\"elementor-element elementor-element-2c19896 elementor-widget elementor-widget-text-editor\" data-id=\"2c19896\" data-element_type=\"widget\" data-widget_type=\"text-editor.default\">\n\t\t\t\t<div class=\"elementor-widget-container\">\n\t\t\t\t\t\t\t\t\t<p>Das Jahresziel dieses Freifachs ist ein Konzert. Die Sch\u00fclerinnen und Sch\u00fcler w\u00e4hlen ihre Songs selbst aus und sollen auch bei Elementen wie Arrangement \/ Choreo \/ Pr\u00e4sentation usw. m\u00f6glichst viel Freiheit haben. Je nach Begabung und Interesse kann ein gr\u00f6sserer oder kleinerer Part (vokal und \/ oder instrumental) gew\u00e4hlt werden. Unsere Absicht ist es, ein &#8222;massgeschneidertes&#8220; Konzert auf die Beine zu stellen, in dem die St\u00e4rken eines Jeden zur Geltung kommen.<\/p><p>Das Freifach &#8222;Einf\u00fchrung in die Musik&#8220; wird in jedem Schuljahr angeboten. Einen pers\u00f6nlichen Mehraufwand in Bezug auf die Anwesenheit ausserhalb der Unterrichts-stunden (insbesondere an bestimmten Wochenenden) ist bis zur Auff\u00fchrung, die im zweiten Semester stattfinden wird, erforderlich.<\/p>\t\t\t\t\t\t\t\t<\/div>\n\t\t\t\t<\/div>\n\t\t\t\t\t<\/div>\n\t\t<\/div>\n\t\t\t\t\t<\/div>\n\t\t<\/section>\n\t\t\t\t\t<\/div>\n\t\t<\/div>\n\t\t\t\t\t<\/div>\n\t\t<\/section>\n\t\t\t\t<\/div>\n\t\t","protected":false},"excerpt":{"rendered":"<p>Schulische Aktivit\u00e4ten &#8211; Theater &amp; Einf\u00fchrung in die Musik Theater &amp; Einf\u00fchrung in die Musik Zur\u00fcck zu Schulische Aktivit\u00e4ten Freif\u00e4cher Theater &amp; Einf\u00fchrung in die Musik Neben dem obligatorischen Unterricht bietet die FMSF ihren Sch\u00fclerinnen und Sch\u00fclern jedes Jahr einige Freif\u00e4cher an. Die Freif\u00e4cher werden als Einzellektion w\u00e4hrend des ganzen Jahres oder als Doppellektion w\u00e4hrend [&hellip;]<\/p>\n","protected":false},"author":2,"featured_media":0,"parent":4992,"menu_order":0,"comment_status":"closed","ping_status":"closed","template":"","meta":{"site-sidebar-layout":"no-sidebar","site-content-layout":"page-builder","ast-site-content-layout":"default","site-content-style":"default","site-sidebar-style":"default","ast-global-header-display":"","ast-banner-title-visibility":"","ast-main-header-display":"","ast-hfb-above-header-display":"","ast-hfb-below-header-display":"","ast-hfb-mobile-header-display":"","site-post-title":"disabled","ast-breadcrumbs-content":"","ast-featured-img":"disabled","footer-sml-layout":"","ast-disable-related-posts":"","theme-transparent-header-meta":"","adv-header-id-meta":"","stick-header-meta":"","header-above-stick-meta":"","header-main-stick-meta":"","header-below-stick-meta":"","astra-migrate-meta-layouts":"default","ast-page-background-enabled":"default","ast-page-background-meta":{"desktop":{"background-color":"var(--ast-global-color-4)","background-image":"","background-repeat":"repeat","background-position":"center center","background-size":"auto","background-attachment":"scroll","background-type":"","background-media":"","overlay-type":"","overlay-color":"","overlay-opacity":"","overlay-gradient":""},"tablet":{"background-color":"","background-image":"","background-repeat":"repeat","background-position":"center center","background-size":"auto","background-attachment":"scroll","background-type":"","background-media":"","overlay-type":"","overlay-color":"","overlay-opacity":"","overlay-gradient":""},"mobile":{"background-color":"","background-image":"","background-repeat":"repeat","background-position":"center center","background-size":"auto","background-attachment":"scroll","background-type":"","background-media":"","overlay-type":"","overlay-color":"","overlay-opacity":"","overlay-gradient":""}},"ast-content-background-meta":{"desktop":{"background-color":"var(--ast-global-color-5)","background-image":"","background-repeat":"repeat","background-position":"center center","background-size":"auto","background-attachment":"scroll","background-type":"","background-media":"","overlay-type":"","overlay-color":"","overlay-opacity":"","overlay-gradient":""},"tablet":{"background-color":"var(--ast-global-color-5)","background-image":"","background-repeat":"repeat","background-position":"center center","background-size":"auto","background-attachment":"scroll","background-type":"","background-media":"","overlay-type":"","overlay-color":"","overlay-opacity":"","overlay-gradient":""},"mobile":{"background-color":"var(--ast-global-color-5)","background-image":"","background-repeat":"repeat","background-position":"center center","background-size":"auto","background-attachment":"scroll","background-type":"","background-media":"","overlay-type":"","overlay-color":"","overlay-opacity":"","overlay-gradient":""}},"footnotes":""},"class_list":["post-10152","page","type-page","status-publish","hentry"],"_links":{"self":[{"href":"https:\/\/www.ecgffr.ch\/de\/wp-json\/wp\/v2\/pages\/10152","targetHints":{"allow":["GET"]}}],"collection":[{"href":"https:\/\/www.ecgffr.ch\/de\/wp-json\/wp\/v2\/pages"}],"about":[{"href":"https:\/\/www.ecgffr.ch\/de\/wp-json\/wp\/v2\/types\/page"}],"author":[{"embeddable":true,"href":"https:\/\/www.ecgffr.ch\/de\/wp-json\/wp\/v2\/users\/2"}],"replies":[{"embeddable":true,"href":"https:\/\/www.ecgffr.ch\/de\/wp-json\/wp\/v2\/comments?post=10152"}],"version-history":[{"count":61,"href":"https:\/\/www.ecgffr.ch\/de\/wp-json\/wp\/v2\/pages\/10152\/revisions"}],"predecessor-version":[{"id":13324,"href":"https:\/\/www.ecgffr.ch\/de\/wp-json\/wp\/v2\/pages\/10152\/revisions\/13324"}],"up":[{"embeddable":true,"href":"https:\/\/www.ecgffr.ch\/de\/wp-json\/wp\/v2\/pages\/4992"}],"wp:attachment":[{"href":"https:\/\/www.ecgffr.ch\/de\/wp-json\/wp\/v2\/media?parent=10152"}],"curies":[{"name":"wp","href":"https:\/\/api.w.org\/{rel}","templated":true}]}}