{"id":15125,"date":"2025-10-10T11:52:36","date_gmt":"2025-10-10T09:52:36","guid":{"rendered":"https:\/\/www.ecgffr.ch\/?page_id=15125"},"modified":"2026-03-03T11:42:30","modified_gmt":"2026-03-03T10:42:30","slug":"fachmaturitaet-naturwissenschaften","status":"publish","type":"page","link":"https:\/\/www.ecgffr.ch\/de\/ausbildungen\/fachmaturitaet-naturwissenschaften\/","title":{"rendered":"Fachmaturit\u00e4t Naturwissenschaften"},"content":{"rendered":"\t\t<div data-elementor-type=\"wp-page\" data-elementor-id=\"15125\" class=\"elementor elementor-15125 elementor-15124\" data-elementor-post-type=\"page\">\n\t\t\t\t\t\t<section class=\"elementor-section elementor-top-section elementor-element elementor-element-13c26e6 elementor-section-height-min-height elementor-section-boxed elementor-section-height-default elementor-section-items-middle\" data-id=\"13c26e6\" data-element_type=\"section\" data-settings=\"{&quot;background_background&quot;:&quot;classic&quot;}\">\n\t\t\t\t\t\t\t<div class=\"elementor-background-overlay\"><\/div>\n\t\t\t\t\t\t\t<div class=\"elementor-container elementor-column-gap-default\">\n\t\t\t\t\t<div class=\"elementor-column elementor-col-100 elementor-top-column elementor-element elementor-element-ff95641\" data-id=\"ff95641\" data-element_type=\"column\">\n\t\t\t<div class=\"elementor-widget-wrap elementor-element-populated\">\n\t\t\t\t\t\t<div class=\"elementor-element elementor-element-c754e65 elementor-widget elementor-widget-heading\" data-id=\"c754e65\" data-element_type=\"widget\" data-widget_type=\"heading.default\">\n\t\t\t\t<div class=\"elementor-widget-container\">\n\t\t\t\t\t<h4 class=\"elementor-heading-title elementor-size-default\">Ausbildung - FMGE-NW<\/h4>\t\t\t\t<\/div>\n\t\t\t\t<\/div>\n\t\t\t\t<div class=\"elementor-element elementor-element-0f237c6 elementor-widget elementor-widget-heading\" data-id=\"0f237c6\" data-element_type=\"widget\" data-widget_type=\"heading.default\">\n\t\t\t\t<div class=\"elementor-widget-container\">\n\t\t\t\t\t<h1 class=\"elementor-heading-title elementor-size-default\">Fachmaturit\u00e4t Naturwissenschaften (FMGE-NW)<\/h1>\t\t\t\t<\/div>\n\t\t\t\t<\/div>\n\t\t\t\t<div class=\"elementor-element elementor-element-1620e9b elementor-icon-list--layout-inline elementor-align-center elementor-list-item-link-full_width elementor-widget elementor-widget-icon-list\" data-id=\"1620e9b\" data-element_type=\"widget\" data-widget_type=\"icon-list.default\">\n\t\t\t\t<div class=\"elementor-widget-container\">\n\t\t\t\t\t\t\t<ul class=\"elementor-icon-list-items elementor-inline-items\">\n\t\t\t\t\t\t\t<li class=\"elementor-icon-list-item elementor-inline-item\">\n\t\t\t\t\t\t\t\t\t\t\t<a href=\"https:\/\/www.ecgffr.ch\/fr\/formations\/\">\n\n\t\t\t\t\t\t\t\t\t\t\t\t<span class=\"elementor-icon-list-icon\">\n\t\t\t\t\t\t\t<i aria-hidden=\"true\" class=\"fas fa-long-arrow-alt-left\"><\/i>\t\t\t\t\t\t<\/span>\n\t\t\t\t\t\t\t\t\t\t<span class=\"elementor-icon-list-text\">Zur\u00fcck zu Ausbildungen<\/span>\n\t\t\t\t\t\t\t\t\t\t\t<\/a>\n\t\t\t\t\t\t\t\t\t<\/li>\n\t\t\t\t\t\t<\/ul>\n\t\t\t\t\t\t<\/div>\n\t\t\t\t<\/div>\n\t\t\t\t\t<\/div>\n\t\t<\/div>\n\t\t\t\t\t<\/div>\n\t\t<\/section>\n\t\t\t\t<section class=\"elementor-section elementor-top-section elementor-element elementor-element-e5bb963 elementor-section-boxed elementor-section-height-default elementor-section-height-default\" data-id=\"e5bb963\" data-element_type=\"section\">\n\t\t\t\t\t\t<div class=\"elementor-container elementor-column-gap-default\">\n\t\t\t\t\t<div class=\"elementor-column elementor-col-100 elementor-top-column elementor-element elementor-element-5f9c5df\" data-id=\"5f9c5df\" data-element_type=\"column\">\n\t\t\t<div class=\"elementor-widget-wrap elementor-element-populated\">\n\t\t\t\t\t\t<section class=\"elementor-section elementor-inner-section elementor-element elementor-element-602625b elementor-section-boxed elementor-section-height-default elementor-section-height-default\" data-id=\"602625b\" data-element_type=\"section\">\n\t\t\t\t\t\t<div class=\"elementor-container elementor-column-gap-default\">\n\t\t\t\t\t<div class=\"elementor-column elementor-col-50 elementor-inner-column elementor-element elementor-element-0917726\" data-id=\"0917726\" data-element_type=\"column\">\n\t\t\t<div class=\"elementor-widget-wrap elementor-element-populated\">\n\t\t\t\t\t\t<div class=\"elementor-element elementor-element-d6547b7 elementor-widget elementor-widget-image\" data-id=\"d6547b7\" data-element_type=\"widget\" data-widget_type=\"image.default\">\n\t\t\t\t<div class=\"elementor-widget-container\">\n\t\t\t\t\t\t\t\t\t\t\t\t\t\t\t<img decoding=\"async\" src=\"https:\/\/www.ecgffr.ch\/wp-content\/uploads\/elementor\/thumbs\/national-cancer-institute-uVnRa6mOLOM-unsplash-scaled-rczw1neprgfd9fsee8myspwp6gwa7a2wrqa8s2zf3c.jpg\" title=\"national-cancer-institute-uVnRa6mOLOM-unsplash\" alt=\"national-cancer-institute-uVnRa6mOLOM-unsplash\" loading=\"lazy\" \/>\t\t\t\t\t\t\t\t\t\t\t\t\t\t\t<\/div>\n\t\t\t\t<\/div>\n\t\t\t\t\t<\/div>\n\t\t<\/div>\n\t\t\t\t<div class=\"elementor-column elementor-col-50 elementor-inner-column elementor-element elementor-element-34ee05d\" data-id=\"34ee05d\" data-element_type=\"column\">\n\t\t\t<div class=\"elementor-widget-wrap elementor-element-populated\">\n\t\t\t\t\t\t<div class=\"elementor-element elementor-element-c04d4a4 elementor-widget elementor-widget-heading\" data-id=\"c04d4a4\" data-element_type=\"widget\" data-widget_type=\"heading.default\">\n\t\t\t\t<div class=\"elementor-widget-container\">\n\t\t\t\t\t<h4 class=\"elementor-heading-title elementor-size-default\">FMGE-NW<\/h4>\t\t\t\t<\/div>\n\t\t\t\t<\/div>\n\t\t\t\t<div class=\"elementor-element elementor-element-b888869 elementor-widget elementor-widget-heading\" data-id=\"b888869\" data-element_type=\"widget\" data-widget_type=\"heading.default\">\n\t\t\t\t<div class=\"elementor-widget-container\">\n\t\t\t\t\t<h3 class=\"elementor-heading-title elementor-size-default\">Fachmaturit\u00e4t Berufsfeld Gesundheit\/Naturwissenschaften, Ausrichtung Naturwissenschaften<\/h3>\t\t\t\t<\/div>\n\t\t\t\t<\/div>\n\t\t\t\t<div class=\"elementor-element elementor-element-9f3aa55 elementor-widget elementor-widget-text-editor\" data-id=\"9f3aa55\" data-element_type=\"widget\" data-widget_type=\"text-editor.default\">\n\t\t\t\t<div class=\"elementor-widget-container\">\n\t\t\t\t\t\t\t\t\t<p>Der vollst\u00e4ndige offizielle Name lautet Fachmaturit\u00e4t Berufsfeld Gesundheit\/Naturwissenschaften, Ausrichtung Naturwissenschaften. An der FMSF wird sie kurz als \u201e<strong>Fachmaturit\u00e4t Naturwissenschaften<\/strong>\u201d (FMGE-NW) bezeichnet und bildet spezifisch f\u00fcr die Aufnahme in die Fachhochschulen (FH) im Bereich Chemie und Life Sciences aus.<\/p><p>Die Ausbildung richtet sich nur an Personen mit einem Fachmittelschulausweis im Bereich Gesundheit\/Naturwissenschaften.<\/p>\t\t\t\t\t\t\t\t<\/div>\n\t\t\t\t<\/div>\n\t\t\t\t\t<\/div>\n\t\t<\/div>\n\t\t\t\t\t<\/div>\n\t\t<\/section>\n\t\t\t\t\t<\/div>\n\t\t<\/div>\n\t\t\t\t\t<\/div>\n\t\t<\/section>\n\t\t\t\t<section class=\"elementor-section elementor-top-section elementor-element elementor-element-4d79ad5 elementor-section-boxed elementor-section-height-default elementor-section-height-default\" data-id=\"4d79ad5\" data-element_type=\"section\">\n\t\t\t\t\t\t<div class=\"elementor-container elementor-column-gap-default\">\n\t\t\t\t\t<div class=\"elementor-column elementor-col-100 elementor-top-column elementor-element elementor-element-1a670c8\" data-id=\"1a670c8\" data-element_type=\"column\">\n\t\t\t<div class=\"elementor-widget-wrap elementor-element-populated\">\n\t\t\t\t\t\t<section class=\"elementor-section elementor-inner-section elementor-element elementor-element-45a75bd elementor-section-boxed elementor-section-height-default elementor-section-height-default\" data-id=\"45a75bd\" data-element_type=\"section\">\n\t\t\t\t\t\t<div class=\"elementor-container elementor-column-gap-default\">\n\t\t\t\t\t<div class=\"elementor-column elementor-col-100 elementor-inner-column elementor-element elementor-element-d5de5c6\" data-id=\"d5de5c6\" data-element_type=\"column\">\n\t\t\t<div class=\"elementor-widget-wrap elementor-element-populated\">\n\t\t\t\t\t\t<div class=\"elementor-element elementor-element-977eb99 uael-faq-box-layout-yes align-at-left elementor-widget elementor-widget-uael-faq\" data-id=\"977eb99\" data-element_type=\"widget\" data-widget_type=\"uael-faq.default\">\n\t\t\t\t<div class=\"elementor-widget-container\">\n\t\t\t\t\t\n\t\t\t<div id='uael-faq-wrapper-158' class=\"uael-faq-wrapper\">\n\t\t\t\t<div class=\"uael-faq-container uael-faq-layout-accordion\" data-layout=\"accordion\" >\n\t\t\t\t\t\t\t\t\t\t\t\t<div id=\"uael-accordion-bb794e1\" class=\"uael-faq-accordion\" role=\"tablist\">\n\t\t\t\t\t\t\t\t<div class= \"uael-accordion-title\" aria-expanded=\"false\" role=\"tab\">\n\t\t\t\t\t\t\t\t\t<span class=\"uael-accordion-icon uael-accordion-icon-left\">\n\t\t\t\t\t\t\t\t\t\t<span class=\"uael-accordion-icon-closed\"><i class=\"fas fa-long-arrow-alt-right\"><\/i><\/span>\n\t\t\t\t\t\t\t\t\t\t<span class=\"uael-accordion-icon-opened\"><i class=\"fas fa-angle-up\"><\/i><\/span>\n\t\t\t\t\t\t\t\t\t<\/span>\n\t\t\t\t\t\t\t\t\t<span class=\"uael-question-bb794e1 uael-question-span\" tabindex=\"0\" id=\"uael-faq-1-69f17f3ca9c14\">Ausbildung<\/span>\n\t\t\t\t\t\t\t\t<\/div>\n\t\t\t\t\t\t\t\t<div class=\"uael-accordion-content\" role=\"tabpanel\">\n\t\t\t\t\t\t\t\t\t<span>\n\t\t\t\t\t\t\t\t\t<span><p>Die Ausbildung wird in Zusammenarbeit mit der Hochschule f\u00fcr Technik und Architektur Freiburg (HTA-FR) angeboten und erm\u00f6glicht einen direkten Zugang zu den Studieng\u00e4ngen der Ingenieurshochschulen, insbesondere in den Bereichen Chemie und Biowissenschaften. Das FMGE-NW-Jahr umfasst:<\/p><p>\u00a0<\/p><ul><li>ein sechsw\u00f6chiges theoretisches und praktisches Vorbereitungsmodul an der HTA-FR, das mit einer theoretischen Pr\u00fcfung abgeschlossen wird. W\u00e4hrend des Praktikums organisiert die HTA-FR Kurse in angewandter Mathematik (Pr\u00e4senz- oder Fernunterricht)<\/li><li>ein 26-w\u00f6chiges Berufspraktikum in einem Unternehmen oder einer Einrichtung aus dem Bereich der Naturwissenschaften, um einen Einblick in die Arbeitswelt zu erhalten. Der\/Die Sch\u00fcler\/in ist selbst daf\u00fcr verantwortlich, einen Praktikumsplatz zu finden.\u00a0<\/li><li>das Verfassen einer Fachmaturit\u00e4tsarbeit<\/li><\/ul><\/span>\t\t\t\t\t\t\t\t\t<\/span>\n\t\t\t\t\t\t\t\t<\/div>\n\t\t\t\t\t\t\t<\/div>\n\t\t\t\t\t\t\t\t\t\t\t\t\t\t<div id=\"uael-accordion-d6ccb3f\" class=\"uael-faq-accordion\" role=\"tablist\">\n\t\t\t\t\t\t\t\t<div class= \"uael-accordion-title\" aria-expanded=\"false\" role=\"tab\">\n\t\t\t\t\t\t\t\t\t<span class=\"uael-accordion-icon uael-accordion-icon-left\">\n\t\t\t\t\t\t\t\t\t\t<span class=\"uael-accordion-icon-closed\"><i class=\"fas fa-long-arrow-alt-right\"><\/i><\/span>\n\t\t\t\t\t\t\t\t\t\t<span class=\"uael-accordion-icon-opened\"><i class=\"fas fa-angle-up\"><\/i><\/span>\n\t\t\t\t\t\t\t\t\t<\/span>\n\t\t\t\t\t\t\t\t\t<span class=\"uael-question-d6ccb3f uael-question-span\" tabindex=\"0\" id=\"uael-faq-2-69f17f3ca9c5d\">Aufnahme und Einschreibung<\/span>\n\t\t\t\t\t\t\t\t<\/div>\n\t\t\t\t\t\t\t\t<div class=\"uael-accordion-content\" role=\"tabpanel\">\n\t\t\t\t\t\t\t\t\t<span>\n\t\t\t\t\t\t\t\t\t<span><p><strong>Einschreibung<\/strong><\/p><p>F\u00fcr alle BewerberInnen gilt als Anmeldeschluss der\u00a0<strong>15. Februar<\/strong>\u00a0f\u00fcr den Studienbeginn im September.<\/p><p>\u00a0<\/p><p>Die Online-Anmeldung ist ab dem 15. Januar f\u00fcr den Schulbeginn im September m\u00f6glich. Wir versenden keine Empfangsbest\u00e4tigung. Eine Antwort wird unmittelbar nach Ablauf der Anmeldefrist verschickt.<\/p><p>\u00a0<\/p><p>Achtung: Die Einschreibung in die FMGE-NW wird <strong>erst nach Abgabe des Arbeitsvertrags<\/strong> des Unternehmens oder der Institution im Berufsfeld Naturwissenschaften <strong>g\u00fcltig<\/strong>. Der Vertrag muss\u00a0<strong>bis zum 15. Mai<\/strong>\u00a0des Jahres, in dem die Ausbildung beginnt, eingereicht werden.<\/p><p>\u00a0<\/p><p><strong>Zulassung<\/strong><\/p><p>Zugelassen sind Sch\u00fclerinnen und Sch\u00fcler mit einem Fachmittelschulausweis im Bereich Gesundheit\/Naturwissenschaften innerhalb von drei Jahren nach Erhalt des genannten Fachmittelschulausweises.<\/p><p>Die Sch\u00fclerinnen und Sch\u00fcler der 3.\u00a0Klassen schreiben sich online \u00fcber das ISA-Portal ein.<\/p><p>\u00a0<\/p><p>Inhaberinnen und Inhaber eines Fachmittelschulausweises im Bereich Gesundheit\/Naturwissenschaften, die die FMSF verlassen haben und f\u00fcr eine Aufnahme in Frage kommen, richten einen Antrag per E-Mail an die Schulleitung (<a href=\"mailto:ecgf-fmsf@edufr.ch\">ecgf-fmsf@edufr.ch<\/a>) und geben eine E-Mail-Adresse f\u00fcr die Zusendung des FMGE-NW-Anmeldeformulars an.<\/p><p>\u00a0<\/p><p>Inhaberinnen und Inhaber eines Fachmittelschulausweises aus einem anderen Bereich sind verpflichtet, das 3.\u00a0Jahr im Berufsfeld Gesundheit\/Naturwissenschaften zu wiederholen.<\/p><p>\u00a0<\/p><p>Inhaberinnen und Inhaber einer anderen Fachmaturit\u00e4t, die in die Fachhochschulen (FH) im Berufsfeld Naturwissenschaften eintreten m\u00f6chten, wenden sich direkt an die betroffene Schule f\u00fcr eine Anmeldung zu den Zusatzmodulen.<\/p><\/span>\t\t\t\t\t\t\t\t\t<\/span>\n\t\t\t\t\t\t\t\t<\/div>\n\t\t\t\t\t\t\t<\/div>\n\t\t\t\t\t\t\t\t\t\t\t\t\t\t<div id=\"uael-accordion-eb958f0\" class=\"uael-faq-accordion\" role=\"tablist\">\n\t\t\t\t\t\t\t\t<div class= \"uael-accordion-title\" aria-expanded=\"false\" role=\"tab\">\n\t\t\t\t\t\t\t\t\t<span class=\"uael-accordion-icon uael-accordion-icon-left\">\n\t\t\t\t\t\t\t\t\t\t<span class=\"uael-accordion-icon-closed\"><i class=\"fas fa-long-arrow-alt-right\"><\/i><\/span>\n\t\t\t\t\t\t\t\t\t\t<span class=\"uael-accordion-icon-opened\"><i class=\"fas fa-angle-up\"><\/i><\/span>\n\t\t\t\t\t\t\t\t\t<\/span>\n\t\t\t\t\t\t\t\t\t<span class=\"uael-question-eb958f0 uael-question-span\" tabindex=\"0\" id=\"uael-faq-3-69f17f3ca9c84\">Ausbildungskosten<\/span>\n\t\t\t\t\t\t\t\t<\/div>\n\t\t\t\t\t\t\t\t<div class=\"uael-accordion-content\" role=\"tabpanel\">\n\t\t\t\t\t\t\t\t\t<span>\n\t\t\t\t\t\t\t\t\t<span><p>Die Ausbildungskosten umfassen das Schulgeld, die Pr\u00fcfungsgeb\u00fchren und verschiedene Kosten.<\/p><p>\u00a0<\/p><ul><li>Schulgeld : gem\u00e4ss dem Beschluss des Staatsrats zur Festlegung der Schulgeb\u00fchren der S2<\/li><li>Pr\u00fcfungsgeb\u00fchr : gem\u00e4ss dem Beschluss des Staatsrats \u00fcber die Festlegung der Geb\u00fchren f\u00fcr die Abschlusspr\u00fcfungen der S2<\/li><li>Kosten: Schulmaterial<\/li><\/ul><\/span>\t\t\t\t\t\t\t\t\t<\/span>\n\t\t\t\t\t\t\t\t<\/div>\n\t\t\t\t\t\t\t<\/div>\n\t\t\t\t\t\t\t\t\t\t\t\t\t\t<div id=\"uael-accordion-8209a29\" class=\"uael-faq-accordion\" role=\"tablist\">\n\t\t\t\t\t\t\t\t<div class= \"uael-accordion-title\" aria-expanded=\"false\" role=\"tab\">\n\t\t\t\t\t\t\t\t\t<span class=\"uael-accordion-icon uael-accordion-icon-left\">\n\t\t\t\t\t\t\t\t\t\t<span class=\"uael-accordion-icon-closed\"><i class=\"fas fa-long-arrow-alt-right\"><\/i><\/span>\n\t\t\t\t\t\t\t\t\t\t<span class=\"uael-accordion-icon-opened\"><i class=\"fas fa-angle-up\"><\/i><\/span>\n\t\t\t\t\t\t\t\t\t<\/span>\n\t\t\t\t\t\t\t\t\t<span class=\"uael-question-8209a29 uael-question-span\" tabindex=\"0\" id=\"uael-faq-4-69f17f3ca9ca6\">Fachmaturit\u00e4tsarbeit Gesundheit\/Naturwissenschaften, Ausrichtung Naturwissenschaften (FMAGE-NW)<\/span>\n\t\t\t\t\t\t\t\t<\/div>\n\t\t\t\t\t\t\t\t<div class=\"uael-accordion-content\" role=\"tabpanel\">\n\t\t\t\t\t\t\t\t\t<span>\n\t\t\t\t\t\t\t\t\t<span><p>Die Durchf\u00fchrung der FMAGE-NW f\u00fchrt die Sch\u00fclerinnen\/den Sch\u00fcler dazu, Selbstst\u00e4ndigkeit zu demonstrieren und ein besseres Verst\u00e4ndnis der spezifisch erlebten praktischen Erfahrung und der gew\u00e4hlten Fragestellung zu erlangen sowie eine kritische Reflexion \u00fcber die Entwicklung ihrer Positionierung in Bezug auf die eigene Berufspraxis und das eigene Berufsprojekt zu entwickeln. Bei der Durchf\u00fchrung dieser Arbeit wird die Sch\u00fclerin\/der Sch\u00fcler von einer Lehrperson der FMSF (Begleitperson) und einer Praktikumsbegleitperson des Unternehmens oder der Institution (Referenzperson) betreut.<\/p><p>\u00a0<\/p><p>Das Schreiben der FMAGE-NW erfolgt am Ende der praktischen Erfahrung und dauert vier Wochen. Die schriftliche Arbeit ist in zwei Teile gegliedert:<\/p><p>\u00a0<\/p><ul><li>Praktikumsbericht mit einer Pr\u00e4sentation (Beschreibung und Reflexion) des Praktikumsortes, der Rolle des Praktikanten sowie bedeutenden Elementen aus der spezifischen praktischen Erfahrung.<\/li><li>Pers\u00f6nliche Analyse, die aus einer eingehenden Analyse einer Fragestellung aus der spezifischen praktischen Erfahrung besteht.<\/li><\/ul><p>\u00a0<\/p><p>Die m\u00fcndliche Pr\u00e4sentation findet statt, nachdem der schriftliche Teil erworben wurde. Der allgemeine Rahmen, der Inhalt und die Bedingungen f\u00fcr die Bewertung der FMAGE-NW werden in den zus\u00e4tzlichen Bestimmungen festgelegt.<\/p><\/span>\t\t\t\t\t\t\t\t\t<\/span>\n\t\t\t\t\t\t\t\t<\/div>\n\t\t\t\t\t\t\t<\/div>\n\t\t\t\t\t\t\t\t\t\t\t\t\t\t<div id=\"uael-accordion-a32ad00\" class=\"uael-faq-accordion\" role=\"tablist\">\n\t\t\t\t\t\t\t\t<div class= \"uael-accordion-title\" aria-expanded=\"false\" role=\"tab\">\n\t\t\t\t\t\t\t\t\t<span class=\"uael-accordion-icon uael-accordion-icon-left\">\n\t\t\t\t\t\t\t\t\t\t<span class=\"uael-accordion-icon-closed\"><i class=\"fas fa-long-arrow-alt-right\"><\/i><\/span>\n\t\t\t\t\t\t\t\t\t\t<span class=\"uael-accordion-icon-opened\"><i class=\"fas fa-angle-up\"><\/i><\/span>\n\t\t\t\t\t\t\t\t\t<\/span>\n\t\t\t\t\t\t\t\t\t<span class=\"uael-question-a32ad00 uael-question-span\" tabindex=\"0\" id=\"uael-faq-5-69f17f3ca9cc6\">Bestehensnormen des Fachmaturit\u00e4tszeugnisses Naturwissenschaften<\/span>\n\t\t\t\t\t\t\t\t<\/div>\n\t\t\t\t\t\t\t\t<div class=\"uael-accordion-content\" role=\"tabpanel\">\n\t\t\t\t\t\t\t\t\t<span>\n\t\t\t\t\t\t\t\t\t<span><p>Die Bedingungen f\u00fcr das Bestehen des Fachmaturit\u00e4tszeugnisses ergeben sich aus dem Reglement \u00fcber die Fachmittelschulausbildung (FMSR) :<\/p><p>\u00a0<\/p><p><strong>Art. 55 -<\/strong>Bestehensnormen<\/p><p><sup>2 <\/sup>Die Fachmaturit\u00e4t Gesundheit\/Naturwissenschaften, Ausrichtung Naturwissenschaften, wird erlangt, wenn folgende Bedingungen gleichzeitig erf\u00fcllt sind:<\/p><p>a) die Vorbereitung auf das Praktikum ist positiv bewertet;<\/p><p>b) das spezifische Praktikum in einer Institution oder einem Unternehmen ist positiv bewertet;<\/p><p>c) die Note der Fachmaturit\u00e4tsarbeit ist mindestens 4,0.<\/p><\/span>\t\t\t\t\t\t\t\t\t<\/span>\n\t\t\t\t\t\t\t\t<\/div>\n\t\t\t\t\t\t\t<\/div>\n\t\t\t\t\t\t\t\t\t\t\t\t\t\t<div id=\"uael-accordion-d2c79c1\" class=\"uael-faq-accordion\" role=\"tablist\">\n\t\t\t\t\t\t\t\t<div class= \"uael-accordion-title\" aria-expanded=\"false\" role=\"tab\">\n\t\t\t\t\t\t\t\t\t<span class=\"uael-accordion-icon uael-accordion-icon-left\">\n\t\t\t\t\t\t\t\t\t\t<span class=\"uael-accordion-icon-closed\"><i class=\"fas fa-long-arrow-alt-right\"><\/i><\/span>\n\t\t\t\t\t\t\t\t\t\t<span class=\"uael-accordion-icon-opened\"><i class=\"fas fa-angle-up\"><\/i><\/span>\n\t\t\t\t\t\t\t\t\t<\/span>\n\t\t\t\t\t\t\t\t\t<span class=\"uael-question-d2c79c1 uael-question-span\" tabindex=\"0\" id=\"uael-faq-6-69f17f3ca9ce6\">Kontakt<\/span>\n\t\t\t\t\t\t\t\t<\/div>\n\t\t\t\t\t\t\t\t<div class=\"uael-accordion-content\" role=\"tabpanel\">\n\t\t\t\t\t\t\t\t\t<span>\n\t\t\t\t\t\t\t\t\t<span><p>F\u00fcr weitere Informationen wenden Sie sich bitte an Frau Fran\u00e7oise Steffes, Vorsteherin FM, +41 26 305 65 14, francoise.steffes@edufr.ch<\/p><\/span>\t\t\t\t\t\t\t\t\t<\/span>\n\t\t\t\t\t\t\t\t<\/div>\n\t\t\t\t\t\t\t<\/div>\n\t\t\t\t\t\t\t\t\t\t\t<\/div>\n\t\t\t<\/div>\n\t\t\t\t\t\t\t<\/div>\n\t\t\t\t<\/div>\n\t\t\t\t\t<\/div>\n\t\t<\/div>\n\t\t\t\t\t<\/div>\n\t\t<\/section>\n\t\t\t\t\t<\/div>\n\t\t<\/div>\n\t\t\t\t\t<\/div>\n\t\t<\/section>\n\t\t\t\t<\/div>\n\t\t","protected":false},"excerpt":{"rendered":"<p>Ausbildung &#8211; FMGE-NW Fachmaturit\u00e4t Naturwissenschaften (FMGE-NW) Zur\u00fcck zu Ausbildungen FMGE-NW Fachmaturit\u00e4t Berufsfeld Gesundheit\/Naturwissenschaften, Ausrichtung Naturwissenschaften Der vollst\u00e4ndige offizielle Name lautet Fachmaturit\u00e4t Berufsfeld Gesundheit\/Naturwissenschaften, Ausrichtung Naturwissenschaften. An der FMSF wird sie kurz als \u201eFachmaturit\u00e4t Naturwissenschaften\u201d (FMGE-NW) bezeichnet und bildet spezifisch f\u00fcr die Aufnahme in die Fachhochschulen (FH) im Bereich Chemie und Life Sciences aus. Die Ausbildung [&hellip;]<\/p>\n","protected":false},"author":2,"featured_media":0,"parent":4622,"menu_order":0,"comment_status":"closed","ping_status":"closed","template":"","meta":{"site-sidebar-layout":"no-sidebar","site-content-layout":"page-builder","ast-site-content-layout":"default","site-content-style":"default","site-sidebar-style":"default","ast-global-header-display":"","ast-banner-title-visibility":"","ast-main-header-display":"","ast-hfb-above-header-display":"","ast-hfb-below-header-display":"","ast-hfb-mobile-header-display":"","site-post-title":"disabled","ast-breadcrumbs-content":"","ast-featured-img":"disabled","footer-sml-layout":"","ast-disable-related-posts":"","theme-transparent-header-meta":"","adv-header-id-meta":"","stick-header-meta":"","header-above-stick-meta":"","header-main-stick-meta":"","header-below-stick-meta":"","astra-migrate-meta-layouts":"set","ast-page-background-enabled":"default","ast-page-background-meta":{"desktop":{"background-color":"var(--ast-global-color-4)","background-image":"","background-repeat":"repeat","background-position":"center center","background-size":"auto","background-attachment":"scroll","background-type":"","background-media":"","overlay-type":"","overlay-color":"","overlay-opacity":"","overlay-gradient":""},"tablet":{"background-color":"","background-image":"","background-repeat":"repeat","background-position":"center center","background-size":"auto","background-attachment":"scroll","background-type":"","background-media":"","overlay-type":"","overlay-color":"","overlay-opacity":"","overlay-gradient":""},"mobile":{"background-color":"","background-image":"","background-repeat":"repeat","background-position":"center center","background-size":"auto","background-attachment":"scroll","background-type":"","background-media":"","overlay-type":"","overlay-color":"","overlay-opacity":"","overlay-gradient":""}},"ast-content-background-meta":{"desktop":{"background-color":"var(--ast-global-color-5)","background-image":"","background-repeat":"repeat","background-position":"center center","background-size":"auto","background-attachment":"scroll","background-type":"","background-media":"","overlay-type":"","overlay-color":"","overlay-opacity":"","overlay-gradient":""},"tablet":{"background-color":"var(--ast-global-color-5)","background-image":"","background-repeat":"repeat","background-position":"center center","background-size":"auto","background-attachment":"scroll","background-type":"","background-media":"","overlay-type":"","overlay-color":"","overlay-opacity":"","overlay-gradient":""},"mobile":{"background-color":"var(--ast-global-color-5)","background-image":"","background-repeat":"repeat","background-position":"center center","background-size":"auto","background-attachment":"scroll","background-type":"","background-media":"","overlay-type":"","overlay-color":"","overlay-opacity":"","overlay-gradient":""}},"footnotes":""},"class_list":["post-15125","page","type-page","status-publish","hentry"],"_links":{"self":[{"href":"https:\/\/www.ecgffr.ch\/de\/wp-json\/wp\/v2\/pages\/15125","targetHints":{"allow":["GET"]}}],"collection":[{"href":"https:\/\/www.ecgffr.ch\/de\/wp-json\/wp\/v2\/pages"}],"about":[{"href":"https:\/\/www.ecgffr.ch\/de\/wp-json\/wp\/v2\/types\/page"}],"author":[{"embeddable":true,"href":"https:\/\/www.ecgffr.ch\/de\/wp-json\/wp\/v2\/users\/2"}],"replies":[{"embeddable":true,"href":"https:\/\/www.ecgffr.ch\/de\/wp-json\/wp\/v2\/comments?post=15125"}],"version-history":[{"count":20,"href":"https:\/\/www.ecgffr.ch\/de\/wp-json\/wp\/v2\/pages\/15125\/revisions"}],"predecessor-version":[{"id":15746,"href":"https:\/\/www.ecgffr.ch\/de\/wp-json\/wp\/v2\/pages\/15125\/revisions\/15746"}],"up":[{"embeddable":true,"href":"https:\/\/www.ecgffr.ch\/de\/wp-json\/wp\/v2\/pages\/4622"}],"wp:attachment":[{"href":"https:\/\/www.ecgffr.ch\/de\/wp-json\/wp\/v2\/media?parent=15125"}],"curies":[{"name":"wp","href":"https:\/\/api.w.org\/{rel}","templated":true}]}}