{"id":4942,"date":"2022-12-11T22:05:29","date_gmt":"2022-12-11T21:05:29","guid":{"rendered":"http:\/\/www.ecgffr.ch\/schuelerressourcen\/nachteilsausgleichsmassnahmen\/"},"modified":"2025-08-25T15:42:00","modified_gmt":"2025-08-25T13:42:00","slug":"nachteilsausgleichsmassnahmen","status":"publish","type":"page","link":"https:\/\/www.ecgffr.ch\/de\/schuelerressourcen\/nachteilsausgleichsmassnahmen\/","title":{"rendered":"Nachteilsausgleichsmassnahmen"},"content":{"rendered":"\t\t<div data-elementor-type=\"wp-page\" data-elementor-id=\"4942\" class=\"elementor elementor-4942 elementor-684\" data-elementor-post-type=\"page\">\n\t\t\t\t\t\t<section class=\"elementor-section elementor-top-section elementor-element elementor-element-13c26e6 elementor-section-height-min-height elementor-section-boxed elementor-section-height-default elementor-section-items-middle\" data-id=\"13c26e6\" data-element_type=\"section\" data-settings=\"{&quot;background_background&quot;:&quot;classic&quot;}\">\n\t\t\t\t\t\t\t<div class=\"elementor-background-overlay\"><\/div>\n\t\t\t\t\t\t\t<div class=\"elementor-container elementor-column-gap-default\">\n\t\t\t\t\t<div class=\"elementor-column elementor-col-100 elementor-top-column elementor-element elementor-element-ff95641\" data-id=\"ff95641\" data-element_type=\"column\">\n\t\t\t<div class=\"elementor-widget-wrap elementor-element-populated\">\n\t\t\t\t\t\t<div class=\"elementor-element elementor-element-c754e65 elementor-widget elementor-widget-heading\" data-id=\"c754e65\" data-element_type=\"widget\" data-widget_type=\"heading.default\">\n\t\t\t\t<div class=\"elementor-widget-container\">\n\t\t\t\t\t<h4 class=\"elementor-heading-title elementor-size-default\">Sch\u00fclerressourcen<\/h4>\t\t\t\t<\/div>\n\t\t\t\t<\/div>\n\t\t\t\t<div class=\"elementor-element elementor-element-0f237c6 elementor-widget elementor-widget-heading\" data-id=\"0f237c6\" data-element_type=\"widget\" data-widget_type=\"heading.default\">\n\t\t\t\t<div class=\"elementor-widget-container\">\n\t\t\t\t\t<h1 class=\"elementor-heading-title elementor-size-default\">Nachteilsausgleichsmassnahmen<\/h1>\t\t\t\t<\/div>\n\t\t\t\t<\/div>\n\t\t\t\t<div class=\"elementor-element elementor-element-1620e9b elementor-icon-list--layout-inline elementor-align-center elementor-list-item-link-full_width elementor-widget elementor-widget-icon-list\" data-id=\"1620e9b\" data-element_type=\"widget\" data-widget_type=\"icon-list.default\">\n\t\t\t\t<div class=\"elementor-widget-container\">\n\t\t\t\t\t\t\t<ul class=\"elementor-icon-list-items elementor-inline-items\">\n\t\t\t\t\t\t\t<li class=\"elementor-icon-list-item elementor-inline-item\">\n\t\t\t\t\t\t\t\t\t\t\t<a href=\"https:\/\/www.ecgffr.ch\/fr\/ressources-eleves\/\">\n\n\t\t\t\t\t\t\t\t\t\t\t\t<span class=\"elementor-icon-list-icon\">\n\t\t\t\t\t\t\t<i aria-hidden=\"true\" class=\"fas fa-long-arrow-alt-left\"><\/i>\t\t\t\t\t\t<\/span>\n\t\t\t\t\t\t\t\t\t\t<span class=\"elementor-icon-list-text\">Zur\u00fcck zu Sch\u00fclerressourcen<\/span>\n\t\t\t\t\t\t\t\t\t\t\t<\/a>\n\t\t\t\t\t\t\t\t\t<\/li>\n\t\t\t\t\t\t<\/ul>\n\t\t\t\t\t\t<\/div>\n\t\t\t\t<\/div>\n\t\t\t\t\t<\/div>\n\t\t<\/div>\n\t\t\t\t\t<\/div>\n\t\t<\/section>\n\t\t\t\t<section class=\"elementor-section elementor-top-section elementor-element elementor-element-b6e739c elementor-section-boxed elementor-section-height-default elementor-section-height-default\" data-id=\"b6e739c\" data-element_type=\"section\">\n\t\t\t\t\t\t<div class=\"elementor-container elementor-column-gap-default\">\n\t\t\t\t\t<div class=\"elementor-column elementor-col-100 elementor-top-column elementor-element elementor-element-ef448e4\" data-id=\"ef448e4\" data-element_type=\"column\">\n\t\t\t<div class=\"elementor-widget-wrap elementor-element-populated\">\n\t\t\t\t\t\t<section class=\"elementor-section elementor-inner-section elementor-element elementor-element-982cbd8 elementor-section-boxed elementor-section-height-default elementor-section-height-default\" data-id=\"982cbd8\" data-element_type=\"section\">\n\t\t\t\t\t\t<div class=\"elementor-container elementor-column-gap-default\">\n\t\t\t\t\t<div class=\"elementor-column elementor-col-50 elementor-inner-column elementor-element elementor-element-ca692b7\" data-id=\"ca692b7\" data-element_type=\"column\">\n\t\t\t<div class=\"elementor-widget-wrap elementor-element-populated\">\n\t\t\t\t\t\t<div class=\"elementor-element elementor-element-da0da51 elementor-widget elementor-widget-image\" data-id=\"da0da51\" data-element_type=\"widget\" data-widget_type=\"image.default\">\n\t\t\t\t<div class=\"elementor-widget-container\">\n\t\t\t\t\t\t\t\t\t\t\t\t\t\t\t<img fetchpriority=\"high\" decoding=\"async\" width=\"338\" height=\"338\" src=\"https:\/\/www.ecgffr.ch\/wp-content\/uploads\/2023\/01\/mdc.png\" class=\"attachment-full size-full wp-image-2384\" alt=\"\" srcset=\"https:\/\/www.ecgffr.ch\/wp-content\/uploads\/2023\/01\/mdc.png 338w, https:\/\/www.ecgffr.ch\/wp-content\/uploads\/2023\/01\/mdc-300x300.png 300w, https:\/\/www.ecgffr.ch\/wp-content\/uploads\/2023\/01\/mdc-150x150.png 150w\" sizes=\"(max-width: 338px) 100vw, 338px\" \/>\t\t\t\t\t\t\t\t\t\t\t\t\t\t\t<\/div>\n\t\t\t\t<\/div>\n\t\t\t\t\t<\/div>\n\t\t<\/div>\n\t\t\t\t<div class=\"elementor-column elementor-col-50 elementor-inner-column elementor-element elementor-element-5734908\" data-id=\"5734908\" data-element_type=\"column\">\n\t\t\t<div class=\"elementor-widget-wrap elementor-element-populated\">\n\t\t\t\t\t\t<div class=\"elementor-element elementor-element-ea7a28c elementor-widget elementor-widget-heading\" data-id=\"ea7a28c\" data-element_type=\"widget\" data-widget_type=\"heading.default\">\n\t\t\t\t<div class=\"elementor-widget-container\">\n\t\t\t\t\t<h4 class=\"elementor-heading-title elementor-size-default\">NTA<\/h4>\t\t\t\t<\/div>\n\t\t\t\t<\/div>\n\t\t\t\t<div class=\"elementor-element elementor-element-7ab4d98 elementor-widget elementor-widget-heading\" data-id=\"7ab4d98\" data-element_type=\"widget\" data-widget_type=\"heading.default\">\n\t\t\t\t<div class=\"elementor-widget-container\">\n\t\t\t\t\t<h3 class=\"elementor-heading-title elementor-size-default\">Nachteilsausgleichsmassnahmen<\/h3>\t\t\t\t<\/div>\n\t\t\t\t<\/div>\n\t\t\t\t<div class=\"elementor-element elementor-element-c1e288a elementor-widget elementor-widget-text-editor\" data-id=\"c1e288a\" data-element_type=\"widget\" data-widget_type=\"text-editor.default\">\n\t\t\t\t<div class=\"elementor-widget-container\">\n\t\t\t\t\t\t\t\t\t<p>Massnahmen zum Nachteilsausgleich dienen dazu, behinderungsbedingte Benachteiligungen auszugleichen. Sie sind auf die individuelle Situation der Sch\u00fclerinnen und Sch\u00fcler abgestimmt und ber\u00fccksichtigen deren besondere Bed\u00fcrfnisse. Nachteilausgleichsmassnahmen m\u00fcssen verh\u00e4ltnism\u00e4ssig sein und dem Bildungsziel entsprechen. In Schulen der Sekundarstufe II (S2) k\u00f6nnen diese Massnahmen w\u00e4hrend des Unterrichts, bei Pr\u00fcfungen und\/oder bei Aufnahme- und Abschlussexamen angewendet werden<\/p>\t\t\t\t\t\t\t\t<\/div>\n\t\t\t\t<\/div>\n\t\t\t\t<div class=\"elementor-element elementor-element-a10a4ef elementor-widget elementor-widget-text-editor\" data-id=\"a10a4ef\" data-element_type=\"widget\" data-widget_type=\"text-editor.default\">\n\t\t\t\t<div class=\"elementor-widget-container\">\n\t\t\t\t\t\t\t\t\t<p>Es ist wichtig zu pr\u00e4zisieren, dass die Funktionsweise der S2 sich von derjenigen der obligatorischen Schule unterscheidet. Viele informelle Anpassungen oder Unterst\u00fctzungsmassnahmen, die in die Schulorganisation der Primar- oder Orientierungsstufe integriert sind, werden in den nachobligatorischen Bildungsg\u00e4ngen nicht automatisch fortgef\u00fchrt.<\/p>\t\t\t\t\t\t\t\t<\/div>\n\t\t\t\t<\/div>\n\t\t\t\t<div class=\"elementor-element elementor-element-ad00f99 elementor-widget elementor-widget-text-editor\" data-id=\"ad00f99\" data-element_type=\"widget\" data-widget_type=\"text-editor.default\">\n\t\t\t\t<div class=\"elementor-widget-container\">\n\t\t\t\t\t\t\t\t\t<p>Die von der S2 ausgestellten Abschl\u00fcsse sind von der EDK anerkannt: Die Kompetenzen und Ziele sind in den nationalen Rahmenlehrpl\u00e4nen festgelegt und k\u00f6nnen daher weder reduziert noch angepasst werden. Dies bedeutet, dass die in der obligatorischen Schule gew\u00e4hrten Massnahmen zum Ausgleich von Beeintr\u00e4chtigungen von denen in der S2 abweichen k\u00f6nnen. Gem\u00e4ss den Richtlinien der BKAD zur Gew\u00e4hrung von Massnahmen zum Nachteilsausgleich, Artikel 2, Absatz 4, \u00absind die konkreten Massnahmen zum Nachteilsausgleich der individuellen Situation, dem Alter, dem Schulabschluss und der vom betroffenen Sch\u00fcler gew\u00e4hlten Ausbildung anzupassen\u00bb.<\/p><p>Sch\u00fclerinnen und Sch\u00fcler, die eine Ausgleichsmassnahme beantragen m\u00f6chten, m\u00fcssen bei der Anmeldung an unserer Schule ein offizielles Formular ausf\u00fcllen und das vorgesehene Verfahren befolgen. Der Antrag muss sich auf ein aktuelles, konformes externes Gutachten einer anerkannten Fachperson st\u00fctzen, aus dem die Auswirkungen der Beeintr\u00e4chtigung auf das Lernen und die Leistungen klar hervorgehen<\/p>\t\t\t\t\t\t\t\t<\/div>\n\t\t\t\t<\/div>\n\t\t\t\t\t<\/div>\n\t\t<\/div>\n\t\t\t\t\t<\/div>\n\t\t<\/section>\n\t\t\t\t\t<\/div>\n\t\t<\/div>\n\t\t\t\t\t<\/div>\n\t\t<\/section>\n\t\t\t\t<section class=\"elementor-section elementor-top-section elementor-element elementor-element-8ba2ab6 elementor-section-boxed elementor-section-height-default elementor-section-height-default\" data-id=\"8ba2ab6\" data-element_type=\"section\">\n\t\t\t\t\t\t<div class=\"elementor-container elementor-column-gap-no\">\n\t\t\t\t\t<div class=\"elementor-column elementor-col-100 elementor-top-column elementor-element elementor-element-7ee098c\" data-id=\"7ee098c\" data-element_type=\"column\">\n\t\t\t<div class=\"elementor-widget-wrap elementor-element-populated\">\n\t\t\t\t\t\t<section class=\"elementor-section elementor-inner-section elementor-element elementor-element-84ac90e elementor-section-content-middle elementor-section-boxed elementor-section-height-default elementor-section-height-default\" data-id=\"84ac90e\" data-element_type=\"section\" data-settings=\"{&quot;background_background&quot;:&quot;classic&quot;,&quot;shape_divider_top&quot;:&quot;tilt&quot;}\">\n\t\t\t\t\t<div class=\"elementor-shape elementor-shape-top\" aria-hidden=\"true\" data-negative=\"false\">\n\t\t\t<svg xmlns=\"http:\/\/www.w3.org\/2000\/svg\" viewBox=\"0 0 1000 100\" preserveAspectRatio=\"none\">\n\t<path class=\"elementor-shape-fill\" d=\"M0,6V0h1000v100L0,6z\"\/>\n<\/svg>\t\t<\/div>\n\t\t\t\t\t<div class=\"elementor-container elementor-column-gap-default\">\n\t\t\t\t\t<div class=\"elementor-column elementor-col-50 elementor-inner-column elementor-element elementor-element-53ebbb5\" data-id=\"53ebbb5\" data-element_type=\"column\">\n\t\t\t<div class=\"elementor-widget-wrap elementor-element-populated\">\n\t\t\t\t\t\t<div class=\"elementor-element elementor-element-5f01211 elementor-widget elementor-widget-heading\" data-id=\"5f01211\" data-element_type=\"widget\" data-widget_type=\"heading.default\">\n\t\t\t\t<div class=\"elementor-widget-container\">\n\t\t\t\t\t<h2 class=\"elementor-heading-title elementor-size-default\">Sch\u00fclerinnen und Sch\u00fcler, die Massnahmen zum Nachteilsausgleich in Anspruch nehmen m\u00f6chten, m\u00fcssen ein Formular ausf\u00fcllen und sich dabei an die vorgegebenen Schritte halten.<\/h2>\t\t\t\t<\/div>\n\t\t\t\t<\/div>\n\t\t\t\t<div class=\"elementor-element elementor-element-96981f3 elementor-widget elementor-widget-text-editor\" data-id=\"96981f3\" data-element_type=\"widget\" data-widget_type=\"text-editor.default\">\n\t\t\t\t<div class=\"elementor-widget-container\">\n\t\t\t\t\t\t\t\t\t<p>Dieser Antrag bezieht sich auf die Richtlinien der BKAD<br \/>In Bezug auf die Gew\u00e4hrung solcher Massnahmen.<\/p>\t\t\t\t\t\t\t\t<\/div>\n\t\t\t\t<\/div>\n\t\t\t\t\t<\/div>\n\t\t<\/div>\n\t\t\t\t<div class=\"elementor-column elementor-col-50 elementor-inner-column elementor-element elementor-element-f144c87\" data-id=\"f144c87\" data-element_type=\"column\">\n\t\t\t<div class=\"elementor-widget-wrap elementor-element-populated\">\n\t\t\t\t\t\t<div class=\"elementor-element elementor-element-906a49e elementor-align-right elementor-widget elementor-widget-button\" data-id=\"906a49e\" data-element_type=\"widget\" data-widget_type=\"button.default\">\n\t\t\t\t<div class=\"elementor-widget-container\">\n\t\t\t\t\t\t\t\t\t<div class=\"elementor-button-wrapper\">\n\t\t\t\t\t<a class=\"elementor-button elementor-button-link elementor-size-lg\" href=\"https:\/\/www.fr.ch\/de\/bildung-und-schulen\/mittelschulen\/nachteilsausgleich-in-den-mittelschulen-s2\" target=\"_blank\" rel=\"noopener\">\n\t\t\t\t\t\t<span class=\"elementor-button-content-wrapper\">\n\t\t\t\t\t\t\t\t\t<span class=\"elementor-button-text\">Beschreibung des Verfahrens und Dokumente zum Herunterladen<\/span>\n\t\t\t\t\t<\/span>\n\t\t\t\t\t<\/a>\n\t\t\t\t<\/div>\n\t\t\t\t\t\t\t\t<\/div>\n\t\t\t\t<\/div>\n\t\t\t\t\t<\/div>\n\t\t<\/div>\n\t\t\t\t\t<\/div>\n\t\t<\/section>\n\t\t\t\t<section class=\"elementor-section elementor-inner-section elementor-element elementor-element-5ce3166 elementor-section-boxed elementor-section-height-default elementor-section-height-default\" data-id=\"5ce3166\" data-element_type=\"section\">\n\t\t\t\t\t\t<div class=\"elementor-container elementor-column-gap-default\">\n\t\t\t\t\t<div class=\"elementor-column elementor-col-100 elementor-inner-column elementor-element elementor-element-1513c26\" data-id=\"1513c26\" data-element_type=\"column\">\n\t\t\t<div class=\"elementor-widget-wrap elementor-element-populated\">\n\t\t\t\t\t\t<div class=\"elementor-element elementor-element-6403d72 elementor-widget elementor-widget-heading\" data-id=\"6403d72\" data-element_type=\"widget\" data-widget_type=\"heading.default\">\n\t\t\t\t<div class=\"elementor-widget-container\">\n\t\t\t\t\t<h3 class=\"elementor-heading-title elementor-size-default\">Antr\u00e4ge, die nicht unter die Massnahmen zum Nachteilsausgleich fallen<\/h3>\t\t\t\t<\/div>\n\t\t\t\t<\/div>\n\t\t\t\t<div class=\"elementor-element elementor-element-2223334 elementor-widget elementor-widget-text-editor\" data-id=\"2223334\" data-element_type=\"widget\" data-widget_type=\"text-editor.default\">\n\t\t\t\t<div class=\"elementor-widget-container\">\n\t\t\t\t\t\t\t\t\t<p>Einige Antr\u00e4ge sind zwar aus menschlicher oder p\u00e4dagogischer Sicht berechtigt, fallen jedoch nicht unter die offiziellen Ausgleichsmassnahmen.<\/p><p>Es kann sich beispielsweise um Vorschl\u00e4ge \u201ef\u00fcr das Wohlbefinden des Sch\u00fclers oder der Sch\u00fclerin sorgen\u201c, \u201eeine wohlwollende Haltung einnehmen\u201c, \u201eseine oder ihre Emotionen ber\u00fccksichtigen\u201c oder \u201eToleranz gegen\u00fcber vergessenen Materialien oder vers\u00e4umten Fristen zeigen\u201c handeln.<\/p><p>Diese Elemente fallen in den Bereich des Schulklimas, des Bildungsprojekts der Einrichtung und der von den Lehrkr\u00e4ften erwarteten Professionalit\u00e4t. Sie erfordern keine formelle Verwaltungsentscheidung, da sie weder individualisierbar noch messbar oder rechtlich durchsetzbar sind.<\/p><p>Andere Forderungen wie \u201elernen zu lernen\u201c, \u201eseine oder ihre Arbeit organisieren\u201c oder \u201eLernstrategien entwickeln\u201c geh\u00f6ren hingegen in den Bereich der p\u00e4dagogischen Begleitung. Sie k\u00f6nnen im Rahmen von schulischen Mediationen oder durch die Betreuung durch externe Fachdienste umgesetzt werden.<\/p>\t\t\t\t\t\t\t\t<\/div>\n\t\t\t\t<\/div>\n\t\t\t\t\t<\/div>\n\t\t<\/div>\n\t\t\t\t\t<\/div>\n\t\t<\/section>\n\t\t\t\t\t<\/div>\n\t\t<\/div>\n\t\t\t\t\t<\/div>\n\t\t<\/section>\n\t\t\t\t<\/div>\n\t\t","protected":false},"excerpt":{"rendered":"<p>Sch\u00fclerressourcen Nachteilsausgleichsmassnahmen Zur\u00fcck zu Sch\u00fclerressourcen NTA Nachteilsausgleichsmassnahmen Massnahmen zum Nachteilsausgleich dienen dazu, behinderungsbedingte Benachteiligungen auszugleichen. Sie sind auf die individuelle Situation der Sch\u00fclerinnen und Sch\u00fcler abgestimmt und ber\u00fccksichtigen deren besondere Bed\u00fcrfnisse. Nachteilausgleichsmassnahmen m\u00fcssen verh\u00e4ltnism\u00e4ssig sein und dem Bildungsziel entsprechen. In Schulen der Sekundarstufe II (S2) k\u00f6nnen diese Massnahmen w\u00e4hrend des Unterrichts, bei Pr\u00fcfungen und\/oder bei [&hellip;]<\/p>\n","protected":false},"author":1,"featured_media":0,"parent":4862,"menu_order":0,"comment_status":"closed","ping_status":"closed","template":"","meta":{"site-sidebar-layout":"no-sidebar","site-content-layout":"page-builder","ast-site-content-layout":"default","site-content-style":"default","site-sidebar-style":"default","ast-global-header-display":"","ast-banner-title-visibility":"","ast-main-header-display":"","ast-hfb-above-header-display":"","ast-hfb-below-header-display":"","ast-hfb-mobile-header-display":"","site-post-title":"disabled","ast-breadcrumbs-content":"","ast-featured-img":"disabled","footer-sml-layout":"","ast-disable-related-posts":"","theme-transparent-header-meta":"","adv-header-id-meta":"","stick-header-meta":"","header-above-stick-meta":"","header-main-stick-meta":"","header-below-stick-meta":"","astra-migrate-meta-layouts":"default","ast-page-background-enabled":"default","ast-page-background-meta":{"desktop":{"background-color":"var(--ast-global-color-4)","background-image":"","background-repeat":"repeat","background-position":"center center","background-size":"auto","background-attachment":"scroll","background-type":"","background-media":"","overlay-type":"","overlay-color":"","overlay-opacity":"","overlay-gradient":""},"tablet":{"background-color":"","background-image":"","background-repeat":"repeat","background-position":"center center","background-size":"auto","background-attachment":"scroll","background-type":"","background-media":"","overlay-type":"","overlay-color":"","overlay-opacity":"","overlay-gradient":""},"mobile":{"background-color":"","background-image":"","background-repeat":"repeat","background-position":"center center","background-size":"auto","background-attachment":"scroll","background-type":"","background-media":"","overlay-type":"","overlay-color":"","overlay-opacity":"","overlay-gradient":""}},"ast-content-background-meta":{"desktop":{"background-color":"var(--ast-global-color-5)","background-image":"","background-repeat":"repeat","background-position":"center center","background-size":"auto","background-attachment":"scroll","background-type":"","background-media":"","overlay-type":"","overlay-color":"","overlay-opacity":"","overlay-gradient":""},"tablet":{"background-color":"var(--ast-global-color-5)","background-image":"","background-repeat":"repeat","background-position":"center center","background-size":"auto","background-attachment":"scroll","background-type":"","background-media":"","overlay-type":"","overlay-color":"","overlay-opacity":"","overlay-gradient":""},"mobile":{"background-color":"var(--ast-global-color-5)","background-image":"","background-repeat":"repeat","background-position":"center center","background-size":"auto","background-attachment":"scroll","background-type":"","background-media":"","overlay-type":"","overlay-color":"","overlay-opacity":"","overlay-gradient":""}},"footnotes":""},"class_list":["post-4942","page","type-page","status-publish","hentry"],"_links":{"self":[{"href":"https:\/\/www.ecgffr.ch\/de\/wp-json\/wp\/v2\/pages\/4942","targetHints":{"allow":["GET"]}}],"collection":[{"href":"https:\/\/www.ecgffr.ch\/de\/wp-json\/wp\/v2\/pages"}],"about":[{"href":"https:\/\/www.ecgffr.ch\/de\/wp-json\/wp\/v2\/types\/page"}],"author":[{"embeddable":true,"href":"https:\/\/www.ecgffr.ch\/de\/wp-json\/wp\/v2\/users\/1"}],"replies":[{"embeddable":true,"href":"https:\/\/www.ecgffr.ch\/de\/wp-json\/wp\/v2\/comments?post=4942"}],"version-history":[{"count":24,"href":"https:\/\/www.ecgffr.ch\/de\/wp-json\/wp\/v2\/pages\/4942\/revisions"}],"predecessor-version":[{"id":14869,"href":"https:\/\/www.ecgffr.ch\/de\/wp-json\/wp\/v2\/pages\/4942\/revisions\/14869"}],"up":[{"embeddable":true,"href":"https:\/\/www.ecgffr.ch\/de\/wp-json\/wp\/v2\/pages\/4862"}],"wp:attachment":[{"href":"https:\/\/www.ecgffr.ch\/de\/wp-json\/wp\/v2\/media?parent=4942"}],"curies":[{"name":"wp","href":"https:\/\/api.w.org\/{rel}","templated":true}]}}