{"id":4994,"date":"2022-12-12T18:12:21","date_gmt":"2022-12-12T17:12:21","guid":{"rendered":"http:\/\/www.ecgffr.ch\/schulische-aktivitaeten\/kulturelle-aktivitaeten\/"},"modified":"2024-11-19T08:36:25","modified_gmt":"2024-11-19T07:36:25","slug":"kulturelle-aktivitaeten","status":"publish","type":"page","link":"https:\/\/www.ecgffr.ch\/de\/schulische-aktivitaeten\/kulturelle-aktivitaeten\/","title":{"rendered":"Kulturelle Aktivit\u00e4ten"},"content":{"rendered":"\t\t<div data-elementor-type=\"wp-page\" data-elementor-id=\"4994\" class=\"elementor elementor-4994 elementor-1137\" data-elementor-post-type=\"page\">\n\t\t\t\t\t\t<section class=\"elementor-section elementor-top-section elementor-element elementor-element-a132928 elementor-section-height-min-height elementor-section-boxed elementor-section-height-default elementor-section-items-middle\" data-id=\"a132928\" data-element_type=\"section\" data-settings=\"{&quot;background_background&quot;:&quot;classic&quot;}\">\n\t\t\t\t\t\t\t<div class=\"elementor-background-overlay\"><\/div>\n\t\t\t\t\t\t\t<div class=\"elementor-container elementor-column-gap-default\">\n\t\t\t\t\t<div class=\"elementor-column elementor-col-100 elementor-top-column elementor-element elementor-element-a9ca4dc\" data-id=\"a9ca4dc\" data-element_type=\"column\">\n\t\t\t<div class=\"elementor-widget-wrap elementor-element-populated\">\n\t\t\t\t\t\t<div class=\"elementor-element elementor-element-a944bd4 elementor-widget elementor-widget-heading\" data-id=\"a944bd4\" data-element_type=\"widget\" data-widget_type=\"heading.default\">\n\t\t\t\t<div class=\"elementor-widget-container\">\n\t\t\t\t\t<h4 class=\"elementor-heading-title elementor-size-default\">Schulische Aktivit\u00e4ten - Kulturelle Aktivit\u00e4ten<\/h4>\t\t\t\t<\/div>\n\t\t\t\t<\/div>\n\t\t\t\t<div class=\"elementor-element elementor-element-5f2458b elementor-widget elementor-widget-heading\" data-id=\"5f2458b\" data-element_type=\"widget\" data-widget_type=\"heading.default\">\n\t\t\t\t<div class=\"elementor-widget-container\">\n\t\t\t\t\t<h1 class=\"elementor-heading-title elementor-size-default\">Kulturelle Aktivit\u00e4ten<\/h1>\t\t\t\t<\/div>\n\t\t\t\t<\/div>\n\t\t\t\t<div class=\"elementor-element elementor-element-a8f4c69 elementor-icon-list--layout-inline elementor-align-center elementor-list-item-link-full_width elementor-widget elementor-widget-icon-list\" data-id=\"a8f4c69\" data-element_type=\"widget\" data-widget_type=\"icon-list.default\">\n\t\t\t\t<div class=\"elementor-widget-container\">\n\t\t\t\t\t\t\t<ul class=\"elementor-icon-list-items elementor-inline-items\">\n\t\t\t\t\t\t\t<li class=\"elementor-icon-list-item elementor-inline-item\">\n\t\t\t\t\t\t\t\t\t\t\t<a href=\"https:\/\/www.ecgffr.ch\/fr\/vie-de-lecole\/\">\n\n\t\t\t\t\t\t\t\t\t\t\t\t<span class=\"elementor-icon-list-icon\">\n\t\t\t\t\t\t\t<i aria-hidden=\"true\" class=\"fas fa-long-arrow-alt-left\"><\/i>\t\t\t\t\t\t<\/span>\n\t\t\t\t\t\t\t\t\t\t<span class=\"elementor-icon-list-text\">Zur\u00fcck zu Schulische Aktivit\u00e4ten<\/span>\n\t\t\t\t\t\t\t\t\t\t\t<\/a>\n\t\t\t\t\t\t\t\t\t<\/li>\n\t\t\t\t\t\t<\/ul>\n\t\t\t\t\t\t<\/div>\n\t\t\t\t<\/div>\n\t\t\t\t\t<\/div>\n\t\t<\/div>\n\t\t\t\t\t<\/div>\n\t\t<\/section>\n\t\t\t\t<section class=\"elementor-section elementor-top-section elementor-element elementor-element-50a07b3 elementor-section-boxed elementor-section-height-default elementor-section-height-default\" data-id=\"50a07b3\" data-element_type=\"section\">\n\t\t\t\t\t\t<div class=\"elementor-container elementor-column-gap-default\">\n\t\t\t\t\t<div class=\"elementor-column elementor-col-100 elementor-top-column elementor-element elementor-element-c86b85c\" data-id=\"c86b85c\" data-element_type=\"column\">\n\t\t\t<div class=\"elementor-widget-wrap elementor-element-populated\">\n\t\t\t\t\t\t<div class=\"elementor-element elementor-element-26f24f8 elementor-widget elementor-widget-heading\" data-id=\"26f24f8\" data-element_type=\"widget\" data-widget_type=\"heading.default\">\n\t\t\t\t<div class=\"elementor-widget-container\">\n\t\t\t\t\t<h2 class=\"elementor-heading-title elementor-size-default\">Kulturelle Aktivit\u00e4ten<\/h2>\t\t\t\t<\/div>\n\t\t\t\t<\/div>\n\t\t\t\t<div class=\"elementor-element elementor-element-8321a89 elementor-widget elementor-widget-text-editor\" data-id=\"8321a89\" data-element_type=\"widget\" data-widget_type=\"text-editor.default\">\n\t\t\t\t<div class=\"elementor-widget-container\">\n\t\t\t\t\t\t\t\t\t<p>W\u00e4hrend dem ganzen Schuljahr nehmen die Sch\u00fclerinnen und Sch\u00fcler an vielf\u00e4ltigen kulturellen Aktivit\u00e4ten teil.<\/p>\t\t\t\t\t\t\t\t<\/div>\n\t\t\t\t<\/div>\n\t\t\t\t\t<\/div>\n\t\t<\/div>\n\t\t\t\t\t<\/div>\n\t\t<\/section>\n\t\t\t\t<section class=\"elementor-section elementor-top-section elementor-element elementor-element-b64f99e elementor-section-boxed elementor-section-height-default elementor-section-height-default\" data-id=\"b64f99e\" data-element_type=\"section\">\n\t\t\t\t\t\t<div class=\"elementor-container elementor-column-gap-default\">\n\t\t\t\t\t<div class=\"elementor-column elementor-col-100 elementor-top-column elementor-element elementor-element-07477fe\" data-id=\"07477fe\" data-element_type=\"column\">\n\t\t\t<div class=\"elementor-widget-wrap elementor-element-populated\">\n\t\t\t\t\t\t<section class=\"elementor-section elementor-inner-section elementor-element elementor-element-80f3d49 elementor-section-boxed elementor-section-height-default elementor-section-height-default\" data-id=\"80f3d49\" data-element_type=\"section\">\n\t\t\t\t\t\t<div class=\"elementor-container elementor-column-gap-default\">\n\t\t\t\t\t<div class=\"elementor-column elementor-col-50 elementor-inner-column elementor-element elementor-element-4b3f660\" data-id=\"4b3f660\" data-element_type=\"column\">\n\t\t\t<div class=\"elementor-widget-wrap elementor-element-populated\">\n\t\t\t\t\t\t<div class=\"elementor-element elementor-element-6ebb511 elementor-widget elementor-widget-image\" data-id=\"6ebb511\" data-element_type=\"widget\" data-widget_type=\"image.default\">\n\t\t\t\t<div class=\"elementor-widget-container\">\n\t\t\t\t\t\t\t\t\t\t\t\t\t\t\t<img fetchpriority=\"high\" decoding=\"async\" width=\"300\" height=\"300\" src=\"https:\/\/www.ecgffr.ch\/wp-content\/uploads\/2024\/11\/KA-Button_Partnerschule-D_transp-300x300.png\" class=\"attachment-medium size-medium wp-image-13407\" alt=\"\" srcset=\"https:\/\/www.ecgffr.ch\/wp-content\/uploads\/2024\/11\/KA-Button_Partnerschule-D_transp-300x300.png 300w, https:\/\/www.ecgffr.ch\/wp-content\/uploads\/2024\/11\/KA-Button_Partnerschule-D_transp-150x150.png 150w, https:\/\/www.ecgffr.ch\/wp-content\/uploads\/2024\/11\/KA-Button_Partnerschule-D_transp-768x768.png 768w, https:\/\/www.ecgffr.ch\/wp-content\/uploads\/2024\/11\/KA-Button_Partnerschule-D_transp.png 800w\" sizes=\"(max-width: 300px) 100vw, 300px\" \/>\t\t\t\t\t\t\t\t\t\t\t\t\t\t\t<\/div>\n\t\t\t\t<\/div>\n\t\t\t\t\t<\/div>\n\t\t<\/div>\n\t\t\t\t<div class=\"elementor-column elementor-col-50 elementor-inner-column elementor-element elementor-element-a3750d7\" data-id=\"a3750d7\" data-element_type=\"column\">\n\t\t\t<div class=\"elementor-widget-wrap elementor-element-populated\">\n\t\t\t\t\t\t<div class=\"elementor-element elementor-element-7905157 elementor-widget elementor-widget-heading\" data-id=\"7905157\" data-element_type=\"widget\" data-widget_type=\"heading.default\">\n\t\t\t\t<div class=\"elementor-widget-container\">\n\t\t\t\t\t<h3 class=\"elementor-heading-title elementor-size-default\">KULTURAGENT.INNEN SCHWEIZ<\/h3>\t\t\t\t<\/div>\n\t\t\t\t<\/div>\n\t\t\t\t<div class=\"elementor-element elementor-element-10e10f6 elementor-widget elementor-widget-text-editor\" data-id=\"10e10f6\" data-element_type=\"widget\" data-widget_type=\"text-editor.default\">\n\t\t\t\t<div class=\"elementor-widget-container\">\n\t\t\t\t\t\t\t\t\t<p><span lang=\"FR\">Unsere Schule beteiligt sich am Projekt &#8222;Kulturagent.innen f\u00fcr kreative Schulen&#8220;.<\/span><\/p><p>Es handelt sich um ein Projekt, das von der <a href=\"https:\/\/www.stiftung-mercator.ch\/\" target=\"_blank\" rel=\"noopener\">Stiftung Mercator Schweiz<\/a> in Zusammenarbeit mit den Kantonen Appenzell Ausserrhoden, Bern, Freiburg, <br \/>St. Gallen, Thurgau, Wallis und Z\u00fcrich initiiert wurde und unterst\u00fctzt wird.<br \/>Kulturvermittlung Schweiz\u00a0 erhielt das Mandat f\u00fcr das Projektmanagement.<br \/>Weitere Informationen: <a href=\"http:\/\/www.kulturagent-innen.ch\/\" target=\"_blank\" rel=\"noopener\">www.kulturagent-innen.ch<\/a><\/p>\t\t\t\t\t\t\t\t<\/div>\n\t\t\t\t<\/div>\n\t\t\t\t\t<\/div>\n\t\t<\/div>\n\t\t\t\t\t<\/div>\n\t\t<\/section>\n\t\t\t\t\t<\/div>\n\t\t<\/div>\n\t\t\t\t\t<\/div>\n\t\t<\/section>\n\t\t\t\t<\/div>\n\t\t","protected":false},"excerpt":{"rendered":"<p>Schulische Aktivit\u00e4ten &#8211; Kulturelle Aktivit\u00e4ten Kulturelle Aktivit\u00e4ten Zur\u00fcck zu Schulische Aktivit\u00e4ten Kulturelle Aktivit\u00e4ten W\u00e4hrend dem ganzen Schuljahr nehmen die Sch\u00fclerinnen und Sch\u00fcler an vielf\u00e4ltigen kulturellen Aktivit\u00e4ten teil. KULTURAGENT.INNEN SCHWEIZ Unsere Schule beteiligt sich am Projekt &#8222;Kulturagent.innen f\u00fcr kreative Schulen&#8220;. Es handelt sich um ein Projekt, das von der Stiftung Mercator Schweiz in Zusammenarbeit mit den [&hellip;]<\/p>\n","protected":false},"author":1,"featured_media":0,"parent":4992,"menu_order":0,"comment_status":"closed","ping_status":"closed","template":"","meta":{"site-sidebar-layout":"no-sidebar","site-content-layout":"page-builder","ast-site-content-layout":"default","site-content-style":"default","site-sidebar-style":"default","ast-global-header-display":"","ast-banner-title-visibility":"","ast-main-header-display":"","ast-hfb-above-header-display":"","ast-hfb-below-header-display":"","ast-hfb-mobile-header-display":"","site-post-title":"disabled","ast-breadcrumbs-content":"","ast-featured-img":"disabled","footer-sml-layout":"","ast-disable-related-posts":"","theme-transparent-header-meta":"","adv-header-id-meta":"","stick-header-meta":"","header-above-stick-meta":"","header-main-stick-meta":"","header-below-stick-meta":"","astra-migrate-meta-layouts":"default","ast-page-background-enabled":"default","ast-page-background-meta":{"desktop":{"background-color":"var(--ast-global-color-4)","background-image":"","background-repeat":"repeat","background-position":"center center","background-size":"auto","background-attachment":"scroll","background-type":"","background-media":"","overlay-type":"","overlay-color":"","overlay-opacity":"","overlay-gradient":""},"tablet":{"background-color":"","background-image":"","background-repeat":"repeat","background-position":"center center","background-size":"auto","background-attachment":"scroll","background-type":"","background-media":"","overlay-type":"","overlay-color":"","overlay-opacity":"","overlay-gradient":""},"mobile":{"background-color":"","background-image":"","background-repeat":"repeat","background-position":"center center","background-size":"auto","background-attachment":"scroll","background-type":"","background-media":"","overlay-type":"","overlay-color":"","overlay-opacity":"","overlay-gradient":""}},"ast-content-background-meta":{"desktop":{"background-color":"var(--ast-global-color-5)","background-image":"","background-repeat":"repeat","background-position":"center center","background-size":"auto","background-attachment":"scroll","background-type":"","background-media":"","overlay-type":"","overlay-color":"","overlay-opacity":"","overlay-gradient":""},"tablet":{"background-color":"var(--ast-global-color-5)","background-image":"","background-repeat":"repeat","background-position":"center center","background-size":"auto","background-attachment":"scroll","background-type":"","background-media":"","overlay-type":"","overlay-color":"","overlay-opacity":"","overlay-gradient":""},"mobile":{"background-color":"var(--ast-global-color-5)","background-image":"","background-repeat":"repeat","background-position":"center center","background-size":"auto","background-attachment":"scroll","background-type":"","background-media":"","overlay-type":"","overlay-color":"","overlay-opacity":"","overlay-gradient":""}},"footnotes":""},"class_list":["post-4994","page","type-page","status-publish","hentry"],"_links":{"self":[{"href":"https:\/\/www.ecgffr.ch\/de\/wp-json\/wp\/v2\/pages\/4994","targetHints":{"allow":["GET"]}}],"collection":[{"href":"https:\/\/www.ecgffr.ch\/de\/wp-json\/wp\/v2\/pages"}],"about":[{"href":"https:\/\/www.ecgffr.ch\/de\/wp-json\/wp\/v2\/types\/page"}],"author":[{"embeddable":true,"href":"https:\/\/www.ecgffr.ch\/de\/wp-json\/wp\/v2\/users\/1"}],"replies":[{"embeddable":true,"href":"https:\/\/www.ecgffr.ch\/de\/wp-json\/wp\/v2\/comments?post=4994"}],"version-history":[{"count":18,"href":"https:\/\/www.ecgffr.ch\/de\/wp-json\/wp\/v2\/pages\/4994\/revisions"}],"predecessor-version":[{"id":13416,"href":"https:\/\/www.ecgffr.ch\/de\/wp-json\/wp\/v2\/pages\/4994\/revisions\/13416"}],"up":[{"embeddable":true,"href":"https:\/\/www.ecgffr.ch\/de\/wp-json\/wp\/v2\/pages\/4992"}],"wp:attachment":[{"href":"https:\/\/www.ecgffr.ch\/de\/wp-json\/wp\/v2\/media?parent=4994"}],"curies":[{"name":"wp","href":"https:\/\/api.w.org\/{rel}","templated":true}]}}