{"id":4998,"date":"2022-12-13T15:33:46","date_gmt":"2022-12-13T14:33:46","guid":{"rendered":"http:\/\/www.ecgffr.ch\/schulische-aktivitaeten\/identitaetsbildung\/"},"modified":"2024-11-14T15:57:55","modified_gmt":"2024-11-14T14:57:55","slug":"identitaetsbildung","status":"publish","type":"page","link":"https:\/\/www.ecgffr.ch\/de\/schulische-aktivitaeten\/identitaetsbildung\/","title":{"rendered":"Identit\u00e4tsbildung"},"content":{"rendered":"\t\t<div data-elementor-type=\"wp-page\" data-elementor-id=\"4998\" class=\"elementor elementor-4998 elementor-1210\" data-elementor-post-type=\"page\">\n\t\t\t\t\t\t<section class=\"elementor-section elementor-top-section elementor-element elementor-element-13c26e6 elementor-section-height-min-height elementor-section-boxed elementor-section-height-default elementor-section-items-middle\" data-id=\"13c26e6\" data-element_type=\"section\" data-settings=\"{&quot;background_background&quot;:&quot;classic&quot;}\">\n\t\t\t\t\t\t\t<div class=\"elementor-background-overlay\"><\/div>\n\t\t\t\t\t\t\t<div class=\"elementor-container elementor-column-gap-default\">\n\t\t\t\t\t<div class=\"elementor-column elementor-col-100 elementor-top-column elementor-element elementor-element-ff95641\" data-id=\"ff95641\" data-element_type=\"column\">\n\t\t\t<div class=\"elementor-widget-wrap elementor-element-populated\">\n\t\t\t\t\t\t<div class=\"elementor-element elementor-element-c754e65 elementor-widget elementor-widget-heading\" data-id=\"c754e65\" data-element_type=\"widget\" data-widget_type=\"heading.default\">\n\t\t\t\t<div class=\"elementor-widget-container\">\n\t\t\t\t\t<h4 class=\"elementor-heading-title elementor-size-default\">Schulische Aktivit\u00e4ten - P\u00e4dagogisches Projekt<\/h4>\t\t\t\t<\/div>\n\t\t\t\t<\/div>\n\t\t\t\t<div class=\"elementor-element elementor-element-0f237c6 elementor-widget elementor-widget-heading\" data-id=\"0f237c6\" data-element_type=\"widget\" data-widget_type=\"heading.default\">\n\t\t\t\t<div class=\"elementor-widget-container\">\n\t\t\t\t\t<h1 class=\"elementor-heading-title elementor-size-default\">P\u00e4dagogisches Projekt<\/h1>\t\t\t\t<\/div>\n\t\t\t\t<\/div>\n\t\t\t\t<div class=\"elementor-element elementor-element-1620e9b elementor-icon-list--layout-inline elementor-align-center elementor-list-item-link-full_width elementor-widget elementor-widget-icon-list\" data-id=\"1620e9b\" data-element_type=\"widget\" data-widget_type=\"icon-list.default\">\n\t\t\t\t<div class=\"elementor-widget-container\">\n\t\t\t\t\t\t\t<ul class=\"elementor-icon-list-items elementor-inline-items\">\n\t\t\t\t\t\t\t<li class=\"elementor-icon-list-item elementor-inline-item\">\n\t\t\t\t\t\t\t\t\t\t\t<a href=\"https:\/\/www.ecgffr.ch\/fr\/vie-de-lecole\/\">\n\n\t\t\t\t\t\t\t\t\t\t\t\t<span class=\"elementor-icon-list-icon\">\n\t\t\t\t\t\t\t<i aria-hidden=\"true\" class=\"fas fa-long-arrow-alt-left\"><\/i>\t\t\t\t\t\t<\/span>\n\t\t\t\t\t\t\t\t\t\t<span class=\"elementor-icon-list-text\">Zur\u00fcck zu Schulische Aktivit\u00e4ten<\/span>\n\t\t\t\t\t\t\t\t\t\t\t<\/a>\n\t\t\t\t\t\t\t\t\t<\/li>\n\t\t\t\t\t\t<\/ul>\n\t\t\t\t\t\t<\/div>\n\t\t\t\t<\/div>\n\t\t\t\t\t<\/div>\n\t\t<\/div>\n\t\t\t\t\t<\/div>\n\t\t<\/section>\n\t\t\t\t<section class=\"elementor-section elementor-top-section elementor-element elementor-element-c23961a elementor-section-boxed elementor-section-height-default elementor-section-height-default\" data-id=\"c23961a\" data-element_type=\"section\">\n\t\t\t\t\t\t<div class=\"elementor-container elementor-column-gap-default\">\n\t\t\t\t\t<div class=\"elementor-column elementor-col-100 elementor-top-column elementor-element elementor-element-0813849\" data-id=\"0813849\" data-element_type=\"column\">\n\t\t\t<div class=\"elementor-widget-wrap elementor-element-populated\">\n\t\t\t\t\t\t<section class=\"elementor-section elementor-inner-section elementor-element elementor-element-c80c860 elementor-section-boxed elementor-section-height-default elementor-section-height-default\" data-id=\"c80c860\" data-element_type=\"section\">\n\t\t\t\t\t\t<div class=\"elementor-container elementor-column-gap-default\">\n\t\t\t\t\t<div class=\"elementor-column elementor-col-50 elementor-inner-column elementor-element elementor-element-87a9008\" data-id=\"87a9008\" data-element_type=\"column\">\n\t\t\t<div class=\"elementor-widget-wrap elementor-element-populated\">\n\t\t\t\t\t\t<div class=\"elementor-element elementor-element-f951bb6 elementor-widget elementor-widget-heading\" data-id=\"f951bb6\" data-element_type=\"widget\" data-widget_type=\"heading.default\">\n\t\t\t\t<div class=\"elementor-widget-container\">\n\t\t\t\t\t<h4 class=\"elementor-heading-title elementor-size-default\">P\u00e4dagogisches Projekt<\/h4>\t\t\t\t<\/div>\n\t\t\t\t<\/div>\n\t\t\t\t<div class=\"elementor-element elementor-element-365bcbe elementor-widget elementor-widget-text-editor\" data-id=\"365bcbe\" data-element_type=\"widget\" data-widget_type=\"text-editor.default\">\n\t\t\t\t<div class=\"elementor-widget-container\">\n\t\t\t\t\t\t\t\t\t<p>Das P\u00e4dagogische Projekt der 4. Klassen P\u00e4dagogik, genannt \u201eProjekt Identit\u00e4tsbildung PS-Lehrpersonen\u201c (IB) erg\u00e4nzt eine ausschliesslich theoretische Ausbildung. Es bringt die Sch\u00fclerinnen und Sch\u00fcler dazu, eine reflexive Arbeit \u00fcber den Beruf und die Rolle der Grundschullehrkraft sowie \u00fcber ihre eigenen Berufsw\u00fcnsche zu leisten und dabei ihre Selbstst\u00e4ndigkeit zu entwickeln.<\/p>\t\t\t\t\t\t\t\t<\/div>\n\t\t\t\t<\/div>\n\t\t\t\t<div class=\"elementor-element elementor-element-2e2adb1 elementor-widget elementor-widget-text-editor\" data-id=\"2e2adb1\" data-element_type=\"widget\" data-widget_type=\"text-editor.default\">\n\t\t\t\t<div class=\"elementor-widget-container\">\n\t\t\t\t\t\t\t\t\t<p>Das IB-Projekt wird in Zusammenarbeit mit dem Amt f\u00fcr obligatorischen Unterricht (SEnOF) und der PH FR durchgef\u00fchrt. W\u00e4hrend des Projekts werden die Sch\u00fclerinnen und Sch\u00fcler jeder Klasse von einer Lehrkraft betreut. W\u00e4hrend der Erfahrung der Identit\u00e4tsbildung wird die Betreuung von einem Grundschullehrer \u00fcbernommen.<\/p>\n\t\t\t\t\t\t\t\t<\/div>\n\t\t\t\t<\/div>\n\t\t\t\t\t<\/div>\n\t\t<\/div>\n\t\t\t\t<div class=\"elementor-column elementor-col-50 elementor-inner-column elementor-element elementor-element-2139180\" data-id=\"2139180\" data-element_type=\"column\">\n\t\t\t<div class=\"elementor-widget-wrap elementor-element-populated\">\n\t\t\t\t\t\t<div class=\"elementor-element elementor-element-bc0fb8b elementor-widget elementor-widget-image\" data-id=\"bc0fb8b\" data-element_type=\"widget\" data-widget_type=\"image.default\">\n\t\t\t\t<div class=\"elementor-widget-container\">\n\t\t\t\t\t\t\t\t\t\t\t\t\t\t\t<img fetchpriority=\"high\" decoding=\"async\" width=\"2560\" height=\"1437\" src=\"https:\/\/www.ecgffr.ch\/wp-content\/uploads\/2023\/06\/1-P1073676-scaled.jpg\" class=\"attachment-full size-full wp-image-6242\" alt=\"\" srcset=\"https:\/\/www.ecgffr.ch\/wp-content\/uploads\/2023\/06\/1-P1073676-scaled.jpg 2560w, https:\/\/www.ecgffr.ch\/wp-content\/uploads\/2023\/06\/1-P1073676-300x168.jpg 300w, https:\/\/www.ecgffr.ch\/wp-content\/uploads\/2023\/06\/1-P1073676-1024x575.jpg 1024w, https:\/\/www.ecgffr.ch\/wp-content\/uploads\/2023\/06\/1-P1073676-768x431.jpg 768w, https:\/\/www.ecgffr.ch\/wp-content\/uploads\/2023\/06\/1-P1073676-1536x862.jpg 1536w, https:\/\/www.ecgffr.ch\/wp-content\/uploads\/2023\/06\/1-P1073676-2048x1150.jpg 2048w\" sizes=\"(max-width: 2560px) 100vw, 2560px\" \/>\t\t\t\t\t\t\t\t\t\t\t\t\t\t\t<\/div>\n\t\t\t\t<\/div>\n\t\t\t\t\t<\/div>\n\t\t<\/div>\n\t\t\t\t\t<\/div>\n\t\t<\/section>\n\t\t\t\t\t<\/div>\n\t\t<\/div>\n\t\t\t\t\t<\/div>\n\t\t<\/section>\n\t\t\t\t<section class=\"elementor-section elementor-top-section elementor-element elementor-element-ed79471 elementor-section-boxed elementor-section-height-default elementor-section-height-default\" data-id=\"ed79471\" data-element_type=\"section\">\n\t\t\t\t\t\t<div class=\"elementor-container elementor-column-gap-default\">\n\t\t\t\t\t<div class=\"elementor-column elementor-col-100 elementor-top-column elementor-element elementor-element-9498a82\" data-id=\"9498a82\" data-element_type=\"column\">\n\t\t\t<div class=\"elementor-widget-wrap elementor-element-populated\">\n\t\t\t\t\t\t<div class=\"elementor-element elementor-element-b5023e1 uael-faq-box-layout-yes align-at-left elementor-widget elementor-widget-uael-faq\" data-id=\"b5023e1\" data-element_type=\"widget\" data-widget_type=\"uael-faq.default\">\n\t\t\t\t<div class=\"elementor-widget-container\">\n\t\t\t\t\t\n\t\t\t<div id='uael-faq-wrapper-189' class=\"uael-faq-wrapper\">\n\t\t\t\t<div class=\"uael-faq-container uael-faq-layout-accordion\" data-layout=\"toggle\" >\n\t\t\t\t\t\t\t\t\t\t\t\t<div id=\"uael-accordion-14ab33d\" class=\"uael-faq-accordion\" role=\"tablist\">\n\t\t\t\t\t\t\t\t<div class= \"uael-accordion-title\" aria-expanded=\"false\" role=\"tab\">\n\t\t\t\t\t\t\t\t\t<span class=\"uael-accordion-icon uael-accordion-icon-left\">\n\t\t\t\t\t\t\t\t\t\t<span class=\"uael-accordion-icon-closed\"><i class=\"fas fa-long-arrow-alt-right\"><\/i><\/span>\n\t\t\t\t\t\t\t\t\t\t<span class=\"uael-accordion-icon-opened\"><i class=\"fas fa-angle-up\"><\/i><\/span>\n\t\t\t\t\t\t\t\t\t<\/span>\n\t\t\t\t\t\t\t\t\t<span class=\"uael-question-14ab33d uael-question-span\" tabindex=\"0\" id=\"uael-faq-1-69fe159c7c459\">Ziele des IB-Projektes<\/span>\n\t\t\t\t\t\t\t\t<\/div>\n\t\t\t\t\t\t\t\t<div class=\"uael-accordion-content\" role=\"tabpanel\">\n\t\t\t\t\t\t\t\t\t<span>\n\t\t\t\t\t\t\t\t\t<span><p>Im Allgemeinen f\u00fchrt das p\u00e4dagogische Projekt dazu, dass die Sch\u00fclerinnen und Sch\u00fcler ihre Perspektive \u00e4ndern (vom Sch\u00fcler zum zuk\u00fcnftigen Lehrer). Die Ziele des IB-Projekts sind folgende:<\/p><p>Jede Sch\u00fclerin und jeder Sch\u00fcler ...<\/p><ul><li style=\"list-style-type: none;\"><ul><li>arbeitet w\u00e4hrend des Prozesses selbstst\u00e4ndig, aktiv und motiviert,<\/li><li>sucht eine Klasse f\u00fcr die Erfahrung der Identit\u00e4tsbildung,<\/li><li>f\u00fchrt eine reflexive Arbeit \u00fcber ihre Berufsw\u00fcnsche und die Rolle der Lehrkraft durch,<\/li><li>beobachtet den Lehrerberuf in der Praxis (Vergleich \"Vorstellung\" und \"Realit\u00e4t\") und sammelt eigene Erfahrungen mit dem Alltag einer Lehrperson,<\/li><li>stellt sein Projekt unter Beachtung der Vorgaben vor und beschreibt die Entwicklung seiner Positionierung,<\/li><li>erlebt das Projekt als eine Bereicherung f\u00fcr sich selbst und f\u00fcr andere.<\/li><\/ul><\/li><\/ul><\/span>\t\t\t\t\t\t\t\t\t<\/span>\n\t\t\t\t\t\t\t\t<\/div>\n\t\t\t\t\t\t\t<\/div>\n\t\t\t\t\t\t\t\t\t\t\t\t\t\t<div id=\"uael-accordion-baf0989\" class=\"uael-faq-accordion\" role=\"tablist\">\n\t\t\t\t\t\t\t\t<div class= \"uael-accordion-title\" aria-expanded=\"false\" role=\"tab\">\n\t\t\t\t\t\t\t\t\t<span class=\"uael-accordion-icon uael-accordion-icon-left\">\n\t\t\t\t\t\t\t\t\t\t<span class=\"uael-accordion-icon-closed\"><i class=\"fas fa-long-arrow-alt-right\"><\/i><\/span>\n\t\t\t\t\t\t\t\t\t\t<span class=\"uael-accordion-icon-opened\"><i class=\"fas fa-angle-up\"><\/i><\/span>\n\t\t\t\t\t\t\t\t\t<\/span>\n\t\t\t\t\t\t\t\t\t<span class=\"uael-question-baf0989 uael-question-span\" tabindex=\"0\" id=\"uael-faq-2-69fe159c7c494\">Etappen des IB-Projektes <\/span>\n\t\t\t\t\t\t\t\t<\/div>\n\t\t\t\t\t\t\t\t<div class=\"uael-accordion-content\" role=\"tabpanel\">\n\t\t\t\t\t\t\t\t\t<span>\n\t\t\t\t\t\t\t\t\t<span><p>Das aus den folgenden vier Schritten bestehende Projekt beginnt im September und endet im M\u00e4rz:<\/p><ul><li><strong>Suche nach einer Klasse<\/strong> f\u00fcr die Identit\u00e4tsbildungserfahrung (September bis Oktober): Die Sch\u00fclerin\/der Sch\u00fcler sucht eine Grundschullehrkraft, die es ihr\/ihm erm\u00f6glicht, die IBE durchzuf\u00fchren (ausserhalb des Schulkreises, in dem die Sch\u00fclerin\/der Sch\u00fcler wohnt).<\/li><li><strong>Reflexionstag<\/strong> an der FMSF Ende November: Die Sch\u00fclerinnen und Sch\u00fcler analysieren ihre Vorstellungen vom Beruf und von der Rolle der Grundschullehrkraft. Sie nehmen an Vortr\u00e4gen des SEnOF (Ziele, Auftrag und Organisation der Schule) und der PH FR (Identit\u00e4tsbildung der Lehrkr\u00e4fte) teil. Sie bereiten einen Entwurf ihres pers\u00f6nlichen Projekts vor. Der Tag wird von einem Team von FMS-Lehrkr\u00e4ften organisiert und beaufsichtigt.<\/li><li><strong>Identit\u00e4tsbildende Erfahrung (IBE)<\/strong>: 2,5 Tage, die Ende Januar unter der Verantwortung eines Grundschullehrers durchgef\u00fchrt werden. Die Sch\u00fclerinnen und Sch\u00fcler werden mit der Realit\u00e4t vor Ort konfrontiert.<\/li><li><strong>Vorstellung des pers\u00f6nlichen Projekts (Bilanz)<\/strong> im Februar und M\u00e4rz an der FMSF: Die Sch\u00fclerinnen und Sch\u00fcler stellen ihre \u00dcberlegungen zu ihrem zuk\u00fcnftigen Beruf und Berufswunsch, markante Elemente ihrer Erfahrungen und die Entwicklung ihrer Vorstellung von der Lehrerrolle vor.<\/li><\/ul><\/span>\t\t\t\t\t\t\t\t\t<\/span>\n\t\t\t\t\t\t\t\t<\/div>\n\t\t\t\t\t\t\t<\/div>\n\t\t\t\t\t\t\t\t\t\t\t<\/div>\n\t\t\t<\/div>\n\t\t\t\t\t\t\t<\/div>\n\t\t\t\t<\/div>\n\t\t\t\t\t<\/div>\n\t\t<\/div>\n\t\t\t\t\t<\/div>\n\t\t<\/section>\n\t\t\t\t<\/div>\n\t\t","protected":false},"excerpt":{"rendered":"<p>Schulische Aktivit\u00e4ten &#8211; P\u00e4dagogisches Projekt P\u00e4dagogisches Projekt Zur\u00fcck zu Schulische Aktivit\u00e4ten P\u00e4dagogisches Projekt Das P\u00e4dagogische Projekt der 4. Klassen P\u00e4dagogik, genannt \u201eProjekt Identit\u00e4tsbildung PS-Lehrpersonen\u201c (IB) erg\u00e4nzt eine ausschliesslich theoretische Ausbildung. Es bringt die Sch\u00fclerinnen und Sch\u00fcler dazu, eine reflexive Arbeit \u00fcber den Beruf und die Rolle der Grundschullehrkraft sowie \u00fcber ihre eigenen Berufsw\u00fcnsche zu leisten [&hellip;]<\/p>\n","protected":false},"author":1,"featured_media":0,"parent":4992,"menu_order":0,"comment_status":"closed","ping_status":"closed","template":"","meta":{"site-sidebar-layout":"no-sidebar","site-content-layout":"page-builder","ast-site-content-layout":"default","site-content-style":"default","site-sidebar-style":"default","ast-global-header-display":"","ast-banner-title-visibility":"","ast-main-header-display":"","ast-hfb-above-header-display":"","ast-hfb-below-header-display":"","ast-hfb-mobile-header-display":"","site-post-title":"disabled","ast-breadcrumbs-content":"","ast-featured-img":"disabled","footer-sml-layout":"","ast-disable-related-posts":"","theme-transparent-header-meta":"","adv-header-id-meta":"","stick-header-meta":"","header-above-stick-meta":"","header-main-stick-meta":"","header-below-stick-meta":"","astra-migrate-meta-layouts":"default","ast-page-background-enabled":"default","ast-page-background-meta":{"desktop":{"background-color":"var(--ast-global-color-4)","background-image":"","background-repeat":"repeat","background-position":"center center","background-size":"auto","background-attachment":"scroll","background-type":"","background-media":"","overlay-type":"","overlay-color":"","overlay-opacity":"","overlay-gradient":""},"tablet":{"background-color":"","background-image":"","background-repeat":"repeat","background-position":"center center","background-size":"auto","background-attachment":"scroll","background-type":"","background-media":"","overlay-type":"","overlay-color":"","overlay-opacity":"","overlay-gradient":""},"mobile":{"background-color":"","background-image":"","background-repeat":"repeat","background-position":"center center","background-size":"auto","background-attachment":"scroll","background-type":"","background-media":"","overlay-type":"","overlay-color":"","overlay-opacity":"","overlay-gradient":""}},"ast-content-background-meta":{"desktop":{"background-color":"var(--ast-global-color-5)","background-image":"","background-repeat":"repeat","background-position":"center center","background-size":"auto","background-attachment":"scroll","background-type":"","background-media":"","overlay-type":"","overlay-color":"","overlay-opacity":"","overlay-gradient":""},"tablet":{"background-color":"var(--ast-global-color-5)","background-image":"","background-repeat":"repeat","background-position":"center center","background-size":"auto","background-attachment":"scroll","background-type":"","background-media":"","overlay-type":"","overlay-color":"","overlay-opacity":"","overlay-gradient":""},"mobile":{"background-color":"var(--ast-global-color-5)","background-image":"","background-repeat":"repeat","background-position":"center center","background-size":"auto","background-attachment":"scroll","background-type":"","background-media":"","overlay-type":"","overlay-color":"","overlay-opacity":"","overlay-gradient":""}},"footnotes":""},"class_list":["post-4998","page","type-page","status-publish","hentry"],"_links":{"self":[{"href":"https:\/\/www.ecgffr.ch\/de\/wp-json\/wp\/v2\/pages\/4998","targetHints":{"allow":["GET"]}}],"collection":[{"href":"https:\/\/www.ecgffr.ch\/de\/wp-json\/wp\/v2\/pages"}],"about":[{"href":"https:\/\/www.ecgffr.ch\/de\/wp-json\/wp\/v2\/types\/page"}],"author":[{"embeddable":true,"href":"https:\/\/www.ecgffr.ch\/de\/wp-json\/wp\/v2\/users\/1"}],"replies":[{"embeddable":true,"href":"https:\/\/www.ecgffr.ch\/de\/wp-json\/wp\/v2\/comments?post=4998"}],"version-history":[{"count":6,"href":"https:\/\/www.ecgffr.ch\/de\/wp-json\/wp\/v2\/pages\/4998\/revisions"}],"predecessor-version":[{"id":13384,"href":"https:\/\/www.ecgffr.ch\/de\/wp-json\/wp\/v2\/pages\/4998\/revisions\/13384"}],"up":[{"embeddable":true,"href":"https:\/\/www.ecgffr.ch\/de\/wp-json\/wp\/v2\/pages\/4992"}],"wp:attachment":[{"href":"https:\/\/www.ecgffr.ch\/de\/wp-json\/wp\/v2\/media?parent=4998"}],"curies":[{"name":"wp","href":"https:\/\/api.w.org\/{rel}","templated":true}]}}