{"id":5006,"date":"2023-03-12T21:26:50","date_gmt":"2023-03-12T20:26:50","guid":{"rendered":"http:\/\/www.ecgffr.ch\/schulische-aktivitaeten\/sport-kunst-ausbildung\/"},"modified":"2025-07-08T09:07:00","modified_gmt":"2025-07-08T07:07:00","slug":"sport-kunst-ausbildung","status":"publish","type":"page","link":"https:\/\/www.ecgffr.ch\/de\/schuelerressourcen\/sport-kunst-ausbildung\/","title":{"rendered":"Sport-Kunst-Ausbildung"},"content":{"rendered":"\t\t<div data-elementor-type=\"wp-page\" data-elementor-id=\"5006\" class=\"elementor elementor-5006 elementor-4528\" data-elementor-post-type=\"page\">\n\t\t\t\t\t\t<section class=\"elementor-section elementor-top-section elementor-element elementor-element-13c26e6 elementor-section-height-min-height elementor-section-boxed elementor-section-height-default elementor-section-items-middle\" data-id=\"13c26e6\" data-element_type=\"section\" data-settings=\"{&quot;background_background&quot;:&quot;classic&quot;}\">\n\t\t\t\t\t\t\t<div class=\"elementor-background-overlay\"><\/div>\n\t\t\t\t\t\t\t<div class=\"elementor-container elementor-column-gap-default\">\n\t\t\t\t\t<div class=\"elementor-column elementor-col-100 elementor-top-column elementor-element elementor-element-ff95641\" data-id=\"ff95641\" data-element_type=\"column\">\n\t\t\t<div class=\"elementor-widget-wrap elementor-element-populated\">\n\t\t\t\t\t\t<div class=\"elementor-element elementor-element-c754e65 elementor-widget elementor-widget-heading\" data-id=\"c754e65\" data-element_type=\"widget\" data-widget_type=\"heading.default\">\n\t\t\t\t<div class=\"elementor-widget-container\">\n\t\t\t\t\t<h4 class=\"elementor-heading-title elementor-size-default\">Sch\u00fclerressourcen<\/h4>\t\t\t\t<\/div>\n\t\t\t\t<\/div>\n\t\t\t\t<div class=\"elementor-element elementor-element-0f237c6 elementor-widget elementor-widget-heading\" data-id=\"0f237c6\" data-element_type=\"widget\" data-widget_type=\"heading.default\">\n\t\t\t\t<div class=\"elementor-widget-container\">\n\t\t\t\t\t<h1 class=\"elementor-heading-title elementor-size-default\">Sport-Kunst-Ausbildung<\/h1>\t\t\t\t<\/div>\n\t\t\t\t<\/div>\n\t\t\t\t<div class=\"elementor-element elementor-element-1620e9b elementor-icon-list--layout-inline elementor-align-center elementor-list-item-link-full_width elementor-widget elementor-widget-icon-list\" data-id=\"1620e9b\" data-element_type=\"widget\" data-widget_type=\"icon-list.default\">\n\t\t\t\t<div class=\"elementor-widget-container\">\n\t\t\t\t\t\t\t<ul class=\"elementor-icon-list-items elementor-inline-items\">\n\t\t\t\t\t\t\t<li class=\"elementor-icon-list-item elementor-inline-item\">\n\t\t\t\t\t\t\t\t\t\t\t<a href=\"https:\/\/www.ecgffr.ch\/de\/schuelerressourcen\/\">\n\n\t\t\t\t\t\t\t\t\t\t\t\t<span class=\"elementor-icon-list-icon\">\n\t\t\t\t\t\t\t<i aria-hidden=\"true\" class=\"fas fa-long-arrow-alt-left\"><\/i>\t\t\t\t\t\t<\/span>\n\t\t\t\t\t\t\t\t\t\t<span class=\"elementor-icon-list-text\">Zur\u00fcck zu Sch\u00fclerressourcen<\/span>\n\t\t\t\t\t\t\t\t\t\t\t<\/a>\n\t\t\t\t\t\t\t\t\t<\/li>\n\t\t\t\t\t\t<\/ul>\n\t\t\t\t\t\t<\/div>\n\t\t\t\t<\/div>\n\t\t\t\t\t<\/div>\n\t\t<\/div>\n\t\t\t\t\t<\/div>\n\t\t<\/section>\n\t\t\t\t<section class=\"elementor-section elementor-top-section elementor-element elementor-element-c23961a elementor-section-boxed elementor-section-height-default elementor-section-height-default\" data-id=\"c23961a\" data-element_type=\"section\">\n\t\t\t\t\t\t<div class=\"elementor-container elementor-column-gap-default\">\n\t\t\t\t\t<div class=\"elementor-column elementor-col-100 elementor-top-column elementor-element elementor-element-0813849\" data-id=\"0813849\" data-element_type=\"column\">\n\t\t\t<div class=\"elementor-widget-wrap elementor-element-populated\">\n\t\t\t\t\t\t<section class=\"elementor-section elementor-inner-section elementor-element elementor-element-c80c860 elementor-section-boxed elementor-section-height-default elementor-section-height-default\" data-id=\"c80c860\" data-element_type=\"section\">\n\t\t\t\t\t\t<div class=\"elementor-container elementor-column-gap-default\">\n\t\t\t\t\t<div class=\"elementor-column elementor-col-50 elementor-inner-column elementor-element elementor-element-87a9008\" data-id=\"87a9008\" data-element_type=\"column\">\n\t\t\t<div class=\"elementor-widget-wrap elementor-element-populated\">\n\t\t\t\t\t\t<div class=\"elementor-element elementor-element-f951bb6 elementor-widget elementor-widget-heading\" data-id=\"f951bb6\" data-element_type=\"widget\" data-widget_type=\"heading.default\">\n\t\t\t\t<div class=\"elementor-widget-container\">\n\t\t\t\t\t<h4 class=\"elementor-heading-title elementor-size-default\">Sport-Kunst-Ausbildung<\/h4>\t\t\t\t<\/div>\n\t\t\t\t<\/div>\n\t\t\t\t<div class=\"elementor-element elementor-element-365bcbe elementor-widget elementor-widget-text-editor\" data-id=\"365bcbe\" data-element_type=\"widget\" data-widget_type=\"text-editor.default\">\n\t\t\t\t<div class=\"elementor-widget-container\">\n\t\t\t\t\t\t\t\t\t<p>Das kantonale Programm Sport-Kunst-Ausbildung (SKA) erm\u00f6glicht es besonders begabten Sportlerinnen und Sportlern sowie talentierten jungen K\u00fcnstlerinnen und K\u00fcnstlern, ihre Ausbildung mit Leistungssport oder Kunst auf hohem Niveau zu kombinieren. Aufgrund der Qualit\u00e4t der getroffenen Massnahmen und der Betreuung ihrer SKA-Sch\u00fcler und -Sch\u00fclerinnen \u2013 Bereich Spitzensport \u2013 wurde unsere Schule mit dem Label \u201eSwiss Olympic Partner School\u201c ausgezeichnet.<\/p>\t\t\t\t\t\t\t\t<\/div>\n\t\t\t\t<\/div>\n\t\t\t\t\t<\/div>\n\t\t<\/div>\n\t\t\t\t<div class=\"elementor-column elementor-col-50 elementor-inner-column elementor-element elementor-element-2139180\" data-id=\"2139180\" data-element_type=\"column\">\n\t\t\t<div class=\"elementor-widget-wrap elementor-element-populated\">\n\t\t\t\t\t\t<div class=\"elementor-element elementor-element-bc0fb8b elementor-widget elementor-widget-image\" data-id=\"bc0fb8b\" data-element_type=\"widget\" data-widget_type=\"image.default\">\n\t\t\t\t<div class=\"elementor-widget-container\">\n\t\t\t\t\t\t\t\t\t\t\t\t\t\t\t<img fetchpriority=\"high\" decoding=\"async\" width=\"1470\" height=\"331\" src=\"https:\/\/www.ecgffr.ch\/wp-content\/uploads\/2025\/07\/SO_PartnerSchool_rgb_3c-1.jpg\" class=\"attachment-full size-full wp-image-14246\" alt=\"\" srcset=\"https:\/\/www.ecgffr.ch\/wp-content\/uploads\/2025\/07\/SO_PartnerSchool_rgb_3c-1.jpg 1470w, https:\/\/www.ecgffr.ch\/wp-content\/uploads\/2025\/07\/SO_PartnerSchool_rgb_3c-1-300x68.jpg 300w, https:\/\/www.ecgffr.ch\/wp-content\/uploads\/2025\/07\/SO_PartnerSchool_rgb_3c-1-1024x231.jpg 1024w, https:\/\/www.ecgffr.ch\/wp-content\/uploads\/2025\/07\/SO_PartnerSchool_rgb_3c-1-768x173.jpg 768w\" sizes=\"(max-width: 1470px) 100vw, 1470px\" \/>\t\t\t\t\t\t\t\t\t\t\t\t\t\t\t<\/div>\n\t\t\t\t<\/div>\n\t\t\t\t\t<\/div>\n\t\t<\/div>\n\t\t\t\t\t<\/div>\n\t\t<\/section>\n\t\t\t\t\t<\/div>\n\t\t<\/div>\n\t\t\t\t\t<\/div>\n\t\t<\/section>\n\t\t\t\t<section class=\"elementor-section elementor-top-section elementor-element elementor-element-2109eb1 elementor-section-boxed elementor-section-height-default elementor-section-height-default\" data-id=\"2109eb1\" data-element_type=\"section\">\n\t\t\t\t\t\t<div class=\"elementor-container elementor-column-gap-default\">\n\t\t\t\t\t<div class=\"elementor-column elementor-col-100 elementor-top-column elementor-element elementor-element-cc255b5\" data-id=\"cc255b5\" data-element_type=\"column\">\n\t\t\t<div class=\"elementor-widget-wrap\">\n\t\t\t\t\t\t\t<\/div>\n\t\t<\/div>\n\t\t\t\t\t<\/div>\n\t\t<\/section>\n\t\t\t\t<section class=\"elementor-section elementor-top-section elementor-element elementor-element-ab3ccf1 elementor-section-boxed elementor-section-height-default elementor-section-height-default\" data-id=\"ab3ccf1\" data-element_type=\"section\">\n\t\t\t\t\t\t<div class=\"elementor-container elementor-column-gap-default\">\n\t\t\t\t\t<div class=\"elementor-column elementor-col-100 elementor-top-column elementor-element elementor-element-6f67ad0\" data-id=\"6f67ad0\" data-element_type=\"column\">\n\t\t\t<div class=\"elementor-widget-wrap elementor-element-populated\">\n\t\t\t\t\t\t<div class=\"elementor-element elementor-element-275081b elementor-widget elementor-widget-text-editor\" data-id=\"275081b\" data-element_type=\"widget\" data-widget_type=\"text-editor.default\">\n\t\t\t\t<div class=\"elementor-widget-container\">\n\t\t\t\t\t\t\t\t\t<p>Die Aufnahme in das SKA-Programm unterliegt den vom Kanton festgelegten Kriterien (<a href=\"https:\/\/www.fr.ch\/sites\/default\/files\/2023-01\/2023_02_01_Richtlinien%20BKAD_Schulische%20Massnahmen%20SKA_0.pdf\" target=\"_blank\" rel=\"noopener\">SKA-Richtlinien<\/a>). Talentierte K\u00fcnstler\/innen und besonders begabte Sportler\/innen m\u00fcssen <strong>jedes Jahr<\/strong> den SKA-Fragebogen auf der Website des Amtes f\u00fcr Sport ausf\u00fcllen und das vollst\u00e4ndige Dossier (mit den erforderlichen Beilagen) <strong>bis zum 15. Februar<\/strong> an das <a href=\"https:\/\/www.fr.ch\/de\/bildung-und-schulen\/obligatorische-schule\/sport-kunst-ausbildung-ska\/ska-sport\" target=\"_blank\" rel=\"noopener\">Amt f\u00fcr Sport<\/a> schicken.<\/p><p>Die folgenden Unterst\u00fctzungsmassnahmen k\u00f6nnen individuell vorgeschlagen werden, um ein gutes Gleichgewicht zwischen Schule, Ausbildung, Wettkampf und Erholung zu gew\u00e4hrleisten:<\/p><ul><li>Anpassung und\/oder Erleichterung des w\u00f6chentlichen Stundenplans; es m\u00fcssen jedoch mindestens 25 Wochenlektionen absolviert werden;<\/li><li>Vollst\u00e4ndige oder teilweise Befreiung von Kursen, die nach Fachgebiet und Ausbildungsjahr festgelegt sind;<\/li><li>Urlaub f\u00fcr die Vorbereitung und Teilnahme an bedeutenden sportlichen oder k\u00fcnstlerischen Veranstaltungen;<\/li><li>P\u00e4dagogische Unterst\u00fctzung bei sport- oder kunstbedingten Abwesenheiten;<\/li><li>Wechsel der Schule, um den Weg des Sch\u00fclers zum Ort des Trainings oder der Aus\u00fcbung seines Sports oder seiner Kunst zu begrenzen.<\/li><\/ul><p>Ausserdem kann der Lehrplan f\u00fcr ein Schuljahr und sogar die Abschlusspr\u00fcfungen \u00fcber zwei Jahre verteilt werden.<\/p><p>F\u00fcr weitere Informationen wenden Sie sich bitte an Frau Isabelle Schneuwly, die f\u00fcr das SKA-Programm zust\u00e4ndige Vorsteherin.<\/p>\t\t\t\t\t\t\t\t<\/div>\n\t\t\t\t<\/div>\n\t\t\t\t\t<\/div>\n\t\t<\/div>\n\t\t\t\t\t<\/div>\n\t\t<\/section>\n\t\t\t\t<\/div>\n\t\t","protected":false},"excerpt":{"rendered":"<p>Sch\u00fclerressourcen Sport-Kunst-Ausbildung Zur\u00fcck zu Sch\u00fclerressourcen Sport-Kunst-Ausbildung Das kantonale Programm Sport-Kunst-Ausbildung (SKA) erm\u00f6glicht es besonders begabten Sportlerinnen und Sportlern sowie talentierten jungen K\u00fcnstlerinnen und K\u00fcnstlern, ihre Ausbildung mit Leistungssport oder Kunst auf hohem Niveau zu kombinieren. Aufgrund der Qualit\u00e4t der getroffenen Massnahmen und der Betreuung ihrer SKA-Sch\u00fcler und -Sch\u00fclerinnen \u2013 Bereich Spitzensport \u2013 wurde unsere Schule [&hellip;]<\/p>\n","protected":false},"author":1,"featured_media":0,"parent":4862,"menu_order":0,"comment_status":"closed","ping_status":"closed","template":"","meta":{"site-sidebar-layout":"no-sidebar","site-content-layout":"page-builder","ast-site-content-layout":"default","site-content-style":"default","site-sidebar-style":"default","ast-global-header-display":"","ast-banner-title-visibility":"","ast-main-header-display":"","ast-hfb-above-header-display":"","ast-hfb-below-header-display":"","ast-hfb-mobile-header-display":"","site-post-title":"disabled","ast-breadcrumbs-content":"","ast-featured-img":"disabled","footer-sml-layout":"","ast-disable-related-posts":"","theme-transparent-header-meta":"","adv-header-id-meta":"","stick-header-meta":"","header-above-stick-meta":"","header-main-stick-meta":"","header-below-stick-meta":"","astra-migrate-meta-layouts":"default","ast-page-background-enabled":"default","ast-page-background-meta":{"desktop":{"background-color":"var(--ast-global-color-4)","background-image":"","background-repeat":"repeat","background-position":"center center","background-size":"auto","background-attachment":"scroll","background-type":"","background-media":"","overlay-type":"","overlay-color":"","overlay-opacity":"","overlay-gradient":""},"tablet":{"background-color":"","background-image":"","background-repeat":"repeat","background-position":"center center","background-size":"auto","background-attachment":"scroll","background-type":"","background-media":"","overlay-type":"","overlay-color":"","overlay-opacity":"","overlay-gradient":""},"mobile":{"background-color":"","background-image":"","background-repeat":"repeat","background-position":"center center","background-size":"auto","background-attachment":"scroll","background-type":"","background-media":"","overlay-type":"","overlay-color":"","overlay-opacity":"","overlay-gradient":""}},"ast-content-background-meta":{"desktop":{"background-color":"var(--ast-global-color-5)","background-image":"","background-repeat":"repeat","background-position":"center center","background-size":"auto","background-attachment":"scroll","background-type":"","background-media":"","overlay-type":"","overlay-color":"","overlay-opacity":"","overlay-gradient":""},"tablet":{"background-color":"var(--ast-global-color-5)","background-image":"","background-repeat":"repeat","background-position":"center center","background-size":"auto","background-attachment":"scroll","background-type":"","background-media":"","overlay-type":"","overlay-color":"","overlay-opacity":"","overlay-gradient":""},"mobile":{"background-color":"var(--ast-global-color-5)","background-image":"","background-repeat":"repeat","background-position":"center center","background-size":"auto","background-attachment":"scroll","background-type":"","background-media":"","overlay-type":"","overlay-color":"","overlay-opacity":"","overlay-gradient":""}},"footnotes":""},"class_list":["post-5006","page","type-page","status-publish","hentry"],"_links":{"self":[{"href":"https:\/\/www.ecgffr.ch\/de\/wp-json\/wp\/v2\/pages\/5006","targetHints":{"allow":["GET"]}}],"collection":[{"href":"https:\/\/www.ecgffr.ch\/de\/wp-json\/wp\/v2\/pages"}],"about":[{"href":"https:\/\/www.ecgffr.ch\/de\/wp-json\/wp\/v2\/types\/page"}],"author":[{"embeddable":true,"href":"https:\/\/www.ecgffr.ch\/de\/wp-json\/wp\/v2\/users\/1"}],"replies":[{"embeddable":true,"href":"https:\/\/www.ecgffr.ch\/de\/wp-json\/wp\/v2\/comments?post=5006"}],"version-history":[{"count":16,"href":"https:\/\/www.ecgffr.ch\/de\/wp-json\/wp\/v2\/pages\/5006\/revisions"}],"predecessor-version":[{"id":14252,"href":"https:\/\/www.ecgffr.ch\/de\/wp-json\/wp\/v2\/pages\/5006\/revisions\/14252"}],"up":[{"embeddable":true,"href":"https:\/\/www.ecgffr.ch\/de\/wp-json\/wp\/v2\/pages\/4862"}],"wp:attachment":[{"href":"https:\/\/www.ecgffr.ch\/de\/wp-json\/wp\/v2\/media?parent=5006"}],"curies":[{"name":"wp","href":"https:\/\/api.w.org\/{rel}","templated":true}]}}