{"id":6543,"date":"2023-07-03T23:16:29","date_gmt":"2023-07-03T21:16:29","guid":{"rendered":"https:\/\/www.ecgffr.ch\/cookie-richtlinie\/"},"modified":"2023-09-02T15:44:47","modified_gmt":"2023-09-02T13:44:47","slug":"cookie-richtlinie","status":"publish","type":"page","link":"https:\/\/www.ecgffr.ch\/de\/cookie-richtlinie\/","title":{"rendered":"Cookie-Richtlinie"},"content":{"rendered":"\t\t<div data-elementor-type=\"wp-page\" data-elementor-id=\"6543\" class=\"elementor elementor-6543 elementor-6541\" data-elementor-post-type=\"page\">\n\t\t\t\t\t\t<section class=\"elementor-section elementor-top-section elementor-element elementor-element-6cc2ff4 elementor-section-boxed elementor-section-height-default elementor-section-height-default\" data-id=\"6cc2ff4\" data-element_type=\"section\">\n\t\t\t\t\t\t<div class=\"elementor-container elementor-column-gap-default\">\n\t\t\t\t\t<div class=\"elementor-column elementor-col-100 elementor-top-column elementor-element elementor-element-69684eb\" data-id=\"69684eb\" data-element_type=\"column\">\n\t\t\t<div class=\"elementor-widget-wrap elementor-element-populated\">\n\t\t\t\t\t\t<div class=\"elementor-element elementor-element-28c3bde elementor-widget elementor-widget-heading\" data-id=\"28c3bde\" data-element_type=\"widget\" data-widget_type=\"heading.default\">\n\t\t\t\t<div class=\"elementor-widget-container\">\n\t\t\t\t\t<h2 class=\"elementor-heading-title elementor-size-default\">Verwaltung von Cookies<\/h2>\t\t\t\t<\/div>\n\t\t\t\t<\/div>\n\t\t\t\t<div class=\"elementor-element elementor-element-d75c6cd elementor-widget elementor-widget-text-editor\" data-id=\"d75c6cd\" data-element_type=\"widget\" data-widget_type=\"text-editor.default\">\n\t\t\t\t<div class=\"elementor-widget-container\">\n\t\t\t\t\t\t\t\t\t<div class=\"elementor-element elementor-element-4c4c1d5 elementor-widget elementor-widget-heading\" data-id=\"4c4c1d5\" data-element_type=\"widget\" data-widget_type=\"heading.default\">\n<div class=\"elementor-widget-container\">\n<h2 class=\"elementor-heading-title elementor-size-default\"><span style=\"color: var( --e-global-color-primary ); font-family: var( --e-global-typography-primary-font-family ), Sans-serif; font-size: 22px; font-style: inherit; font-weight: var( --e-global-typography-primary-font-weight ); background-color: var(--ast-global-color-5);\">Erkl\u00e4rungen zu Cookies :<\/span><\/h2>\n<\/div>\n<\/div>\n<div class=\"elementor-element elementor-element-80b5e46 elementor-widget elementor-widget-text-editor\" data-id=\"80b5e46\" data-element_type=\"widget\" data-widget_type=\"text-editor.default\">\n<div class=\"elementor-widget-container\">Cookies sind kleine Textdateien, die unsere Website an Ihren Internetbrowser sendet. Sie werden auf Ihrem Computer oder Mobilger\u00e4t gespeichert und helfen uns, Sie zu erkennen, wenn Sie auf unsere Website zur\u00fcckkehren. Mithilfe von Cookies k\u00f6nnen wir Ihre Online-Erfahrung personalisieren, indem wir uns Ihre Vorlieben merken und Ihnen Inhalte anbieten, die f\u00fcr Sie von Interesse sein k\u00f6nnten. Sie erm\u00f6glichen es uns auch, unsere Website benutzerfreundlicher zu gestalten.<\/div>\n<\/div>\n<div class=\"elementor-element elementor-element-2231a07 elementor-widget elementor-widget-text-editor\" data-id=\"2231a07\" data-element_type=\"widget\" data-widget_type=\"text-editor.default\">\n<div class=\"elementor-widget-container\">\n<p><strong>Notwendige Cookies<\/strong><\/p>\n<p>Diese Cookies sind f\u00fcr das reibungslose Funktionieren unserer Website unerl\u00e4sslich. Sie erm\u00f6glichen es Ihnen, auf der Website zu navigieren und unsere grundlegenden Funktionen zu nutzen, wie z. B. die sichere Anmeldung bei Ihrem Konto oder das Halten Ihres Warenkorbs. Ohne diese Cookies k\u00f6nnte unsere Seite nicht richtig funktionieren.<\/p>\n<p><strong>Cookies f\u00fcr Einstellungen<\/strong><\/p>\n<p>Diese Cookies merken sich Ihre Entscheidungen und Pr\u00e4ferenzen, z. B. die Sprache, die Sie verwenden m\u00f6chten, oder Ihren geografischen Standort. Sie machen Ihre Erfahrung auf unserer Website pers\u00f6nlicher und bequemer, so dass Sie nicht bei jedem Besuch dieselben Informationen eingeben m\u00fcssen.<\/p>\n<p><strong>Cookies f\u00fcr Statistiken<\/strong><\/p>\n<p>Diese Cookies helfen uns zu verstehen, wie Besucher mit unserer Website interagieren. Sie sammeln anonym Daten \u00fcber die Anzahl der Besucher, die am h\u00e4ufigsten besuchten Seiten, die auf der Website verbrachte Zeit etc. Diese Informationen erm\u00f6glichen es uns, die Leistung und N\u00fctzlichkeit unserer Website zu verbessern.<\/p>\n<p><strong>Cookies f\u00fcr Marketingzwecke<\/strong><\/p>\n<p>Diese Cookies werden verwendet, um Ihnen Werbeanzeigen zu pr\u00e4sentieren, die f\u00fcr Sie und Ihre Interessen relevanter sind. Sie werden auch verwendet, um die Anzahl der Male, die Sie eine Werbung sehen, zu begrenzen und die Wirksamkeit von Werbekampagnen zu messen. Sie verfolgen Ihr Online-Verhalten und k\u00f6nnen an Dritte, wie z. B. Werbetreibende, weitergegeben werden.<\/p>\n<\/div>\n<\/div>\n<div class=\"elementor-element elementor-element-2ed3e98 elementor-widget elementor-widget-text-editor\" data-id=\"2ed3e98\" data-element_type=\"widget\" data-widget_type=\"text-editor.default\">\n<div class=\"elementor-widget-container\">\n<p>Es ist wichtig zu beachten, dass Cookies sicher sind und keine sensiblen Daten, wie z. B. Ihre Bankdaten, enthalten. Sie haben die M\u00f6glichkeit, die Einstellungen Ihres Browsers zu \u00e4ndern oder Ihre Zustimmung direkt auf unserer Website mithilfe der unten stehenden Optionen zu verwalten, wenn Sie bestimmte Cookies akzeptieren oder ablehnen m\u00f6chten.<\/p>\n<\/div>\n<\/div>\n\t\t\t\t\t\t\t\t<\/div>\n\t\t\t\t<\/div>\n\t\t\t\t<div class=\"elementor-element elementor-element-4d1ea40 elementor-widget elementor-widget-html\" data-id=\"4d1ea40\" data-element_type=\"widget\" data-widget_type=\"html.default\">\n\t\t\t\t<div class=\"elementor-widget-container\">\n\t\t\t\t\t<script id=\"CookieDeclaration\" src=\"https:\/\/consent.cookiebot.com\/311bc7de-981e-4d72-973c-d032c5f77d53\/cd.js\" type=\"text\/javascript\" async><\/script>\t\t\t\t<\/div>\n\t\t\t\t<\/div>\n\t\t\t\t\t<\/div>\n\t\t<\/div>\n\t\t\t\t\t<\/div>\n\t\t<\/section>\n\t\t\t\t<\/div>\n\t\t","protected":false},"excerpt":{"rendered":"<p>Verwaltung von Cookies Erkl\u00e4rungen zu Cookies : Cookies sind kleine Textdateien, die unsere Website an Ihren Internetbrowser sendet. Sie werden auf Ihrem Computer oder Mobilger\u00e4t gespeichert und helfen uns, Sie zu erkennen, wenn Sie auf unsere Website zur\u00fcckkehren. Mithilfe von Cookies k\u00f6nnen wir Ihre Online-Erfahrung personalisieren, indem wir uns Ihre Vorlieben merken und Ihnen Inhalte [&hellip;]<\/p>\n","protected":false},"author":1,"featured_media":0,"parent":0,"menu_order":0,"comment_status":"closed","ping_status":"closed","template":"","meta":{"site-sidebar-layout":"no-sidebar","site-content-layout":"page-builder","ast-site-content-layout":"full-width-container","site-content-style":"default","site-sidebar-style":"default","ast-global-header-display":"","ast-banner-title-visibility":"","ast-main-header-display":"","ast-hfb-above-header-display":"","ast-hfb-below-header-display":"","ast-hfb-mobile-header-display":"","site-post-title":"disabled","ast-breadcrumbs-content":"","ast-featured-img":"disabled","footer-sml-layout":"","ast-disable-related-posts":"","theme-transparent-header-meta":"","adv-header-id-meta":"","stick-header-meta":"","header-above-stick-meta":"","header-main-stick-meta":"","header-below-stick-meta":"","astra-migrate-meta-layouts":"default","ast-page-background-enabled":"default","ast-page-background-meta":{"desktop":{"background-color":"var(--ast-global-color-4)","background-image":"","background-repeat":"repeat","background-position":"center center","background-size":"auto","background-attachment":"scroll","background-type":"","background-media":"","overlay-type":"","overlay-color":"","overlay-opacity":"","overlay-gradient":""},"tablet":{"background-color":"","background-image":"","background-repeat":"repeat","background-position":"center center","background-size":"auto","background-attachment":"scroll","background-type":"","background-media":"","overlay-type":"","overlay-color":"","overlay-opacity":"","overlay-gradient":""},"mobile":{"background-color":"","background-image":"","background-repeat":"repeat","background-position":"center center","background-size":"auto","background-attachment":"scroll","background-type":"","background-media":"","overlay-type":"","overlay-color":"","overlay-opacity":"","overlay-gradient":""}},"ast-content-background-meta":{"desktop":{"background-color":"var(--ast-global-color-5)","background-image":"","background-repeat":"repeat","background-position":"center center","background-size":"auto","background-attachment":"scroll","background-type":"","background-media":"","overlay-type":"","overlay-color":"","overlay-opacity":"","overlay-gradient":""},"tablet":{"background-color":"var(--ast-global-color-5)","background-image":"","background-repeat":"repeat","background-position":"center center","background-size":"auto","background-attachment":"scroll","background-type":"","background-media":"","overlay-type":"","overlay-color":"","overlay-opacity":"","overlay-gradient":""},"mobile":{"background-color":"var(--ast-global-color-5)","background-image":"","background-repeat":"repeat","background-position":"center center","background-size":"auto","background-attachment":"scroll","background-type":"","background-media":"","overlay-type":"","overlay-color":"","overlay-opacity":"","overlay-gradient":""}},"footnotes":""},"class_list":["post-6543","page","type-page","status-publish","hentry"],"_links":{"self":[{"href":"https:\/\/www.ecgffr.ch\/de\/wp-json\/wp\/v2\/pages\/6543","targetHints":{"allow":["GET"]}}],"collection":[{"href":"https:\/\/www.ecgffr.ch\/de\/wp-json\/wp\/v2\/pages"}],"about":[{"href":"https:\/\/www.ecgffr.ch\/de\/wp-json\/wp\/v2\/types\/page"}],"author":[{"embeddable":true,"href":"https:\/\/www.ecgffr.ch\/de\/wp-json\/wp\/v2\/users\/1"}],"replies":[{"embeddable":true,"href":"https:\/\/www.ecgffr.ch\/de\/wp-json\/wp\/v2\/comments?post=6543"}],"version-history":[{"count":10,"href":"https:\/\/www.ecgffr.ch\/de\/wp-json\/wp\/v2\/pages\/6543\/revisions"}],"predecessor-version":[{"id":8567,"href":"https:\/\/www.ecgffr.ch\/de\/wp-json\/wp\/v2\/pages\/6543\/revisions\/8567"}],"wp:attachment":[{"href":"https:\/\/www.ecgffr.ch\/de\/wp-json\/wp\/v2\/media?parent=6543"}],"curies":[{"name":"wp","href":"https:\/\/api.w.org\/{rel}","templated":true}]}}