{"id":8507,"date":"2023-09-02T14:38:36","date_gmt":"2023-09-02T12:38:36","guid":{"rendered":"https:\/\/www.ecgffr.ch\/?page_id=8507"},"modified":"2023-09-02T15:36:21","modified_gmt":"2023-09-02T13:36:21","slug":"erklarung-zum-dsg","status":"publish","type":"page","link":"https:\/\/www.ecgffr.ch\/de\/erklarung-zum-dsg\/","title":{"rendered":"Erkl\u00e4rung zum DSG"},"content":{"rendered":"\t\t<div data-elementor-type=\"wp-page\" data-elementor-id=\"8507\" class=\"elementor elementor-8507 elementor-8506\" data-elementor-post-type=\"page\">\n\t\t\t\t\t\t<section class=\"elementor-section elementor-top-section elementor-element elementor-element-6993d21 elementor-section-boxed elementor-section-height-default elementor-section-height-default\" data-id=\"6993d21\" data-element_type=\"section\">\n\t\t\t\t\t\t<div class=\"elementor-container elementor-column-gap-default\">\n\t\t\t\t\t<div class=\"elementor-column elementor-col-100 elementor-top-column elementor-element elementor-element-803bc05\" data-id=\"803bc05\" data-element_type=\"column\">\n\t\t\t<div class=\"elementor-widget-wrap elementor-element-populated\">\n\t\t\t\t\t\t<div class=\"elementor-element elementor-element-094344c elementor-widget elementor-widget-heading\" data-id=\"094344c\" data-element_type=\"widget\" data-widget_type=\"heading.default\">\n\t\t\t\t<div class=\"elementor-widget-container\">\n\t\t\t\t\t<h2 class=\"elementor-heading-title elementor-size-default\">Erkl\u00e4rung zum nLPD<\/h2>\t\t\t\t<\/div>\n\t\t\t\t<\/div>\n\t\t\t\t<div class=\"elementor-element elementor-element-3907e22 elementor-widget elementor-widget-text-editor\" data-id=\"3907e22\" data-element_type=\"widget\" data-widget_type=\"text-editor.default\">\n\t\t\t\t<div class=\"elementor-widget-container\">\n\t\t\t\t\t\t\t\t\t<div class=\"elementor-element elementor-element-4c4c1d5 elementor-widget elementor-widget-heading\" data-id=\"4c4c1d5\" data-element_type=\"widget\" data-widget_type=\"heading.default\">\n<div class=\"elementor-widget-container\">\n<div class=\"elementor-element elementor-element-ce9a7da elementor-widget elementor-widget-heading\" data-id=\"ce9a7da\" data-element_type=\"widget\" data-widget_type=\"heading.default\">\n<div class=\"elementor-widget-container\">\n<h4 class=\"elementor-heading-title elementor-size-default\">Einf\u00fchrung<\/h4>\n<\/div>\n<\/div>\n<div class=\"elementor-element elementor-element-3590d7c elementor-widget elementor-widget-text-editor\" data-id=\"3590d7c\" data-element_type=\"widget\" data-widget_type=\"text-editor.default\">\n<div class=\"elementor-widget-container\">\n<p>Diese Datenschutzerkl\u00e4rung legt fest, wie L&#8217;Ecole de Culture G\u00e9n\u00e9rale Fribourg die von den Nutzern der Website: ecgffr.ch und aller ihrer Subdomains gesammelten Informationen erfasst, verwendet, speichert und weitergibt.<\/p>\n<\/div>\n<\/div>\n<div class=\"elementor-element elementor-element-bd3e107 elementor-widget elementor-widget-text-editor\" data-id=\"bd3e107\" data-element_type=\"widget\" data-widget_type=\"text-editor.default\">\n<div class=\"elementor-widget-container\">\n<p>In \u00dcbereinstimmung mit dem am 1. September 2023 in Kraft getretenen nDSG und unserer Datenschutzerkl\u00e4rung ist die Ecole de Culture G\u00e9n\u00e9rale Fribourg &#8211; Avenue du Mol\u00e9son 17 \/ CH-1700 Fribourg f\u00fcr die Verarbeitung Ihrer Daten verantwortlich.<\/p>\n<p>Wenn Sie Fragen oder Anliegen im Zusammenhang mit dem Datenschutz haben, k\u00f6nnen Sie uns an ecgf-fmsf@edufr.ch schreiben.  <\/p>\n<\/div>\n<\/div>\n<div class=\"elementor-element elementor-element-3b50a0c elementor-widget elementor-widget-heading\" data-id=\"3b50a0c\" data-element_type=\"widget\" data-widget_type=\"heading.default\">\n<div class=\"elementor-widget-container\">\n<h4 class=\"elementor-heading-title elementor-size-default\">Sammeln von Informationen<\/h4>\n<\/div>\n<\/div>\n<div class=\"elementor-element elementor-element-6668e08 elementor-widget elementor-widget-text-editor\" data-id=\"6668e08\" data-element_type=\"widget\" data-widget_type=\"text-editor.default\">\n<div class=\"elementor-widget-container\">\n<p>Wenn Sie mit unserer Website interagieren, bitten wir Sie m\u00f6glicherweise um die Angabe bestimmter pers\u00f6nlicher Informationen, die verwendet werden k\u00f6nnen, um Sie zu kontaktieren oder zu identifizieren. Pers\u00f6nliche Informationen k\u00f6nnen Folgendes umfassen, sind aber nicht darauf beschr\u00e4nkt:<\/p>\n<ul>\n<li>Vollst\u00e4ndiger Name<\/li>\n<li>E-Mail-Adresse<\/li>\n<li>Telefonnummer<\/li>\n<li>Postanschrift<\/li>\n<li>Sozialversicherungsnummer oder gleichwertig<\/li>\n<li>Geburtsdatum<\/li>\n<li>Genre<\/li>\n<li>Zahlungsinformationen (z. B. Kreditkartennummern)<\/li>\n<\/ul>\n<\/div>\n<\/div>\n<div class=\"elementor-element elementor-element-39ef36c elementor-widget elementor-widget-text-editor\" data-id=\"39ef36c\" data-element_type=\"widget\" data-widget_type=\"text-editor.default\">\n<div class=\"elementor-widget-container\">\n<p><strong>Berufliche Informationen<\/strong> <br \/>Wenn Sie unsere Website in einem gesch\u00e4ftlichen Kontext nutzen, k\u00f6nnen wir auch Informationen wie :<\/p>\n<ul>\n<li>Name des Unternehmens<\/li>\n<li>Berufsbezeichnung<\/li>\n<li>Adresse des Unternehmens<\/li>\n<li>Gesch\u00e4ftliche Telefonnummer<\/li>\n<li>Gesch\u00e4ftliche E-Mail-Adresse<\/li>\n<\/ul>\n<\/div>\n<\/div>\n<div class=\"elementor-element elementor-element-3c40f25 elementor-widget elementor-widget-text-editor\" data-id=\"3c40f25\" data-element_type=\"widget\" data-widget_type=\"text-editor.default\">\n<div class=\"elementor-widget-container\">\n<p><strong>Technische und Nutzungsinformationen<\/strong><\/p>\n<p>Wir sammeln auch Informationen dar\u00fcber, wie auf unsere Website zugegriffen und wie sie genutzt wird. Diese nicht-pers\u00f6nlichen Daten k\u00f6nnen Informationen wie die IP-Adresse Ihres Computers, den Browsertyp, die Browserversion und die Seiten unserer Website, die Sie besuchen, umfassen.<\/p>\n<p>Dies ist eine nicht ersch\u00f6pfende Liste von Informationen. Wenn Sie weitere Informationen zu dieser Liste w\u00fcnschen, wenden Sie sich bitte an uns.<\/p>\n<ul>\n<li>IP-Adresse<\/li>\n<li>Browsertyp und -version<\/li>\n<li>Betriebssystem<\/li>\n<li>Seiten der Website, die Sie besuchen<\/li>\n<li>Datum und Uhrzeit Ihres Besuchs<\/li>\n<li>Auf bestimmten Seiten verbrachte Zeit<\/li>\n<li>Mobile Ger\u00e4tekennungen<\/li>\n<\/ul>\n<\/div>\n<\/div>\n<div class=\"elementor-element elementor-element-61eec03 elementor-widget elementor-widget-text-editor\" data-id=\"61eec03\" data-element_type=\"widget\" data-widget_type=\"text-editor.default\">\n<div class=\"elementor-widget-container\">\n<p><strong>Standortdaten<\/strong><\/p>\n<p>Wir k\u00f6nnen Informationen \u00fcber Ihren Standort sammeln und verwenden, wenn Sie uns die Erlaubnis dazu geben.<\/p>\n<\/div>\n<\/div>\n<div class=\"elementor-element elementor-element-a7b6ffb elementor-widget elementor-widget-text-editor\" data-id=\"a7b6ffb\" data-element_type=\"widget\" data-widget_type=\"text-editor.default\">\n<div class=\"elementor-widget-container\">\n<p><strong>Daten aus sozialen Netzwerken<\/strong><\/p>\n<p>Wenn Sie sich daf\u00fcr entscheiden, sich \u00fcber eine Social-Media-Plattform mit unserer Website zu verbinden, k\u00f6nnen wir zus\u00e4tzliche Informationen wie Ihren Benutzernamen, Ihr Profilbild und andere Daten, die Sie freiwillig zug\u00e4nglich machen, sammeln.<\/p>\n<\/div>\n<\/div>\n<div class=\"elementor-element elementor-element-eee5e36 elementor-widget elementor-widget-text-editor\" data-id=\"eee5e36\" data-element_type=\"widget\" data-widget_type=\"text-editor.default\">\n<div class=\"elementor-widget-container\">\n<p><strong>\u00dcber Dritte gesammelte Daten<\/strong><\/p>\n<p>Wir k\u00f6nnen auch Informationen \u00fcber Sie von Dritten erhalten, z. B. von Werbepartnern oder Datenanbietern.<\/p>\n<\/div>\n<\/div>\n<div class=\"elementor-element elementor-element-0228848 elementor-widget elementor-widget-text-editor\" data-id=\"0228848\" data-element_type=\"widget\" data-widget_type=\"text-editor.default\">\n<div class=\"elementor-widget-container\">\n<p><strong>Andere Informationen, die Sie bereitstellen<\/strong><\/p>\n<p>Alle anderen Informationen, die Sie uns freiwillig zur Verf\u00fcgung stellen, z. B. durch das Ausf\u00fcllen eines Formulars, die Teilnahme an einer Umfrage oder die Nutzung eines Live-Chats auf unserer Website.<\/p>\n<\/div>\n<\/div>\n<div class=\"elementor-element elementor-element-a15aa16 elementor-widget elementor-widget-text-editor\" data-id=\"a15aa16\" data-element_type=\"widget\" data-widget_type=\"text-editor.default\">\n<div class=\"elementor-widget-container\">\n<p><strong>Cookies<\/strong><\/p>\n<p>Wir verwenden mehrere g\u00e4ngige Technologien, darunter &#8222;Cookies&#8220;, um Daten zu sammeln, zu speichern und zu analysieren, wenn Sie unsere Website nutzen. Weitere Informationen zu diesem Thema finden Sie in <a href=\"https:\/\/www.ecgffr.ch\/de\/cookie-richtlinie\/\"><br \/>\n  <strong>unserer Cookie-Richtlinie<\/strong><br \/>\n<\/a> und entscheiden, ob Sie diese akzeptieren oder nicht.<\/p>\n<p>Das System Google Analytics verwendet ebenfalls Cookies (siehe Absatz oben). Weitere Informationen zur Datenverarbeitung durch Google finden Sie in den Datenschutzbestimmungen von Google (https:\/\/policies.google.com\/privacy?hl=fr).<\/p>\n<\/div>\n<\/div>\n<div class=\"elementor-element elementor-element-52f944f elementor-widget elementor-widget-heading\" data-id=\"52f944f\" data-element_type=\"widget\" data-widget_type=\"heading.default\">\n<div class=\"elementor-widget-container\">\n<h4 class=\"elementor-heading-title elementor-size-default\">Verwendung von Informationen<\/h4>\n<\/div>\n<\/div>\n<div class=\"elementor-element elementor-element-3b1fce0 elementor-widget elementor-widget-text-editor\" data-id=\"3b1fce0\" data-element_type=\"widget\" data-widget_type=\"text-editor.default\">\n<div class=\"elementor-widget-container\">\n<p class=\"p2\">Die von uns gesammelten Informationen werden verwendet, um :<\/p>\n<ul class=\"ul1\">\n<li class=\"li2\">Bereitstellung und Pflege unserer Website<\/li>\n<li class=\"li2\">mit Ihnen zu kommunizieren, einschlie\u00dflich der Beantwortung Ihrer Fragen oder Antr\u00e4ge<\/li>\n<li class=\"li2\">Verbesserung unserer Website auf der Grundlage von Feedback und Nutzungsdaten<\/li>\n<li class=\"li2\">Versenden von Newslettern, Werbeaktionen und Informationen \u00fcber Dritte, wenn Sie dem ausdr\u00fccklich zugestimmt haben<\/li>\n<\/ul>\n<\/div>\n<\/div>\n<div class=\"elementor-element elementor-element-1647f9e elementor-widget elementor-widget-heading\" data-id=\"1647f9e\" data-element_type=\"widget\" data-widget_type=\"heading.default\">\n<div class=\"elementor-widget-container\">\n<h4 class=\"elementor-heading-title elementor-size-default\">Teilen von Informationen<\/h4>\n<\/div>\n<\/div>\n<div class=\"elementor-element elementor-element-690c49f elementor-widget elementor-widget-text-editor\" data-id=\"690c49f\" data-element_type=\"widget\" data-widget_type=\"text-editor.default\">\n<div class=\"elementor-widget-container\">\n<p class=\"p1\">Ihre Daten werden nicht an Dritte verkauft, getauscht oder vermietet. Wir geben Ihre Daten nur in den folgenden Situationen an Dritte weiter:<\/p>\n<ul class=\"ul1\">\n<li class=\"li1\">Um einer gesetzlichen Verpflichtung nachzukommen<\/li>\n<li class=\"li1\">Um unsere Rechte zu sch\u00fctzen und zu verteidigen<\/li>\n<li class=\"li1\">Mit dritten Dienstleistern, die uns beim Betrieb unserer Website oder bei der Durchf\u00fchrung von Aktivit\u00e4ten im Zusammenhang mit unserem Gesch\u00e4ft unterst\u00fctzen, sofern sie damit einverstanden sind, diese Informationen vertraulich zu behandeln<\/li>\n<\/ul>\n<\/div>\n<\/div>\n<div class=\"elementor-element elementor-element-93998ef elementor-widget elementor-widget-heading\" data-id=\"93998ef\" data-element_type=\"widget\" data-widget_type=\"heading.default\">\n<div class=\"elementor-widget-container\">\n<h4 class=\"elementor-heading-title elementor-size-default\">Sicherheit<\/h4>\n<\/div>\n<\/div>\n<div class=\"elementor-element elementor-element-03a674a elementor-widget elementor-widget-text-editor\" data-id=\"03a674a\" data-element_type=\"widget\" data-widget_type=\"text-editor.default\">\n<div class=\"elementor-widget-container\">\n<p class=\"p1\">Wir setzen angemessene Sicherheitsma\u00dfnahmen ein, um Ihre Daten vor unbefugtem Zugriff, \u00c4nderung, Offenlegung oder Zerst\u00f6rung zu sch\u00fctzen. Bitte beachten Sie jedoch, dass keine Methode der elektronischen \u00dcbertragung oder Speicherung vollst\u00e4ndig sicher ist.<\/p>\n<\/div>\n<\/div>\n<div class=\"elementor-element elementor-element-3d195b2 elementor-widget elementor-widget-heading\" data-id=\"3d195b2\" data-element_type=\"widget\" data-widget_type=\"heading.default\">\n<div class=\"elementor-widget-container\">\n<h4 class=\"elementor-heading-title elementor-size-default\">Ihre Rechte<\/h4>\n<\/div>\n<\/div>\n<div class=\"elementor-element elementor-element-d6e63e6 elementor-widget elementor-widget-text-editor\" data-id=\"d6e63e6\" data-element_type=\"widget\" data-widget_type=\"text-editor.default\">\n<div class=\"elementor-widget-container\">\n<p class=\"p1\">Gem\u00e4\u00df der nLPD haben Sie das Recht :<\/p>\n<ul class=\"ul1\">\n<li class=\"li1\">Zugriff auf Ihre pers\u00f6nlichen Daten<\/li>\n<li class=\"li1\">Ungenaue Daten korrigieren<\/li>\n<li class=\"li1\">Die L\u00f6schung Ihrer Daten beantragen<\/li>\n<li class=\"li1\">Ihre Zustimmung zur\u00fcckziehen<\/li>\n<\/ul>\n<p class=\"p1\">Um diese Rechte auszu\u00fcben, wenden Sie sich an uns unter <strong>ecgf-fmsf@edufr.ch <\/strong> <\/p>\n<\/div>\n<\/div>\n<div class=\"elementor-element elementor-element-086b5b4 elementor-widget elementor-widget-heading\" data-id=\"086b5b4\" data-element_type=\"widget\" data-widget_type=\"heading.default\">\n<div class=\"elementor-widget-container\">\n<h4 class=\"elementor-heading-title elementor-size-default\">\u00c4nderungen an dieser Erkl\u00e4rung<\/h4>\n<\/div>\n<\/div>\n<div class=\"elementor-element elementor-element-e68c0b1 elementor-widget elementor-widget-text-editor\" data-id=\"e68c0b1\" data-element_type=\"widget\" data-widget_type=\"text-editor.default\">\n<div class=\"elementor-widget-container\">\n<p class=\"p1\">Wir behalten uns das Recht vor, diese Datenschutzerkl\u00e4rung jederzeit zu aktualisieren. \u00c4nderungen werden sofort auf dieser Seite ver\u00f6ffentlicht.<\/p>\n<\/div>\n<\/div>\n<\/div>\n<\/div>\n\t\t\t\t\t\t\t\t<\/div>\n\t\t\t\t<\/div>\n\t\t\t\t\t<\/div>\n\t\t<\/div>\n\t\t\t\t\t<\/div>\n\t\t<\/section>\n\t\t\t\t<\/div>\n\t\t","protected":false},"excerpt":{"rendered":"<p>Erkl\u00e4rung zum nLPD Einf\u00fchrung Diese Datenschutzerkl\u00e4rung legt fest, wie L&#8217;Ecole de Culture G\u00e9n\u00e9rale Fribourg die von den Nutzern der Website: ecgffr.ch und aller ihrer Subdomains gesammelten Informationen erfasst, verwendet, speichert und weitergibt. In \u00dcbereinstimmung mit dem am 1. September 2023 in Kraft getretenen nDSG und unserer Datenschutzerkl\u00e4rung ist die Ecole de Culture G\u00e9n\u00e9rale Fribourg &#8211; [&hellip;]<\/p>\n","protected":false},"author":1,"featured_media":0,"parent":0,"menu_order":0,"comment_status":"closed","ping_status":"closed","template":"","meta":{"site-sidebar-layout":"no-sidebar","site-content-layout":"page-builder","ast-site-content-layout":"full-width-container","site-content-style":"default","site-sidebar-style":"default","ast-global-header-display":"","ast-banner-title-visibility":"","ast-main-header-display":"","ast-hfb-above-header-display":"","ast-hfb-below-header-display":"","ast-hfb-mobile-header-display":"","site-post-title":"disabled","ast-breadcrumbs-content":"","ast-featured-img":"disabled","footer-sml-layout":"","ast-disable-related-posts":"","theme-transparent-header-meta":"","adv-header-id-meta":"","stick-header-meta":"","header-above-stick-meta":"","header-main-stick-meta":"","header-below-stick-meta":"","astra-migrate-meta-layouts":"default","ast-page-background-enabled":"default","ast-page-background-meta":{"desktop":{"background-color":"var(--ast-global-color-4)","background-image":"","background-repeat":"repeat","background-position":"center center","background-size":"auto","background-attachment":"scroll","background-type":"","background-media":"","overlay-type":"","overlay-color":"","overlay-opacity":"","overlay-gradient":""},"tablet":{"background-color":"","background-image":"","background-repeat":"repeat","background-position":"center center","background-size":"auto","background-attachment":"scroll","background-type":"","background-media":"","overlay-type":"","overlay-color":"","overlay-opacity":"","overlay-gradient":""},"mobile":{"background-color":"","background-image":"","background-repeat":"repeat","background-position":"center center","background-size":"auto","background-attachment":"scroll","background-type":"","background-media":"","overlay-type":"","overlay-color":"","overlay-opacity":"","overlay-gradient":""}},"ast-content-background-meta":{"desktop":{"background-color":"var(--ast-global-color-5)","background-image":"","background-repeat":"repeat","background-position":"center center","background-size":"auto","background-attachment":"scroll","background-type":"","background-media":"","overlay-type":"","overlay-color":"","overlay-opacity":"","overlay-gradient":""},"tablet":{"background-color":"var(--ast-global-color-5)","background-image":"","background-repeat":"repeat","background-position":"center center","background-size":"auto","background-attachment":"scroll","background-type":"","background-media":"","overlay-type":"","overlay-color":"","overlay-opacity":"","overlay-gradient":""},"mobile":{"background-color":"var(--ast-global-color-5)","background-image":"","background-repeat":"repeat","background-position":"center center","background-size":"auto","background-attachment":"scroll","background-type":"","background-media":"","overlay-type":"","overlay-color":"","overlay-opacity":"","overlay-gradient":""}},"footnotes":""},"class_list":["post-8507","page","type-page","status-publish","hentry"],"_links":{"self":[{"href":"https:\/\/www.ecgffr.ch\/de\/wp-json\/wp\/v2\/pages\/8507","targetHints":{"allow":["GET"]}}],"collection":[{"href":"https:\/\/www.ecgffr.ch\/de\/wp-json\/wp\/v2\/pages"}],"about":[{"href":"https:\/\/www.ecgffr.ch\/de\/wp-json\/wp\/v2\/types\/page"}],"author":[{"embeddable":true,"href":"https:\/\/www.ecgffr.ch\/de\/wp-json\/wp\/v2\/users\/1"}],"replies":[{"embeddable":true,"href":"https:\/\/www.ecgffr.ch\/de\/wp-json\/wp\/v2\/comments?post=8507"}],"version-history":[{"count":8,"href":"https:\/\/www.ecgffr.ch\/de\/wp-json\/wp\/v2\/pages\/8507\/revisions"}],"predecessor-version":[{"id":8555,"href":"https:\/\/www.ecgffr.ch\/de\/wp-json\/wp\/v2\/pages\/8507\/revisions\/8555"}],"wp:attachment":[{"href":"https:\/\/www.ecgffr.ch\/de\/wp-json\/wp\/v2\/media?parent=8507"}],"curies":[{"name":"wp","href":"https:\/\/api.w.org\/{rel}","templated":true}]}}