{"id":1137,"date":"2022-12-12T18:12:21","date_gmt":"2022-12-12T17:12:21","guid":{"rendered":"http:\/\/www.ecgffr.ch\/?page_id=1137"},"modified":"2025-07-16T11:22:47","modified_gmt":"2025-07-16T09:22:47","slug":"activites-culturelles","status":"publish","type":"page","link":"https:\/\/www.ecgffr.ch\/fr\/vie-de-lecole\/activites-culturelles\/","title":{"rendered":"Activit\u00e9s culturelles"},"content":{"rendered":"\t\t<div data-elementor-type=\"wp-page\" data-elementor-id=\"1137\" class=\"elementor elementor-1137\" data-elementor-post-type=\"page\">\n\t\t\t\t\t\t<section class=\"elementor-section elementor-top-section elementor-element elementor-element-a132928 elementor-section-height-min-height elementor-section-boxed elementor-section-height-default elementor-section-items-middle\" data-id=\"a132928\" data-element_type=\"section\" data-settings=\"{&quot;background_background&quot;:&quot;classic&quot;}\">\n\t\t\t\t\t\t\t<div class=\"elementor-background-overlay\"><\/div>\n\t\t\t\t\t\t\t<div class=\"elementor-container elementor-column-gap-default\">\n\t\t\t\t\t<div class=\"elementor-column elementor-col-100 elementor-top-column elementor-element elementor-element-a9ca4dc\" data-id=\"a9ca4dc\" data-element_type=\"column\">\n\t\t\t<div class=\"elementor-widget-wrap elementor-element-populated\">\n\t\t\t\t\t\t<div class=\"elementor-element elementor-element-a944bd4 elementor-widget elementor-widget-heading\" data-id=\"a944bd4\" data-element_type=\"widget\" data-widget_type=\"heading.default\">\n\t\t\t\t<div class=\"elementor-widget-container\">\n\t\t\t\t\t<h4 class=\"elementor-heading-title elementor-size-default\">Vie de l'\u00e9cole - Activit\u00e9s culturelles<\/h4>\t\t\t\t<\/div>\n\t\t\t\t<\/div>\n\t\t\t\t<div class=\"elementor-element elementor-element-5f2458b elementor-widget elementor-widget-heading\" data-id=\"5f2458b\" data-element_type=\"widget\" data-widget_type=\"heading.default\">\n\t\t\t\t<div class=\"elementor-widget-container\">\n\t\t\t\t\t<h1 class=\"elementor-heading-title elementor-size-default\">Activit\u00e9s culturelles<\/h1>\t\t\t\t<\/div>\n\t\t\t\t<\/div>\n\t\t\t\t<div class=\"elementor-element elementor-element-a8f4c69 elementor-icon-list--layout-inline elementor-align-center elementor-list-item-link-full_width elementor-widget elementor-widget-icon-list\" data-id=\"a8f4c69\" data-element_type=\"widget\" data-widget_type=\"icon-list.default\">\n\t\t\t\t<div class=\"elementor-widget-container\">\n\t\t\t\t\t\t\t<ul class=\"elementor-icon-list-items elementor-inline-items\">\n\t\t\t\t\t\t\t<li class=\"elementor-icon-list-item elementor-inline-item\">\n\t\t\t\t\t\t\t\t\t\t\t<a href=\"https:\/\/www.ecgffr.ch\/fr\/vie-de-lecole\/\">\n\n\t\t\t\t\t\t\t\t\t\t\t\t<span class=\"elementor-icon-list-icon\">\n\t\t\t\t\t\t\t<i aria-hidden=\"true\" class=\"fas fa-long-arrow-alt-left\"><\/i>\t\t\t\t\t\t<\/span>\n\t\t\t\t\t\t\t\t\t\t<span class=\"elementor-icon-list-text\">Revenir \u00e0 vie de l'\u00e9cole<\/span>\n\t\t\t\t\t\t\t\t\t\t\t<\/a>\n\t\t\t\t\t\t\t\t\t<\/li>\n\t\t\t\t\t\t<\/ul>\n\t\t\t\t\t\t<\/div>\n\t\t\t\t<\/div>\n\t\t\t\t\t<\/div>\n\t\t<\/div>\n\t\t\t\t\t<\/div>\n\t\t<\/section>\n\t\t\t\t<section class=\"elementor-section elementor-top-section elementor-element elementor-element-50a07b3 elementor-section-boxed elementor-section-height-default elementor-section-height-default\" data-id=\"50a07b3\" data-element_type=\"section\">\n\t\t\t\t\t\t<div class=\"elementor-container elementor-column-gap-default\">\n\t\t\t\t\t<div class=\"elementor-column elementor-col-100 elementor-top-column elementor-element elementor-element-c86b85c\" data-id=\"c86b85c\" data-element_type=\"column\">\n\t\t\t<div class=\"elementor-widget-wrap elementor-element-populated\">\n\t\t\t\t\t\t<div class=\"elementor-element elementor-element-26f24f8 elementor-widget elementor-widget-heading\" data-id=\"26f24f8\" data-element_type=\"widget\" data-widget_type=\"heading.default\">\n\t\t\t\t<div class=\"elementor-widget-container\">\n\t\t\t\t\t<h2 class=\"elementor-heading-title elementor-size-default\">Activit\u00e9s culturelles 2025-2026<\/h2>\t\t\t\t<\/div>\n\t\t\t\t<\/div>\n\t\t\t\t<section class=\"elementor-section elementor-inner-section elementor-element elementor-element-9cea320 elementor-section-boxed elementor-section-height-default elementor-section-height-default\" data-id=\"9cea320\" data-element_type=\"section\">\n\t\t\t\t\t\t<div class=\"elementor-container elementor-column-gap-default\">\n\t\t\t\t\t<div class=\"elementor-column elementor-col-100 elementor-inner-column elementor-element elementor-element-b4d9f3c\" data-id=\"b4d9f3c\" data-element_type=\"column\">\n\t\t\t<div class=\"elementor-widget-wrap elementor-element-populated\">\n\t\t\t\t\t\t<div class=\"elementor-element elementor-element-2496901 uael-posts-thumbnail-ratio elementor-widget elementor-widget-uael-posts\" data-id=\"2496901\" data-element_type=\"widget\" data-settings=\"{&quot;card_slides_to_show&quot;:3,&quot;card_slides_to_show_tablet&quot;:2,&quot;card_slides_to_show_mobile&quot;:1,&quot;card_show_filters&quot;:&quot;no&quot;}\" data-widget_type=\"uael-posts.card\">\n\t\t\t\t<div class=\"elementor-widget-container\">\n\t\t\t\t\t\t\t<div class=\"uael-post__header\">\n\t\t\t\t\t<\/div>\n\t\t<div class=\"uael-post__body\">\n\t\t\t\n\t\t\n\t\t<div class=\"uael-post-grid uael-posts\" data-query-type=\"custom\" data-structure=\"normal\" data-layout=\"\" data-page=\"1137\" data-skin=\"card\" data-filter-default=\"\" data-offset-top=\"30\" >\n\n\t\t\t\t\t\t\t<div class=\"uael-post-grid__inner uael-post__columns-3 uael-post__columns-tablet-2 uael-post__columns-mobile-1\">\n\t\t\t\n<div class=\"uael-post-wrapper   \">\n\t<div class=\"uael-post__bg-wrap\">\n\n\t\t\t\t\n\t\t<div class=\"uael-post__inner-wrap \">\n\n\t\t\t\t<div class=\"uael-post__thumbnail\">\n\t\t\t\n\t\t\t<a href=\"https:\/\/www.ecgffr.ch\/fr\/dans-la-trace-de-n23732\/\" target=\"_self\" title=\"\u00ab Dans la trace de N23732 \u00bb\"><img fetchpriority=\"high\" decoding=\"async\" width=\"1024\" height=\"1024\" src=\"https:\/\/www.ecgffr.ch\/wp-content\/uploads\/2025\/07\/Dans-la-trace-de-N23732.jpg\" class=\"attachment-full size-full wp-image-14604\" alt=\"\" srcset=\"https:\/\/www.ecgffr.ch\/wp-content\/uploads\/2025\/07\/Dans-la-trace-de-N23732.jpg 1024w, https:\/\/www.ecgffr.ch\/wp-content\/uploads\/2025\/07\/Dans-la-trace-de-N23732-300x300.jpg 300w, https:\/\/www.ecgffr.ch\/wp-content\/uploads\/2025\/07\/Dans-la-trace-de-N23732-150x150.jpg 150w, https:\/\/www.ecgffr.ch\/wp-content\/uploads\/2025\/07\/Dans-la-trace-de-N23732-768x768.jpg 768w\" sizes=\"(max-width: 1024px) 100vw, 1024px\" \/><\/a>\n\t\t\t\t\t<\/div>\n\t\t\n\t\t\t\n\t\t\t<div class=\"uael-post__content-wrap\">\n\n\t\t\t\t\t<h3 class=\"uael-post__title\">\n\n\t\t\n\t\t\t\t\t\t<a href=\"https:\/\/www.ecgffr.ch\/fr\/dans-la-trace-de-n23732\/\" target=\"_self\">\n\t\t\t\t\u00ab Dans la trace de N23732 \u00bb\t\t\t<\/a>\n\n\t\t\t\t<\/h3>\n\t\t\t\t\t<div class=\"uael-post__meta-data\">\n\t\t\t\t\t<\/div>\n\t\t<div class=\"uael-post__separator\"><\/div>\n\t\t<div class=\"uael-post__excerpt\">\n\t\t\tLundi 22 septembre 2025; Mardi 23 septembre 2025; Mercredi 24 septembre 2025. \t\t<\/div>\n\n\t\t\t\t\t<a class=\"uael-post__read-more elementor-button\" href=\"https:\/\/www.ecgffr.ch\/fr\/dans-la-trace-de-n23732\/\" target=\"_self\" aria-labelledby=\"uael-post-11816\">\n\t\t\t\t\t<span class=\"elementor-button-content-wrapper\">\n\t\t\t\t\t\t\t\t\t\t\t\t\t\t<span class=\"elementor-button-icon elementor-align-icon-left\">\n\n\t\t\t\t\t\t\t\t\t\n\t\t\t\t\t\t\t\t<\/span>\n\t\t\t\t\t\t\t\t\t\t\t\t\t\n\t\t\t\t\t\t<span class=\"elementor-button-text\" id=uael-post-11816>En savoir plus  \u2192<\/span>\n\t\t\t\t\t<\/span>\n\t\t\t\t<\/a>\n\t\t\t\t\t\t<\/div>\n\t\t\t\n\t\t<\/div>\n\t\t\n\t<\/div>\n\n<\/div>\n\n<div class=\"uael-post-wrapper   \">\n\t<div class=\"uael-post__bg-wrap\">\n\n\t\t\t\t\n\t\t<div class=\"uael-post__inner-wrap \">\n\n\t\t\t\t<div class=\"uael-post__thumbnail\">\n\t\t\t\n\t\t\t<a href=\"https:\/\/www.ecgffr.ch\/fr\/alceste-a-bicyclette\/\" target=\"_self\" title=\"\u00ab Alceste \u00e0 bicyclette\u00bb\"><img decoding=\"async\" width=\"600\" height=\"800\" src=\"https:\/\/www.ecgffr.ch\/wp-content\/uploads\/2025\/07\/Alceste-a-bicyclette-1.jpg\" class=\"attachment-full size-full wp-image-14621\" alt=\"\" srcset=\"https:\/\/www.ecgffr.ch\/wp-content\/uploads\/2025\/07\/Alceste-a-bicyclette-1.jpg 600w, https:\/\/www.ecgffr.ch\/wp-content\/uploads\/2025\/07\/Alceste-a-bicyclette-1-225x300.jpg 225w\" sizes=\"(max-width: 600px) 100vw, 600px\" \/><\/a>\n\t\t\t\t\t<\/div>\n\t\t\n\t\t\t\n\t\t\t<div class=\"uael-post__content-wrap\">\n\n\t\t\t\t\t<h3 class=\"uael-post__title\">\n\n\t\t\n\t\t\t\t\t\t<a href=\"https:\/\/www.ecgffr.ch\/fr\/alceste-a-bicyclette\/\" target=\"_self\">\n\t\t\t\t\u00ab Alceste \u00e0 bicyclette\u00bb\t\t\t<\/a>\n\n\t\t\t\t<\/h3>\n\t\t\t\t\t<div class=\"uael-post__meta-data\">\n\t\t\t\t\t<\/div>\n\t\t<div class=\"uael-post__separator\"><\/div>\n\t\t<div class=\"uael-post__excerpt\">\n\t\t\tLundi 27 octobre 2025; Vendredi 31 octobre 2025.\t\t<\/div>\n\n\t\t\t\t\t<a class=\"uael-post__read-more elementor-button\" href=\"https:\/\/www.ecgffr.ch\/fr\/alceste-a-bicyclette\/\" target=\"_self\" aria-labelledby=\"uael-post-11799\">\n\t\t\t\t\t<span class=\"elementor-button-content-wrapper\">\n\t\t\t\t\t\t\t\t\t\t\t\t\t\t<span class=\"elementor-button-icon elementor-align-icon-left\">\n\n\t\t\t\t\t\t\t\t\t\n\t\t\t\t\t\t\t\t<\/span>\n\t\t\t\t\t\t\t\t\t\t\t\t\t\n\t\t\t\t\t\t<span class=\"elementor-button-text\" id=uael-post-11799>En savoir plus  \u2192<\/span>\n\t\t\t\t\t<\/span>\n\t\t\t\t<\/a>\n\t\t\t\t\t\t<\/div>\n\t\t\t\n\t\t<\/div>\n\t\t\n\t<\/div>\n\n<\/div>\n\n<div class=\"uael-post-wrapper   \">\n\t<div class=\"uael-post__bg-wrap\">\n\n\t\t\t\t\n\t\t<div class=\"uael-post__inner-wrap \">\n\n\t\t\t\t<div class=\"uael-post__thumbnail\">\n\t\t\t\n\t\t\t<a href=\"https:\/\/www.ecgffr.ch\/fr\/le-misanthrope\/\" target=\"_self\" title=\"\u00ab Le Misanthrope \u00bb\"><img decoding=\"async\" width=\"275\" height=\"183\" src=\"https:\/\/www.ecgffr.ch\/wp-content\/uploads\/2025\/07\/Le-Misanthrope-3.jpg\" class=\"attachment-full size-full wp-image-14636\" alt=\"\" \/><\/a>\n\t\t\t\t\t<\/div>\n\t\t\n\t\t\t\n\t\t\t<div class=\"uael-post__content-wrap\">\n\n\t\t\t\t\t<h3 class=\"uael-post__title\">\n\n\t\t\n\t\t\t\t\t\t<a href=\"https:\/\/www.ecgffr.ch\/fr\/le-misanthrope\/\" target=\"_self\">\n\t\t\t\t\u00ab Le Misanthrope \u00bb\t\t\t<\/a>\n\n\t\t\t\t<\/h3>\n\t\t\t\t\t<div class=\"uael-post__meta-data\">\n\t\t\t\t\t<\/div>\n\t\t<div class=\"uael-post__separator\"><\/div>\n\t\t<div class=\"uael-post__excerpt\">\n\t\t\tMardi 4 novembre 2025; Mercredi 5 novembre 2025; Mardi 11 novembre 2025; Mercredi 12 novembre 2025; Mardi 18 novembre 2025; Mercredi 19 novembre 2025; Mercredi ...\t\t<\/div>\n\n\t\t\t\t\t<a class=\"uael-post__read-more elementor-button\" href=\"https:\/\/www.ecgffr.ch\/fr\/le-misanthrope\/\" target=\"_self\" aria-labelledby=\"uael-post-11827\">\n\t\t\t\t\t<span class=\"elementor-button-content-wrapper\">\n\t\t\t\t\t\t\t\t\t\t\t\t\t\t<span class=\"elementor-button-icon elementor-align-icon-left\">\n\n\t\t\t\t\t\t\t\t\t\n\t\t\t\t\t\t\t\t<\/span>\n\t\t\t\t\t\t\t\t\t\t\t\t\t\n\t\t\t\t\t\t<span class=\"elementor-button-text\" id=uael-post-11827>En savoir plus  \u2192<\/span>\n\t\t\t\t\t<\/span>\n\t\t\t\t<\/a>\n\t\t\t\t\t\t<\/div>\n\t\t\t\n\t\t<\/div>\n\t\t\n\t<\/div>\n\n<\/div>\n\n<div class=\"uael-post-wrapper   \">\n\t<div class=\"uael-post__bg-wrap\">\n\n\t\t\t\t\n\t\t<div class=\"uael-post__inner-wrap \">\n\n\t\t\t\t<div class=\"uael-post__thumbnail\">\n\t\t\t\n\t\t\t<a href=\"https:\/\/www.ecgffr.ch\/fr\/duel-de-pianos\/\" target=\"_self\" title=\"\u00ab Duel de pianos \u00bb\"><img loading=\"lazy\" decoding=\"async\" width=\"275\" height=\"183\" src=\"https:\/\/www.ecgffr.ch\/wp-content\/uploads\/2025\/07\/Duel-de-pianos-3.jpg\" class=\"attachment-full size-full wp-image-14647\" alt=\"\" \/><\/a>\n\t\t\t\t\t<\/div>\n\t\t\n\t\t\t\n\t\t\t<div class=\"uael-post__content-wrap\">\n\n\t\t\t\t\t<h3 class=\"uael-post__title\">\n\n\t\t\n\t\t\t\t\t\t<a href=\"https:\/\/www.ecgffr.ch\/fr\/duel-de-pianos\/\" target=\"_self\">\n\t\t\t\t\u00ab Duel de pianos \u00bb\t\t\t<\/a>\n\n\t\t\t\t<\/h3>\n\t\t\t\t\t<div class=\"uael-post__meta-data\">\n\t\t\t\t\t<\/div>\n\t\t<div class=\"uael-post__separator\"><\/div>\n\t\t<div class=\"uael-post__excerpt\">\n\t\t\tMardi 18 novembre 2025; Mercredi 19 novembre 2025; Jeudi 20 novembre 2025. \t\t<\/div>\n\n\t\t\t\t\t<a class=\"uael-post__read-more elementor-button\" href=\"https:\/\/www.ecgffr.ch\/fr\/duel-de-pianos\/\" target=\"_self\" aria-labelledby=\"uael-post-11770\">\n\t\t\t\t\t<span class=\"elementor-button-content-wrapper\">\n\t\t\t\t\t\t\t\t\t\t\t\t\t\t<span class=\"elementor-button-icon elementor-align-icon-left\">\n\n\t\t\t\t\t\t\t\t\t\n\t\t\t\t\t\t\t\t<\/span>\n\t\t\t\t\t\t\t\t\t\t\t\t\t\n\t\t\t\t\t\t<span class=\"elementor-button-text\" id=uael-post-11770>En savoir plus  \u2192<\/span>\n\t\t\t\t\t<\/span>\n\t\t\t\t<\/a>\n\t\t\t\t\t\t<\/div>\n\t\t\t\n\t\t<\/div>\n\t\t\n\t<\/div>\n\n<\/div>\n\n<div class=\"uael-post-wrapper   \">\n\t<div class=\"uael-post__bg-wrap\">\n\n\t\t\t\t\n\t\t<div class=\"uael-post__inner-wrap \">\n\n\t\t\t\t<div class=\"uael-post__thumbnail\">\n\t\t\t\n\t\t\t<a href=\"https:\/\/www.ecgffr.ch\/fr\/theatre-de-lecgf-2026\/\" target=\"_self\" title=\"Th\u00e9\u00e2tre de l\u2019ECGF 2026\"><img loading=\"lazy\" decoding=\"async\" width=\"2560\" height=\"1704\" src=\"https:\/\/www.ecgffr.ch\/wp-content\/uploads\/2025\/07\/Theatre-ECGF2025_1-scaled.jpg\" class=\"attachment-full size-full wp-image-14656\" alt=\"\" srcset=\"https:\/\/www.ecgffr.ch\/wp-content\/uploads\/2025\/07\/Theatre-ECGF2025_1-scaled.jpg 2560w, https:\/\/www.ecgffr.ch\/wp-content\/uploads\/2025\/07\/Theatre-ECGF2025_1-300x200.jpg 300w, https:\/\/www.ecgffr.ch\/wp-content\/uploads\/2025\/07\/Theatre-ECGF2025_1-1024x682.jpg 1024w, https:\/\/www.ecgffr.ch\/wp-content\/uploads\/2025\/07\/Theatre-ECGF2025_1-768x511.jpg 768w, https:\/\/www.ecgffr.ch\/wp-content\/uploads\/2025\/07\/Theatre-ECGF2025_1-1536x1022.jpg 1536w, https:\/\/www.ecgffr.ch\/wp-content\/uploads\/2025\/07\/Theatre-ECGF2025_1-2048x1363.jpg 2048w\" sizes=\"(max-width: 2560px) 100vw, 2560px\" \/><\/a>\n\t\t\t\t\t<\/div>\n\t\t\n\t\t\t\n\t\t\t<div class=\"uael-post__content-wrap\">\n\n\t\t\t\t\t<h3 class=\"uael-post__title\">\n\n\t\t\n\t\t\t\t\t\t<a href=\"https:\/\/www.ecgffr.ch\/fr\/theatre-de-lecgf-2026\/\" target=\"_self\">\n\t\t\t\tTh\u00e9\u00e2tre de l\u2019ECGF 2026\t\t\t<\/a>\n\n\t\t\t\t<\/h3>\n\t\t\t\t\t<div class=\"uael-post__meta-data\">\n\t\t\t\t\t<\/div>\n\t\t<div class=\"uael-post__separator\"><\/div>\n\t\t<div class=\"uael-post__excerpt\">\n\t\t\tD\u00e9but mai, dates pas arr\u00eat\u00e9es\t\t<\/div>\n\n\t\t\t\t\t<a class=\"uael-post__read-more elementor-button\" href=\"https:\/\/www.ecgffr.ch\/fr\/theatre-de-lecgf-2026\/\" target=\"_self\" aria-labelledby=\"uael-post-11844\">\n\t\t\t\t\t<span class=\"elementor-button-content-wrapper\">\n\t\t\t\t\t\t\t\t\t\t\t\t\t\t<span class=\"elementor-button-icon elementor-align-icon-left\">\n\n\t\t\t\t\t\t\t\t\t\n\t\t\t\t\t\t\t\t<\/span>\n\t\t\t\t\t\t\t\t\t\t\t\t\t\n\t\t\t\t\t\t<span class=\"elementor-button-text\" id=uael-post-11844>En savoir plus  \u2192<\/span>\n\t\t\t\t\t<\/span>\n\t\t\t\t<\/a>\n\t\t\t\t\t\t<\/div>\n\t\t\t\n\t\t<\/div>\n\t\t\n\t<\/div>\n\n<\/div>\n\t\t\t\t<\/div>\n\t\t\t\t\t\t\n\t\t<\/div>\n\n\t\t\t\t\t\t<\/div>\n\t\t<div class=\"uael-post__footer\">\n\t\t\t\t\t<\/div>\n\t\t\t\t\t\t<\/div>\n\t\t\t\t<\/div>\n\t\t\t\t\t<\/div>\n\t\t<\/div>\n\t\t\t\t\t<\/div>\n\t\t<\/section>\n\t\t\t\t\t<\/div>\n\t\t<\/div>\n\t\t\t\t\t<\/div>\n\t\t<\/section>\n\t\t\t\t<section class=\"elementor-section elementor-top-section elementor-element elementor-element-b64f99e elementor-section-boxed elementor-section-height-default elementor-section-height-default\" data-id=\"b64f99e\" data-element_type=\"section\">\n\t\t\t\t\t\t<div class=\"elementor-container elementor-column-gap-default\">\n\t\t\t\t\t<div class=\"elementor-column elementor-col-100 elementor-top-column elementor-element elementor-element-07477fe\" data-id=\"07477fe\" data-element_type=\"column\">\n\t\t\t<div class=\"elementor-widget-wrap elementor-element-populated\">\n\t\t\t\t\t\t<section class=\"elementor-section elementor-inner-section elementor-element elementor-element-80f3d49 elementor-section-boxed elementor-section-height-default elementor-section-height-default\" data-id=\"80f3d49\" data-element_type=\"section\">\n\t\t\t\t\t\t<div class=\"elementor-container elementor-column-gap-default\">\n\t\t\t\t\t<div class=\"elementor-column elementor-col-50 elementor-inner-column elementor-element elementor-element-4b3f660\" data-id=\"4b3f660\" data-element_type=\"column\">\n\t\t\t<div class=\"elementor-widget-wrap elementor-element-populated\">\n\t\t\t\t\t\t<div class=\"elementor-element elementor-element-d300f6b elementor-widget elementor-widget-image\" data-id=\"d300f6b\" data-element_type=\"widget\" data-widget_type=\"image.default\">\n\t\t\t\t<div class=\"elementor-widget-container\">\n\t\t\t\t\t\t\t\t\t\t\t\t\t\t\t<img loading=\"lazy\" decoding=\"async\" width=\"300\" height=\"300\" src=\"https:\/\/www.ecgffr.ch\/wp-content\/uploads\/2024\/11\/KA_Button_Partnerschule-F_transp-300x300.png\" class=\"attachment-medium size-medium wp-image-13404\" alt=\"\" srcset=\"https:\/\/www.ecgffr.ch\/wp-content\/uploads\/2024\/11\/KA_Button_Partnerschule-F_transp-300x300.png 300w, https:\/\/www.ecgffr.ch\/wp-content\/uploads\/2024\/11\/KA_Button_Partnerschule-F_transp-150x150.png 150w, https:\/\/www.ecgffr.ch\/wp-content\/uploads\/2024\/11\/KA_Button_Partnerschule-F_transp-768x768.png 768w, https:\/\/www.ecgffr.ch\/wp-content\/uploads\/2024\/11\/KA_Button_Partnerschule-F_transp.png 800w\" sizes=\"(max-width: 300px) 100vw, 300px\" \/>\t\t\t\t\t\t\t\t\t\t\t\t\t\t\t<\/div>\n\t\t\t\t<\/div>\n\t\t\t\t\t<\/div>\n\t\t<\/div>\n\t\t\t\t<div class=\"elementor-column elementor-col-50 elementor-inner-column elementor-element elementor-element-a3750d7\" data-id=\"a3750d7\" data-element_type=\"column\">\n\t\t\t<div class=\"elementor-widget-wrap elementor-element-populated\">\n\t\t\t\t\t\t<div class=\"elementor-element elementor-element-7905157 elementor-widget elementor-widget-heading\" data-id=\"7905157\" data-element_type=\"widget\" data-widget_type=\"heading.default\">\n\t\t\t\t<div class=\"elementor-widget-container\">\n\t\t\t\t\t<h3 class=\"elementor-heading-title elementor-size-default\">AGENT.ES CULTUREL.LES SUISSES<\/h3>\t\t\t\t<\/div>\n\t\t\t\t<\/div>\n\t\t\t\t<div class=\"elementor-element elementor-element-10e10f6 elementor-widget elementor-widget-text-editor\" data-id=\"10e10f6\" data-element_type=\"widget\" data-widget_type=\"text-editor.default\">\n\t\t\t\t<div class=\"elementor-widget-container\">\n\t\t\t\t\t\t\t\t\t<p><span lang=\"FR\">Notre \u00e9cole participe au projet \u00ab Des agent.es culturel.les pour des \u00e9coles cr\u00e9atives \u00bb.<\/span><\/p><p>Ce projet a \u00e9t\u00e9 lanc\u00e9 et soutenu par la <a href=\"https:\/\/www.stiftung-mercator.ch\/\" target=\"_blank\" rel=\"noopener\">Fondation Mercator Suisse<\/a> \u00a0en collaboration avec les cantons d&rsquo;Appenzell Rhodes-Ext\u00e9rieures, de Berne, de Fribourg, de Saint-Gall, de Thurgovie, du Valais et de Z\u00fcrich.<br \/>M\u00e9diation Culturelle Suisse a obtenu le mandat de gestion du projet.<br \/>Pour plus d&rsquo;information: <a href=\"http:\/\/www.kulturagent-innen.ch\/\" target=\"_blank\" rel=\"noopener\">www.kulturagent-innen.ch<\/a>\u00a0<\/p>\t\t\t\t\t\t\t\t<\/div>\n\t\t\t\t<\/div>\n\t\t\t\t\t<\/div>\n\t\t<\/div>\n\t\t\t\t\t<\/div>\n\t\t<\/section>\n\t\t\t\t\t<\/div>\n\t\t<\/div>\n\t\t\t\t\t<\/div>\n\t\t<\/section>\n\t\t\t\t<\/div>\n\t\t","protected":false},"excerpt":{"rendered":"<p>Vie de l&rsquo;\u00e9cole &#8211; Activit\u00e9s culturelles Activit\u00e9s culturelles Revenir \u00e0 vie de l&rsquo;\u00e9cole Activit\u00e9s culturelles 2025-2026 \u00ab Dans la trace de N23732 \u00bb Lundi 22 septembre 2025; Mardi 23 septembre 2025; Mercredi 24 septembre 2025. En savoir plus \u2192 \u00ab Alceste \u00e0 bicyclette\u00bb Lundi 27 octobre 2025; Vendredi 31 octobre 2025. En savoir plus \u2192 [&hellip;]<\/p>\n","protected":false},"author":1,"featured_media":0,"parent":510,"menu_order":0,"comment_status":"closed","ping_status":"closed","template":"","meta":{"site-sidebar-layout":"no-sidebar","site-content-layout":"page-builder","ast-site-content-layout":"default","site-content-style":"default","site-sidebar-style":"default","ast-global-header-display":"","ast-banner-title-visibility":"","ast-main-header-display":"","ast-hfb-above-header-display":"","ast-hfb-below-header-display":"","ast-hfb-mobile-header-display":"","site-post-title":"disabled","ast-breadcrumbs-content":"","ast-featured-img":"disabled","footer-sml-layout":"","ast-disable-related-posts":"","theme-transparent-header-meta":"","adv-header-id-meta":"","stick-header-meta":"","header-above-stick-meta":"","header-main-stick-meta":"","header-below-stick-meta":"","astra-migrate-meta-layouts":"default","ast-page-background-enabled":"default","ast-page-background-meta":{"desktop":{"background-color":"var(--ast-global-color-4)","background-image":"","background-repeat":"repeat","background-position":"center center","background-size":"auto","background-attachment":"scroll","background-type":"","background-media":"","overlay-type":"","overlay-color":"","overlay-opacity":"","overlay-gradient":""},"tablet":{"background-color":"","background-image":"","background-repeat":"repeat","background-position":"center center","background-size":"auto","background-attachment":"scroll","background-type":"","background-media":"","overlay-type":"","overlay-color":"","overlay-opacity":"","overlay-gradient":""},"mobile":{"background-color":"","background-image":"","background-repeat":"repeat","background-position":"center center","background-size":"auto","background-attachment":"scroll","background-type":"","background-media":"","overlay-type":"","overlay-color":"","overlay-opacity":"","overlay-gradient":""}},"ast-content-background-meta":{"desktop":{"background-color":"var(--ast-global-color-5)","background-image":"","background-repeat":"repeat","background-position":"center center","background-size":"auto","background-attachment":"scroll","background-type":"","background-media":"","overlay-type":"","overlay-color":"","overlay-opacity":"","overlay-gradient":""},"tablet":{"background-color":"var(--ast-global-color-5)","background-image":"","background-repeat":"repeat","background-position":"center center","background-size":"auto","background-attachment":"scroll","background-type":"","background-media":"","overlay-type":"","overlay-color":"","overlay-opacity":"","overlay-gradient":""},"mobile":{"background-color":"var(--ast-global-color-5)","background-image":"","background-repeat":"repeat","background-position":"center center","background-size":"auto","background-attachment":"scroll","background-type":"","background-media":"","overlay-type":"","overlay-color":"","overlay-opacity":"","overlay-gradient":""}},"footnotes":""},"class_list":["post-1137","page","type-page","status-publish","hentry"],"_links":{"self":[{"href":"https:\/\/www.ecgffr.ch\/fr\/wp-json\/wp\/v2\/pages\/1137","targetHints":{"allow":["GET"]}}],"collection":[{"href":"https:\/\/www.ecgffr.ch\/fr\/wp-json\/wp\/v2\/pages"}],"about":[{"href":"https:\/\/www.ecgffr.ch\/fr\/wp-json\/wp\/v2\/types\/page"}],"author":[{"embeddable":true,"href":"https:\/\/www.ecgffr.ch\/fr\/wp-json\/wp\/v2\/users\/1"}],"replies":[{"embeddable":true,"href":"https:\/\/www.ecgffr.ch\/fr\/wp-json\/wp\/v2\/comments?post=1137"}],"version-history":[{"count":58,"href":"https:\/\/www.ecgffr.ch\/fr\/wp-json\/wp\/v2\/pages\/1137\/revisions"}],"predecessor-version":[{"id":14665,"href":"https:\/\/www.ecgffr.ch\/fr\/wp-json\/wp\/v2\/pages\/1137\/revisions\/14665"}],"up":[{"embeddable":true,"href":"https:\/\/www.ecgffr.ch\/fr\/wp-json\/wp\/v2\/pages\/510"}],"wp:attachment":[{"href":"https:\/\/www.ecgffr.ch\/fr\/wp-json\/wp\/v2\/media?parent=1137"}],"curies":[{"name":"wp","href":"https:\/\/api.w.org\/{rel}","templated":true}]}}