{"id":1240,"date":"2022-12-13T15:56:07","date_gmt":"2022-12-13T14:56:07","guid":{"rendered":"http:\/\/www.ecgffr.ch\/?page_id=1240"},"modified":"2025-01-30T14:01:36","modified_gmt":"2025-01-30T13:01:36","slug":"developpement-durable","status":"publish","type":"page","link":"https:\/\/www.ecgffr.ch\/fr\/vie-de-lecole\/developpement-durable\/","title":{"rendered":"D\u00e9veloppement durable"},"content":{"rendered":"\t\t<div data-elementor-type=\"wp-page\" data-elementor-id=\"1240\" class=\"elementor elementor-1240\" data-elementor-post-type=\"page\">\n\t\t\t\t\t\t<section class=\"elementor-section elementor-top-section elementor-element elementor-element-13c26e6 elementor-section-height-min-height elementor-section-boxed elementor-section-height-default elementor-section-items-middle\" data-id=\"13c26e6\" data-element_type=\"section\" data-settings=\"{&quot;background_background&quot;:&quot;classic&quot;}\">\n\t\t\t\t\t\t\t<div class=\"elementor-background-overlay\"><\/div>\n\t\t\t\t\t\t\t<div class=\"elementor-container elementor-column-gap-default\">\n\t\t\t\t\t<div class=\"elementor-column elementor-col-100 elementor-top-column elementor-element elementor-element-ff95641\" data-id=\"ff95641\" data-element_type=\"column\">\n\t\t\t<div class=\"elementor-widget-wrap elementor-element-populated\">\n\t\t\t\t\t\t<div class=\"elementor-element elementor-element-c754e65 elementor-widget elementor-widget-heading\" data-id=\"c754e65\" data-element_type=\"widget\" data-widget_type=\"heading.default\">\n\t\t\t\t<div class=\"elementor-widget-container\">\n\t\t\t\t\t<h4 class=\"elementor-heading-title elementor-size-default\">Vie de l'\u00e9cole <\/h4>\t\t\t\t<\/div>\n\t\t\t\t<\/div>\n\t\t\t\t<div class=\"elementor-element elementor-element-0f237c6 elementor-widget elementor-widget-heading\" data-id=\"0f237c6\" data-element_type=\"widget\" data-widget_type=\"heading.default\">\n\t\t\t\t<div class=\"elementor-widget-container\">\n\t\t\t\t\t<h1 class=\"elementor-heading-title elementor-size-default\">D\u00e9veloppement durable<\/h1>\t\t\t\t<\/div>\n\t\t\t\t<\/div>\n\t\t\t\t<div class=\"elementor-element elementor-element-1620e9b elementor-icon-list--layout-inline elementor-align-center elementor-list-item-link-full_width elementor-widget elementor-widget-icon-list\" data-id=\"1620e9b\" data-element_type=\"widget\" data-widget_type=\"icon-list.default\">\n\t\t\t\t<div class=\"elementor-widget-container\">\n\t\t\t\t\t\t\t<ul class=\"elementor-icon-list-items elementor-inline-items\">\n\t\t\t\t\t\t\t<li class=\"elementor-icon-list-item elementor-inline-item\">\n\t\t\t\t\t\t\t\t\t\t\t<a href=\"https:\/\/www.ecgffr.ch\/fr\/vie-de-lecole\/\">\n\n\t\t\t\t\t\t\t\t\t\t\t\t<span class=\"elementor-icon-list-icon\">\n\t\t\t\t\t\t\t<i aria-hidden=\"true\" class=\"fas fa-long-arrow-alt-left\"><\/i>\t\t\t\t\t\t<\/span>\n\t\t\t\t\t\t\t\t\t\t<span class=\"elementor-icon-list-text\">Revenir \u00e0 vie de l'\u00e9cole<\/span>\n\t\t\t\t\t\t\t\t\t\t\t<\/a>\n\t\t\t\t\t\t\t\t\t<\/li>\n\t\t\t\t\t\t<\/ul>\n\t\t\t\t\t\t<\/div>\n\t\t\t\t<\/div>\n\t\t\t\t\t<\/div>\n\t\t<\/div>\n\t\t\t\t\t<\/div>\n\t\t<\/section>\n\t\t<div class=\"elementor-element elementor-element-4001bdf e-flex e-con-boxed e-con e-parent\" data-id=\"4001bdf\" data-element_type=\"container\">\n\t\t\t\t\t<div class=\"e-con-inner\">\n\t\t\t\t<div class=\"elementor-element elementor-element-13150f4 e-n-tabs-mobile elementor-widget elementor-widget-n-tabs\" data-id=\"13150f4\" data-element_type=\"widget\" data-settings=\"{&quot;horizontal_scroll&quot;:&quot;disable&quot;}\" data-widget_type=\"nested-tabs.default\">\n\t\t\t\t<div class=\"elementor-widget-container\">\n\t\t\t\t\t\t\t<div class=\"e-n-tabs\" data-widget-number=\"20009204\" aria-label=\"Onglets. Ouvrez des \u00e9l\u00e9ments avec Entrer ou Espace, fermez-les avec Echape et naviguez \u00e0 l&#039;aide des touches fl\u00e9ch\u00e9es.\">\n\t\t\t<div class=\"e-n-tabs-heading\" role=\"tablist\">\n\t\t\t\t\t<button id=\"e-n-tab-title-200092041\" data-tab-title-id=\"e-n-tab-title-200092041\" class=\"e-n-tab-title\" aria-selected=\"true\" data-tab-index=\"1\" role=\"tab\" tabindex=\"0\" aria-controls=\"e-n-tab-content-200092041\" style=\"--n-tabs-title-order: 1;\">\n\t\t\t\t\t\t<span class=\"e-n-tab-title-text\">\n\t\t\t\tMiels des villes\t\t\t<\/span>\n\t\t<\/button>\n\t\t\t\t<button id=\"e-n-tab-title-200092042\" data-tab-title-id=\"e-n-tab-title-200092042\" class=\"e-n-tab-title\" aria-selected=\"false\" data-tab-index=\"2\" role=\"tab\" tabindex=\"-1\" aria-controls=\"e-n-tab-content-200092042\" style=\"--n-tabs-title-order: 2;\">\n\t\t\t\t\t\t<span class=\"e-n-tab-title-text\">\n\t\t\t\tPlantation\t\t\t<\/span>\n\t\t<\/button>\n\t\t\t\t\t<\/div>\n\t\t\t<div class=\"e-n-tabs-content\">\n\t\t\t\t<div id=\"e-n-tab-content-200092041\" role=\"tabpanel\" aria-labelledby=\"e-n-tab-title-200092041\" data-tab-index=\"1\" style=\"--n-tabs-title-order: 1;\" class=\"e-active elementor-element elementor-element-52ffcd3 e-con-full e-flex e-con e-child\" data-id=\"52ffcd3\" data-element_type=\"container\">\n\t\t\t\t<div class=\"elementor-element elementor-element-d1407af elementor-widget elementor-widget-text-editor\" data-id=\"d1407af\" data-element_type=\"widget\" data-widget_type=\"text-editor.default\">\n\t\t\t\t<div class=\"elementor-widget-container\">\n\t\t\t\t\t\t\t\t\t<section class=\"elementor-section elementor-inner-section elementor-element elementor-element-558e5175 elementor-section-boxed elementor-section-height-default elementor-section-height-default\" data-particle_enable=\"false\" data-particle-mobile-disabled=\"false\" data-id=\"558e5175\" data-element_type=\"section\"><div class=\"elementor-container elementor-column-gap-default\"><div class=\"elementor-column elementor-col-100 elementor-inner-column elementor-element elementor-element-42a7f842\" data-id=\"42a7f842\" data-element_type=\"column\"><div class=\"elementor-widget-wrap elementor-element-populated\"><div class=\"elementor-element elementor-element-45c6e1b8 elementor-widget elementor-widget-heading\" data-id=\"45c6e1b8\" data-element_type=\"widget\" data-widget_type=\"heading.default\"><div class=\"elementor-widget-container\"><h4 class=\"elementor-heading-title elementor-size-default\">Miel des villes<\/h4><\/div><\/div><div class=\"elementor-element elementor-element-5e3917f2 elementor-widget elementor-widget-heading\" data-id=\"5e3917f2\" data-element_type=\"widget\" data-widget_type=\"heading.default\"><div class=\"elementor-widget-container\"><h3 class=\"elementor-heading-title elementor-size-default\">L&rsquo;ECGF est d\u00e9j\u00e0 sans doute une ruche pleine de vie, mais depuis quelques temps on y trouve de vraies abeilles !<\/h3><\/div><\/div><div class=\"elementor-element elementor-element-b2799ec elementor-widget elementor-widget-text-editor\" data-id=\"b2799ec\" data-element_type=\"widget\" data-widget_type=\"text-editor.default\"><div class=\"elementor-widget-container\"><p>En effet, cinq ruches ont \u00e9t\u00e9 install\u00e9es au sommet du champ situ\u00e9 derri\u00e8re l\u2019Ecole sous les arbres.<\/p><\/div><\/div><div class=\"elementor-element elementor-element-3f29345d elementor-icon-list--layout-traditional elementor-list-item-link-full_width elementor-widget elementor-widget-icon-list\" data-id=\"3f29345d\" data-element_type=\"widget\" data-widget_type=\"icon-list.default\"><div class=\"elementor-widget-container\"><ul class=\"elementor-icon-list-items\"><li class=\"elementor-icon-list-item\"><i class=\"fas fa-arrow-right\" aria-hidden=\"true\"><\/i><span class=\"elementor-icon-list-text\">Elles sont entretenues par un apiculteur passionn\u00e9 habitant notre quartier.<\/span><\/li><li class=\"elementor-icon-list-item\"><i class=\"fas fa-arrow-right\" aria-hidden=\"true\"><\/i><span class=\"elementor-icon-list-text\">Les abeilles devraient produire en un \u00e9t\u00e9 pas moins de 40 kg de miel !<\/span><\/li><\/ul><\/div><\/div><div class=\"elementor-element elementor-element-ffd4045 elementor-widget elementor-widget-spacer\" data-id=\"ffd4045\" data-element_type=\"widget\" data-widget_type=\"spacer.default\"><div class=\"elementor-widget-container\"><div class=\"elementor-spacer\"><div class=\"elementor-spacer-inner\">\u00a0<\/div><\/div><\/div><\/div><div class=\"elementor-element elementor-element-e374cfc elementor-widget elementor-widget-image\" data-id=\"e374cfc\" data-element_type=\"widget\" data-widget_type=\"image.default\"><div class=\"elementor-widget-container\"><picture class=\"attachment-full size-full wp-image-1305\"><source srcset=\"https:\/\/www.ecgffr.ch\/wp-content\/uploads\/2022\/12\/miel_des_villes-1.jpg.webp 680w, https:\/\/www.ecgffr.ch\/wp-content\/uploads\/2022\/12\/miel_des_villes-1-300x191.jpg.webp 300w\" type=\"image\/webp\" sizes=\"(max-width: 680px) 100vw, 680px\" \/><img fetchpriority=\"high\" decoding=\"async\" src=\"https:\/\/www.ecgffr.ch\/wp-content\/uploads\/2022\/12\/miel_des_villes-1.jpg\" sizes=\"(max-width: 680px) 100vw, 680px\" srcset=\"https:\/\/www.ecgffr.ch\/wp-content\/uploads\/2022\/12\/miel_des_villes-1.jpg 680w, https:\/\/www.ecgffr.ch\/wp-content\/uploads\/2022\/12\/miel_des_villes-1-300x191.jpg 300w\" alt=\"\" width=\"680\" height=\"432\" \/><\/picture><\/div><\/div><\/div><\/div><\/div><\/section><div class=\"elementor-element elementor-element-a89774f elementor-widget elementor-widget-text-editor\" data-id=\"a89774f\" data-element_type=\"widget\" data-widget_type=\"text-editor.default\"><div class=\"elementor-widget-container\"><p>Cependant, ce projet ne se limite pas seulement \u00e0 h\u00e9berger des ruches, mais il a aussi pour but de permettre aux \u00e9l\u00e8ves des classes de maturit\u00e9 sp\u00e9cialis\u00e9e p\u00e9dagogie (MSPE) de suivre des s\u00e9quences en lien avec le cycle de l\u2019abeille, s\u00e9quences coupl\u00e9es avec des visites sur le terrain. Cette exp\u00e9rience unique pour les futurs enseignants leur permettra notamment d\u2019\u00e9tablir des liens concrets avec les \u00e9l\u00e9ments vus aux cours et de se rendre compte que les abeilles repr\u00e9sentent \u00ab\u00a0more than honey\u00a0\u00bb (pour reprendre le titre du documentaire d\u00e9montrant l\u2019importance des abeilles pour l\u2019\u00e9quilibre plan\u00e9taire).<\/p><\/div><\/div>\t\t\t\t\t\t\t\t<\/div>\n\t\t\t\t<\/div>\n\t\t\t\t<\/div>\n\t\t<div id=\"e-n-tab-content-200092042\" role=\"tabpanel\" aria-labelledby=\"e-n-tab-title-200092042\" data-tab-index=\"2\" style=\"--n-tabs-title-order: 2;\" class=\" elementor-element elementor-element-be7147f e-con-full e-flex e-con e-child\" data-id=\"be7147f\" data-element_type=\"container\">\n\t\t\t\t<div class=\"elementor-element elementor-element-331c7d6 elementor-widget elementor-widget-text-editor\" data-id=\"331c7d6\" data-element_type=\"widget\" data-widget_type=\"text-editor.default\">\n\t\t\t\t<div class=\"elementor-widget-container\">\n\t\t\t\t\t\t\t\t\t<section class=\"elementor-section elementor-inner-section elementor-element elementor-element-6bd429df elementor-section-boxed elementor-section-height-default elementor-section-height-default\" data-particle_enable=\"false\" data-particle-mobile-disabled=\"false\" data-id=\"6bd429df\" data-element_type=\"section\">\n<div class=\"elementor-container elementor-column-gap-default\">\n<div class=\"elementor-column elementor-col-100 elementor-inner-column elementor-element elementor-element-21ad3cf2\" data-id=\"21ad3cf2\" data-element_type=\"column\">\n<div class=\"elementor-widget-wrap elementor-element-populated\">\n<div class=\"elementor-element elementor-element-55e2bb0f elementor-widget elementor-widget-heading\" data-id=\"55e2bb0f\" data-element_type=\"widget\" data-widget_type=\"heading.default\">\n<div class=\"elementor-widget-container\">\n<h6><i>Plantation<\/i><\/h6>\n<div>&nbsp;<\/div>\n<\/div>\n<\/div>\n<div class=\"elementor-element elementor-element-5e3f2c55 elementor-widget elementor-widget-heading\" data-id=\"5e3f2c55\" data-element_type=\"widget\" data-widget_type=\"heading.default\">\n<div class=\"elementor-widget-container\">\n<h3 class=\"elementor-heading-title elementor-size-default\">Dans le cadre du jubil\u00e9 des 50 ans de notre Ecole, une centaine d\u2019arbres et arbustes indig\u00e8nes ont \u00e9t\u00e9 plant\u00e9s par les \u00e9l\u00e8ves et les collaborateurs de l\u2019ECGF dans le champ derri\u00e8re le b\u00e2timent B.<\/h3>\n<div>&nbsp;<\/div>\n<\/div>\n<\/div>\n<div class=\"elementor-element elementor-element-3da29cc elementor-widget elementor-widget-text-editor\" data-id=\"3da29cc\" data-element_type=\"widget\" data-widget_type=\"text-editor.default\">\n<div class=\"elementor-widget-container\">\n<p>Participer \u00e0 l\u2019effort \u00e9cologique collectif et sensibiliser les \u00e9l\u00e8ves \u00e0 la probl\u00e9matique de la biodiversit\u00e9 sont des enjeux incontournables de la soci\u00e9t\u00e9 actuelle.<\/p>\n<\/div>\n<\/div>\n<\/div>\n<\/div>\n<\/div>\n<\/section>\n<section class=\"elementor-section elementor-inner-section elementor-element elementor-element-6900c7d elementor-section-boxed elementor-section-height-default elementor-section-height-default\" data-particle_enable=\"false\" data-particle-mobile-disabled=\"false\" data-id=\"6900c7d\" data-element_type=\"section\">\n<div class=\"elementor-container elementor-column-gap-default\">\n<div class=\"elementor-column elementor-col-100 elementor-inner-column elementor-element elementor-element-977f651\" data-id=\"977f651\" data-element_type=\"column\">\n<div class=\"elementor-widget-wrap elementor-element-populated\">\n<div class=\"elementor-element elementor-element-6bcf56b elementor-widget elementor-widget-image\" data-id=\"6bcf56b\" data-element_type=\"widget\" data-widget_type=\"image.default\">\n<div class=\"elementor-widget-container\"><picture class=\"attachment-full size-full wp-image-3154\"><source srcset=\"https:\/\/www.ecgffr.ch\/wp-content\/uploads\/2023\/01\/plantation-stp.jpg.webp 660w, https:\/\/www.ecgffr.ch\/wp-content\/uploads\/2023\/01\/plantation-stp-300x200.jpg.webp 300w\" type=\"image\/webp\" sizes=\"(max-width: 660px) 100vw, 660px\"><img decoding=\"async\" src=\"https:\/\/www.ecgffr.ch\/wp-content\/uploads\/2023\/01\/plantation-stp.jpg\" sizes=\"(max-width: 660px) 100vw, 660px\" srcset=\"https:\/\/www.ecgffr.ch\/wp-content\/uploads\/2023\/01\/plantation-stp.jpg 660w, https:\/\/www.ecgffr.ch\/wp-content\/uploads\/2023\/01\/plantation-stp-300x200.jpg 300w\" alt=\"\" width=\"660\" height=\"440\"><\/picture><\/div>\n<\/div>\n<\/div>\n<\/div>\n<\/div>\n<\/section>\t\t\t\t\t\t\t\t<\/div>\n\t\t\t\t<\/div>\n\t\t\t\t<\/div>\n\t\t\t\t\t<\/div>\n\t\t<\/div>\n\t\t\t\t\t\t<\/div>\n\t\t\t\t<\/div>\n\t\t\t\t\t<\/div>\n\t\t\t\t<\/div>\n\t\t\t\t<\/div>\n\t\t","protected":false},"excerpt":{"rendered":"<p>Vie de l&rsquo;\u00e9cole D\u00e9veloppement durable Revenir \u00e0 vie de l&rsquo;\u00e9cole Miels des villes Plantation Miel des villes L&rsquo;ECGF est d\u00e9j\u00e0 sans doute une ruche pleine de vie, mais depuis quelques temps on y trouve de vraies abeilles ! En effet, cinq ruches ont \u00e9t\u00e9 install\u00e9es au sommet du champ situ\u00e9 derri\u00e8re l\u2019Ecole sous les arbres. [&hellip;]<\/p>\n","protected":false},"author":1,"featured_media":0,"parent":510,"menu_order":0,"comment_status":"closed","ping_status":"closed","template":"","meta":{"site-sidebar-layout":"no-sidebar","site-content-layout":"page-builder","ast-site-content-layout":"default","site-content-style":"default","site-sidebar-style":"default","ast-global-header-display":"","ast-banner-title-visibility":"","ast-main-header-display":"","ast-hfb-above-header-display":"","ast-hfb-below-header-display":"","ast-hfb-mobile-header-display":"","site-post-title":"disabled","ast-breadcrumbs-content":"","ast-featured-img":"disabled","footer-sml-layout":"","ast-disable-related-posts":"","theme-transparent-header-meta":"","adv-header-id-meta":"","stick-header-meta":"","header-above-stick-meta":"","header-main-stick-meta":"","header-below-stick-meta":"","astra-migrate-meta-layouts":"default","ast-page-background-enabled":"default","ast-page-background-meta":{"desktop":{"background-color":"var(--ast-global-color-4)","background-image":"","background-repeat":"repeat","background-position":"center center","background-size":"auto","background-attachment":"scroll","background-type":"","background-media":"","overlay-type":"","overlay-color":"","overlay-opacity":"","overlay-gradient":""},"tablet":{"background-color":"","background-image":"","background-repeat":"repeat","background-position":"center center","background-size":"auto","background-attachment":"scroll","background-type":"","background-media":"","overlay-type":"","overlay-color":"","overlay-opacity":"","overlay-gradient":""},"mobile":{"background-color":"","background-image":"","background-repeat":"repeat","background-position":"center center","background-size":"auto","background-attachment":"scroll","background-type":"","background-media":"","overlay-type":"","overlay-color":"","overlay-opacity":"","overlay-gradient":""}},"ast-content-background-meta":{"desktop":{"background-color":"var(--ast-global-color-5)","background-image":"","background-repeat":"repeat","background-position":"center center","background-size":"auto","background-attachment":"scroll","background-type":"","background-media":"","overlay-type":"","overlay-color":"","overlay-opacity":"","overlay-gradient":""},"tablet":{"background-color":"var(--ast-global-color-5)","background-image":"","background-repeat":"repeat","background-position":"center center","background-size":"auto","background-attachment":"scroll","background-type":"","background-media":"","overlay-type":"","overlay-color":"","overlay-opacity":"","overlay-gradient":""},"mobile":{"background-color":"var(--ast-global-color-5)","background-image":"","background-repeat":"repeat","background-position":"center center","background-size":"auto","background-attachment":"scroll","background-type":"","background-media":"","overlay-type":"","overlay-color":"","overlay-opacity":"","overlay-gradient":""}},"footnotes":""},"class_list":["post-1240","page","type-page","status-publish","hentry"],"_links":{"self":[{"href":"https:\/\/www.ecgffr.ch\/fr\/wp-json\/wp\/v2\/pages\/1240","targetHints":{"allow":["GET"]}}],"collection":[{"href":"https:\/\/www.ecgffr.ch\/fr\/wp-json\/wp\/v2\/pages"}],"about":[{"href":"https:\/\/www.ecgffr.ch\/fr\/wp-json\/wp\/v2\/types\/page"}],"author":[{"embeddable":true,"href":"https:\/\/www.ecgffr.ch\/fr\/wp-json\/wp\/v2\/users\/1"}],"replies":[{"embeddable":true,"href":"https:\/\/www.ecgffr.ch\/fr\/wp-json\/wp\/v2\/comments?post=1240"}],"version-history":[{"count":3,"href":"https:\/\/www.ecgffr.ch\/fr\/wp-json\/wp\/v2\/pages\/1240\/revisions"}],"predecessor-version":[{"id":13808,"href":"https:\/\/www.ecgffr.ch\/fr\/wp-json\/wp\/v2\/pages\/1240\/revisions\/13808"}],"up":[{"embeddable":true,"href":"https:\/\/www.ecgffr.ch\/fr\/wp-json\/wp\/v2\/pages\/510"}],"wp:attachment":[{"href":"https:\/\/www.ecgffr.ch\/fr\/wp-json\/wp\/v2\/media?parent=1240"}],"curies":[{"name":"wp","href":"https:\/\/api.w.org\/{rel}","templated":true}]}}