{"id":15124,"date":"2025-10-10T11:52:36","date_gmt":"2025-10-10T09:52:36","guid":{"rendered":"https:\/\/www.ecgffr.ch\/?page_id=15124"},"modified":"2026-01-06T16:10:20","modified_gmt":"2026-01-06T15:10:20","slug":"maturite-specialisee-sciences-experimentales","status":"publish","type":"page","link":"https:\/\/www.ecgffr.ch\/fr\/formations\/maturite-specialisee-sciences-experimentales\/","title":{"rendered":"Maturit\u00e9 sp\u00e9cialis\u00e9e Sciences exp\u00e9rimentales"},"content":{"rendered":"\t\t<div data-elementor-type=\"wp-page\" data-elementor-id=\"15124\" class=\"elementor elementor-15124\" data-elementor-post-type=\"page\">\n\t\t\t\t\t\t<section class=\"elementor-section elementor-top-section elementor-element elementor-element-13c26e6 elementor-section-height-min-height elementor-section-boxed elementor-section-height-default elementor-section-items-middle\" data-id=\"13c26e6\" data-element_type=\"section\" data-settings=\"{&quot;background_background&quot;:&quot;classic&quot;}\">\n\t\t\t\t\t\t\t<div class=\"elementor-background-overlay\"><\/div>\n\t\t\t\t\t\t\t<div class=\"elementor-container elementor-column-gap-default\">\n\t\t\t\t\t<div class=\"elementor-column elementor-col-100 elementor-top-column elementor-element elementor-element-ff95641\" data-id=\"ff95641\" data-element_type=\"column\">\n\t\t\t<div class=\"elementor-widget-wrap elementor-element-populated\">\n\t\t\t\t\t\t<div class=\"elementor-element elementor-element-c754e65 elementor-widget elementor-widget-heading\" data-id=\"c754e65\" data-element_type=\"widget\" data-widget_type=\"heading.default\">\n\t\t\t\t<div class=\"elementor-widget-container\">\n\t\t\t\t\t<h4 class=\"elementor-heading-title elementor-size-default\">Formations - MSSE<\/h4>\t\t\t\t<\/div>\n\t\t\t\t<\/div>\n\t\t\t\t<div class=\"elementor-element elementor-element-0f237c6 elementor-widget elementor-widget-heading\" data-id=\"0f237c6\" data-element_type=\"widget\" data-widget_type=\"heading.default\">\n\t\t\t\t<div class=\"elementor-widget-container\">\n\t\t\t\t\t<h1 class=\"elementor-heading-title elementor-size-default\">Maturit\u00e9 sp\u00e9cialis\u00e9e Sciences exp\u00e9rimentales (MSSA-SC. EXP.)<\/h1>\t\t\t\t<\/div>\n\t\t\t\t<\/div>\n\t\t\t\t<div class=\"elementor-element elementor-element-1620e9b elementor-icon-list--layout-inline elementor-align-center elementor-list-item-link-full_width elementor-widget elementor-widget-icon-list\" data-id=\"1620e9b\" data-element_type=\"widget\" data-widget_type=\"icon-list.default\">\n\t\t\t\t<div class=\"elementor-widget-container\">\n\t\t\t\t\t\t\t<ul class=\"elementor-icon-list-items elementor-inline-items\">\n\t\t\t\t\t\t\t<li class=\"elementor-icon-list-item elementor-inline-item\">\n\t\t\t\t\t\t\t\t\t\t\t<a href=\"https:\/\/www.ecgffr.ch\/fr\/formations\/\">\n\n\t\t\t\t\t\t\t\t\t\t\t\t<span class=\"elementor-icon-list-icon\">\n\t\t\t\t\t\t\t<i aria-hidden=\"true\" class=\"fas fa-long-arrow-alt-left\"><\/i>\t\t\t\t\t\t<\/span>\n\t\t\t\t\t\t\t\t\t\t<span class=\"elementor-icon-list-text\">Revenir \u00e0 formations<\/span>\n\t\t\t\t\t\t\t\t\t\t\t<\/a>\n\t\t\t\t\t\t\t\t\t<\/li>\n\t\t\t\t\t\t<\/ul>\n\t\t\t\t\t\t<\/div>\n\t\t\t\t<\/div>\n\t\t\t\t\t<\/div>\n\t\t<\/div>\n\t\t\t\t\t<\/div>\n\t\t<\/section>\n\t\t\t\t<section class=\"elementor-section elementor-top-section elementor-element elementor-element-e5bb963 elementor-section-boxed elementor-section-height-default elementor-section-height-default\" data-id=\"e5bb963\" data-element_type=\"section\">\n\t\t\t\t\t\t<div class=\"elementor-container elementor-column-gap-default\">\n\t\t\t\t\t<div class=\"elementor-column elementor-col-100 elementor-top-column elementor-element elementor-element-5f9c5df\" data-id=\"5f9c5df\" data-element_type=\"column\">\n\t\t\t<div class=\"elementor-widget-wrap elementor-element-populated\">\n\t\t\t\t\t\t<section class=\"elementor-section elementor-inner-section elementor-element elementor-element-602625b elementor-section-boxed elementor-section-height-default elementor-section-height-default\" data-id=\"602625b\" data-element_type=\"section\">\n\t\t\t\t\t\t<div class=\"elementor-container elementor-column-gap-default\">\n\t\t\t\t\t<div class=\"elementor-column elementor-col-50 elementor-inner-column elementor-element elementor-element-0917726\" data-id=\"0917726\" data-element_type=\"column\">\n\t\t\t<div class=\"elementor-widget-wrap elementor-element-populated\">\n\t\t\t\t\t\t<div class=\"elementor-element elementor-element-d6547b7 elementor-widget elementor-widget-image\" data-id=\"d6547b7\" data-element_type=\"widget\" data-widget_type=\"image.default\">\n\t\t\t\t<div class=\"elementor-widget-container\">\n\t\t\t\t\t\t\t\t\t\t\t\t\t\t\t<img decoding=\"async\" src=\"https:\/\/www.ecgffr.ch\/wp-content\/uploads\/elementor\/thumbs\/julia-koblitz-RlOAwXt2fEA-unsplash-scaled-rczw1e0d2yuvlolcwfkmd5jg8kjtlh270vsrxf72y4.jpg\" title=\"julia-koblitz-RlOAwXt2fEA-unsplash\" alt=\"julia-koblitz-RlOAwXt2fEA-unsplash\" loading=\"lazy\" \/>\t\t\t\t\t\t\t\t\t\t\t\t\t\t\t<\/div>\n\t\t\t\t<\/div>\n\t\t\t\t\t<\/div>\n\t\t<\/div>\n\t\t\t\t<div class=\"elementor-column elementor-col-50 elementor-inner-column elementor-element elementor-element-34ee05d\" data-id=\"34ee05d\" data-element_type=\"column\">\n\t\t\t<div class=\"elementor-widget-wrap elementor-element-populated\">\n\t\t\t\t\t\t<div class=\"elementor-element elementor-element-c04d4a4 elementor-widget elementor-widget-heading\" data-id=\"c04d4a4\" data-element_type=\"widget\" data-widget_type=\"heading.default\">\n\t\t\t\t<div class=\"elementor-widget-container\">\n\t\t\t\t\t<h4 class=\"elementor-heading-title elementor-size-default\">MSSE<\/h4>\t\t\t\t<\/div>\n\t\t\t\t<\/div>\n\t\t\t\t<div class=\"elementor-element elementor-element-b888869 elementor-widget elementor-widget-heading\" data-id=\"b888869\" data-element_type=\"widget\" data-widget_type=\"heading.default\">\n\t\t\t\t<div class=\"elementor-widget-container\">\n\t\t\t\t\t<h3 class=\"elementor-heading-title elementor-size-default\">Maturit\u00e9 sp\u00e9cialis\u00e9e domaine professionnel Sant\u00e9\/Sciences exp\u00e9rimentales, sp\u00e9cialisation Sciences exp\u00e9rimentales  <\/h3>\t\t\t\t<\/div>\n\t\t\t\t<\/div>\n\t\t\t\t<div class=\"elementor-element elementor-element-1e15b2c elementor-widget elementor-widget-text-editor\" data-id=\"1e15b2c\" data-element_type=\"widget\" data-widget_type=\"text-editor.default\">\n\t\t\t\t<div class=\"elementor-widget-container\">\n\t\t\t\t\t\t\t\t\t<p>De son nom officiel, la \u00ab\u00a0maturit\u00e9 sp\u00e9cialis\u00e9e domaine professionnel Sant\u00e9\/Sciences exp\u00e9rimentales, sp\u00e9cialisation Sciences exp\u00e9rimentales\u00a0\u00bb est appel\u00e9e de mani\u00e8re plus succincte \u00e0 l\u2019ECGF <strong>\u00ab maturit\u00e9 sp\u00e9cialis\u00e9e Sciences exp\u00e9rimentales \u00bb (MSSA-SC. EXP.)<\/strong>. Elle forme sp\u00e9cifiquement pour l\u2019admission en Haute \u00e9cole sp\u00e9cialis\u00e9e dans le domaine des sciences exp\u00e9rimentales.<\/p><p>Cette formation s\u2019adresse uniquement aux titulaires d\u2019un certificat ECG domaine Sant\u00e9\/Sciences exp\u00e9rimentales.<\/p>\t\t\t\t\t\t\t\t<\/div>\n\t\t\t\t<\/div>\n\t\t\t\t\t<\/div>\n\t\t<\/div>\n\t\t\t\t\t<\/div>\n\t\t<\/section>\n\t\t\t\t\t<\/div>\n\t\t<\/div>\n\t\t\t\t\t<\/div>\n\t\t<\/section>\n\t\t\t\t<section class=\"elementor-section elementor-top-section elementor-element elementor-element-4d79ad5 elementor-section-boxed elementor-section-height-default elementor-section-height-default\" data-id=\"4d79ad5\" data-element_type=\"section\">\n\t\t\t\t\t\t<div class=\"elementor-container elementor-column-gap-default\">\n\t\t\t\t\t<div class=\"elementor-column elementor-col-100 elementor-top-column elementor-element elementor-element-1a670c8\" data-id=\"1a670c8\" data-element_type=\"column\">\n\t\t\t<div class=\"elementor-widget-wrap elementor-element-populated\">\n\t\t\t\t\t\t<section class=\"elementor-section elementor-inner-section elementor-element elementor-element-45a75bd elementor-section-boxed elementor-section-height-default elementor-section-height-default\" data-id=\"45a75bd\" data-element_type=\"section\">\n\t\t\t\t\t\t<div class=\"elementor-container elementor-column-gap-default\">\n\t\t\t\t\t<div class=\"elementor-column elementor-col-100 elementor-inner-column elementor-element elementor-element-d5de5c6\" data-id=\"d5de5c6\" data-element_type=\"column\">\n\t\t\t<div class=\"elementor-widget-wrap elementor-element-populated\">\n\t\t\t\t\t\t<div class=\"elementor-element elementor-element-977eb99 uael-faq-box-layout-yes align-at-left elementor-widget elementor-widget-uael-faq\" data-id=\"977eb99\" data-element_type=\"widget\" data-widget_type=\"uael-faq.default\">\n\t\t\t\t<div class=\"elementor-widget-container\">\n\t\t\t\t\t\n\t\t\t<div id='uael-faq-wrapper-158' class=\"uael-faq-wrapper\">\n\t\t\t\t<div class=\"uael-faq-container uael-faq-layout-accordion\" data-layout=\"accordion\" >\n\t\t\t\t\t\t\t\t\t\t\t\t<div id=\"uael-accordion-bb794e1\" class=\"uael-faq-accordion\" role=\"tablist\">\n\t\t\t\t\t\t\t\t<div class= \"uael-accordion-title\" aria-expanded=\"false\" role=\"tab\">\n\t\t\t\t\t\t\t\t\t<span class=\"uael-accordion-icon uael-accordion-icon-left\">\n\t\t\t\t\t\t\t\t\t\t<span class=\"uael-accordion-icon-closed\"><i class=\"fas fa-long-arrow-alt-right\"><\/i><\/span>\n\t\t\t\t\t\t\t\t\t\t<span class=\"uael-accordion-icon-opened\"><i class=\"fas fa-angle-up\"><\/i><\/span>\n\t\t\t\t\t\t\t\t\t<\/span>\n\t\t\t\t\t\t\t\t\t<span class=\"uael-question-bb794e1 uael-question-span\" tabindex=\"0\" id=\"uael-faq-1-69dfb98dad0a2\">Formation<\/span>\n\t\t\t\t\t\t\t\t<\/div>\n\t\t\t\t\t\t\t\t<div class=\"uael-accordion-content\" role=\"tabpanel\">\n\t\t\t\t\t\t\t\t\t<span>\n\t\t\t\t\t\t\t\t\t<span><p>La formation est assur\u00e9e en collaboration avec la Haute \u00e9cole d\u2019ing\u00e9nierie et d\u2019architecture de Fribourg (HEIA-FR) et donne un acc\u00e8s direct aux formations des Hautes \u00e9coles d\u2019ing\u00e9nierie (HEI) notamment dans le domaine Chimie et Sciences de la vie. L\u2019ann\u00e9e de MSSA-SC. EXP. comprend :<\/p><p>\u00a0<\/p><ul><li>un module th\u00e9orique et pratique de pr\u00e9paration de 6 semaines \u00e0 la HEIA-FR valid\u00e9 par un examen th\u00e9orique, ainsi que des cours des math\u00e9matiques appliqu\u00e9es organis\u00e9s durant le stage par la HEIA-FR (pr\u00e9sentiel ou distanciel)<\/li><\/ul><ul><li>un stage pratique professionnel et d\u2019approche du monde du travail de 26 semaines dans une entreprise ou institution du domaine des sciences exp\u00e9rimentales. L\u2019\u00e9l\u00e8ve porte la responsabilit\u00e9 de trouver la place de stage.\u00a0<\/li><\/ul><ul><li>la r\u00e9alisation d\u2019un travail de maturit\u00e9 sp\u00e9cialis\u00e9e (TMSSA-SC. EXP.)<\/li><\/ul><\/span>\t\t\t\t\t\t\t\t\t<\/span>\n\t\t\t\t\t\t\t\t<\/div>\n\t\t\t\t\t\t\t<\/div>\n\t\t\t\t\t\t\t\t\t\t\t\t\t\t<div id=\"uael-accordion-d6ccb3f\" class=\"uael-faq-accordion\" role=\"tablist\">\n\t\t\t\t\t\t\t\t<div class= \"uael-accordion-title\" aria-expanded=\"false\" role=\"tab\">\n\t\t\t\t\t\t\t\t\t<span class=\"uael-accordion-icon uael-accordion-icon-left\">\n\t\t\t\t\t\t\t\t\t\t<span class=\"uael-accordion-icon-closed\"><i class=\"fas fa-long-arrow-alt-right\"><\/i><\/span>\n\t\t\t\t\t\t\t\t\t\t<span class=\"uael-accordion-icon-opened\"><i class=\"fas fa-angle-up\"><\/i><\/span>\n\t\t\t\t\t\t\t\t\t<\/span>\n\t\t\t\t\t\t\t\t\t<span class=\"uael-question-d6ccb3f uael-question-span\" tabindex=\"0\" id=\"uael-faq-2-69dfb98dad0d6\">Admission et Inscription<\/span>\n\t\t\t\t\t\t\t\t<\/div>\n\t\t\t\t\t\t\t\t<div class=\"uael-accordion-content\" role=\"tabpanel\">\n\t\t\t\t\t\t\t\t\t<span>\n\t\t\t\t\t\t\t\t\t<span><p><strong>Inscription<\/strong><\/p><p>Pour tous les candidat-e-s, le d\u00e9lai d'inscription est fix\u00e9 au\u00a0<strong>15 f\u00e9vrier<\/strong>\u00a0pour la rentr\u00e9e de septembre.<\/p><p>\u00a0<\/p><p>Les inscriptions en ligne sont ouvertes \u00e0 partir du 15 janvier pour la rentr\u00e9e de septembre. Nous n\u2019envoyons pas d\u2019accus\u00e9 de r\u00e9ception. Une r\u00e9ponse est envoy\u00e9e d\u00e8s la fin du d\u00e9lai d\u2019inscription.<\/p><p>\u00a0<\/p><p><strong>Attention\u00a0:<\/strong> L\u2019inscription en MSSA-SC. EXP. est <strong>valid\u00e9e uniquement apr\u00e8s le d\u00e9p\u00f4t du contrat de travail\u00a0<\/strong>de l\u2019entreprise ou de l\u2019institution du domaine des\u00a0 sciences exp\u00e9rimentales. Ce d\u00e9p\u00f4t doit avoir lieu<strong>\u00a0au plus tard le 15 mai\u00a0<\/strong>de l\u2019ann\u00e9e d\u2019entr\u00e9e en formation.<\/p><p>\u00a0<\/p><p><strong>Admissibilit\u00e9<\/strong><\/p><p>Sont admissibles les \u00e9l\u00e8ves titulaires d\u2019un certificat ECG du domaine Sant\u00e9\/Sciences exp\u00e9rimentales, dans un d\u00e9lai de trois ans apr\u00e8s l\u2019obtention dudit certificat ECG.<\/p><p>Les \u00e9l\u00e8ves des classes de 3<sup>e<\/sup>\u00a0ECG s\u2019inscrivent en ligne via le portail ISA.<\/p><p>\u00a0<\/p><p>Les titulaires d\u2019un certificat ECG du domaine Sant\u00e9\/Sciences exp\u00e9rimentales n\u2019\u00e9tant plus scolaris\u00e9s \u00e0 l\u2019ECGF adressent une demande par courriel \u00e0 la direction de l\u2019\u00e9cole (<a href=\"mailto:ecgf-fmsf@edufr.ch\">ecgf-fmsf@edufr.ch<\/a>) pour l\u2019envoi du formulaire d\u2019inscription.<\/p><p>Les titulaires d\u2019un certificat ECG d\u2019un autre domaine sont astreints \u00e0 effectuer une 3<sup>e<\/sup>\u00a0ann\u00e9e dans le domaine Sant\u00e9\/Sciences exp\u00e9rimentales.<\/p><p>Les titulaires d\u2019une autre maturit\u00e9 sp\u00e9cialis\u00e9e d\u00e9sirant int\u00e9grer une Haute \u00e9cole sp\u00e9cialis\u00e9e dans le domaine des sciences exp\u00e9rimentales, s\u2019adressent directement \u00e0 l'\u00e9cole concern\u00e9e pour un acc\u00e8s avec formation pr\u00e9alable non relative au domaine.<\/p><\/span>\t\t\t\t\t\t\t\t\t<\/span>\n\t\t\t\t\t\t\t\t<\/div>\n\t\t\t\t\t\t\t<\/div>\n\t\t\t\t\t\t\t\t\t\t\t\t\t\t<div id=\"uael-accordion-eb958f0\" class=\"uael-faq-accordion\" role=\"tablist\">\n\t\t\t\t\t\t\t\t<div class= \"uael-accordion-title\" aria-expanded=\"false\" role=\"tab\">\n\t\t\t\t\t\t\t\t\t<span class=\"uael-accordion-icon uael-accordion-icon-left\">\n\t\t\t\t\t\t\t\t\t\t<span class=\"uael-accordion-icon-closed\"><i class=\"fas fa-long-arrow-alt-right\"><\/i><\/span>\n\t\t\t\t\t\t\t\t\t\t<span class=\"uael-accordion-icon-opened\"><i class=\"fas fa-angle-up\"><\/i><\/span>\n\t\t\t\t\t\t\t\t\t<\/span>\n\t\t\t\t\t\t\t\t\t<span class=\"uael-question-eb958f0 uael-question-span\" tabindex=\"0\" id=\"uael-faq-3-69dfb98dad0f2\">Frais de formation<\/span>\n\t\t\t\t\t\t\t\t<\/div>\n\t\t\t\t\t\t\t\t<div class=\"uael-accordion-content\" role=\"tabpanel\">\n\t\t\t\t\t\t\t\t\t<span>\n\t\t\t\t\t\t\t\t\t<span><p>Les frais de formation comprennent l\u2019\u00e9colage, les taxes d\u2019examen et des frais divers.<\/p><p>\u00a0<\/p><ul><li>Ecolage : selon l'Arr\u00eat\u00e9 du Conseil d\u2019Etat fixant les \u00e9colages du S2.<\/li><li>Taxe d\u2019examens : selon l'Arr\u00eat\u00e9 du Conseil d\u2019Etat fixant les taxes d\u2019examens finaux du S2.<\/li><li>Frais : frais de mat\u00e9riel scolaire.<\/li><\/ul><\/span>\t\t\t\t\t\t\t\t\t<\/span>\n\t\t\t\t\t\t\t\t<\/div>\n\t\t\t\t\t\t\t<\/div>\n\t\t\t\t\t\t\t\t\t\t\t\t\t\t<div id=\"uael-accordion-8209a29\" class=\"uael-faq-accordion\" role=\"tablist\">\n\t\t\t\t\t\t\t\t<div class= \"uael-accordion-title\" aria-expanded=\"false\" role=\"tab\">\n\t\t\t\t\t\t\t\t\t<span class=\"uael-accordion-icon uael-accordion-icon-left\">\n\t\t\t\t\t\t\t\t\t\t<span class=\"uael-accordion-icon-closed\"><i class=\"fas fa-long-arrow-alt-right\"><\/i><\/span>\n\t\t\t\t\t\t\t\t\t\t<span class=\"uael-accordion-icon-opened\"><i class=\"fas fa-angle-up\"><\/i><\/span>\n\t\t\t\t\t\t\t\t\t<\/span>\n\t\t\t\t\t\t\t\t\t<span class=\"uael-question-8209a29 uael-question-span\" tabindex=\"0\" id=\"uael-faq-4-69dfb98dad109\">Travail de maturit\u00e9 sp\u00e9cialis\u00e9e Sciences exp\u00e9rimentales (TMSSA-SC. EXP.)<\/span>\n\t\t\t\t\t\t\t\t<\/div>\n\t\t\t\t\t\t\t\t<div class=\"uael-accordion-content\" role=\"tabpanel\">\n\t\t\t\t\t\t\t\t\t<span>\n\t\t\t\t\t\t\t\t\t<span><p>La r\u00e9alisation du TMSSA-SC. EXP. am\u00e8ne l\u2019\u00e9l\u00e8ve \u00e0 faire preuve d\u2019autonomie et \u00e0 obtenir une meilleure compr\u00e9hension de l\u2019exp\u00e9rience pratique sp\u00e9cifique v\u00e9cue et de la probl\u00e9matique choisie, ainsi qu\u2019\u00e0 d\u00e9velopper une r\u00e9flexion critique sur l\u2019\u00e9volution de son positionnement par rapport \u00e0 la pratique et le projet professionnels propres. Lors de la r\u00e9alisation de ce travail, l\u2019\u00e9l\u00e8ve est suivi par un-e enseignant-e de l\u2019ECGF (r\u00e9pondant-e) et par une personne de l\u2019entreprise ou de l\u2019institution (expert-e).<\/p><p>\u00a0<\/p><p>La r\u00e9daction du TMSSA-SC. EXP. est effectu\u00e9e \u00e0 la fin de l\u2019exp\u00e9rience pratique et dure 4 semaines. Le TMSSA-SC. EXP. contient deux parties :<\/p><p>\u00a0<\/p><ul><li>un rapport de stage comprenant une pr\u00e9sentation (description et r\u00e9flexion) du lieu de stage pratique, du r\u00f4le du stagiaire, ainsi que les \u00e9l\u00e9ments significatifs tir\u00e9s de l\u2019exp\u00e9rience pratique sp\u00e9cifique v\u00e9cue ;<\/li><li>une analyse personnelle constitu\u00e9e d\u2019une analyse approfondie d\u2019un questionnement issu de l\u2019exp\u00e9rience pratique sp\u00e9cifique.<\/li><\/ul><p>\u00a0<\/p><p>La soutenance orale a lieu une fois que la partie \u00e9crite est acquise.<\/p><p>\u00a0<\/p><p>Le cadre g\u00e9n\u00e9ral, le contenu et les conditions d\u2019\u00e9valuation du TMSSA-SC. EXP. sont fix\u00e9s dans des dispositions compl\u00e9mentaires.<\/p><\/span>\t\t\t\t\t\t\t\t\t<\/span>\n\t\t\t\t\t\t\t\t<\/div>\n\t\t\t\t\t\t\t<\/div>\n\t\t\t\t\t\t\t\t\t\t\t\t\t\t<div id=\"uael-accordion-a32ad00\" class=\"uael-faq-accordion\" role=\"tablist\">\n\t\t\t\t\t\t\t\t<div class= \"uael-accordion-title\" aria-expanded=\"false\" role=\"tab\">\n\t\t\t\t\t\t\t\t\t<span class=\"uael-accordion-icon uael-accordion-icon-left\">\n\t\t\t\t\t\t\t\t\t\t<span class=\"uael-accordion-icon-closed\"><i class=\"fas fa-long-arrow-alt-right\"><\/i><\/span>\n\t\t\t\t\t\t\t\t\t\t<span class=\"uael-accordion-icon-opened\"><i class=\"fas fa-angle-up\"><\/i><\/span>\n\t\t\t\t\t\t\t\t\t<\/span>\n\t\t\t\t\t\t\t\t\t<span class=\"uael-question-a32ad00 uael-question-span\" tabindex=\"0\" id=\"uael-faq-5-69dfb98dad120\">Conditions de r\u00e9ussite du certificat de maturit\u00e9 sp\u00e9cialis\u00e9e Sciences exp\u00e9rimentales<\/span>\n\t\t\t\t\t\t\t\t<\/div>\n\t\t\t\t\t\t\t\t<div class=\"uael-accordion-content\" role=\"tabpanel\">\n\t\t\t\t\t\t\t\t\t<span>\n\t\t\t\t\t\t\t\t\t<span><p>Les conditions de r\u00e9ussite du certificat de Maturit\u00e9 sp\u00e9cialis\u00e9e sont donn\u00e9es par le r\u00e8glement sur la formation en \u00e9cole de culture g\u00e9n\u00e9rale (RECG).<\/p><p><strong>Art. 55 - <\/strong> Conditions de r\u00e9ussite :<\/p><p><sup>2<\/sup> La maturit\u00e9 sp\u00e9cialis\u00e9e dans le domaine professionnel Sant\u00e9\/Sciences exp\u00e9rimentales, sp\u00e9cialisation Sciences exp\u00e9rimentales, est obtenue si les conditions cumulatives suivantes sont remplies:<\/p><p>a) la pr\u00e9paration au stage est r\u00e9ussie;<\/p><p>b) l'exp\u00e9rience pratique sp\u00e9cifique en institution ou entreprise est r\u00e9ussie;<\/p><p>c) la note du travail de maturit\u00e9 sp\u00e9cialis\u00e9e est sup\u00e9rieure ou \u00e9gale \u00e0 4,0.<\/p><\/span>\t\t\t\t\t\t\t\t\t<\/span>\n\t\t\t\t\t\t\t\t<\/div>\n\t\t\t\t\t\t\t<\/div>\n\t\t\t\t\t\t\t\t\t\t\t\t\t\t<div id=\"uael-accordion-d2c79c1\" class=\"uael-faq-accordion\" role=\"tablist\">\n\t\t\t\t\t\t\t\t<div class= \"uael-accordion-title\" aria-expanded=\"false\" role=\"tab\">\n\t\t\t\t\t\t\t\t\t<span class=\"uael-accordion-icon uael-accordion-icon-left\">\n\t\t\t\t\t\t\t\t\t\t<span class=\"uael-accordion-icon-closed\"><i class=\"fas fa-long-arrow-alt-right\"><\/i><\/span>\n\t\t\t\t\t\t\t\t\t\t<span class=\"uael-accordion-icon-opened\"><i class=\"fas fa-angle-up\"><\/i><\/span>\n\t\t\t\t\t\t\t\t\t<\/span>\n\t\t\t\t\t\t\t\t\t<span class=\"uael-question-d2c79c1 uael-question-span\" tabindex=\"0\" id=\"uael-faq-6-69dfb98dad136\">Contact<\/span>\n\t\t\t\t\t\t\t\t<\/div>\n\t\t\t\t\t\t\t\t<div class=\"uael-accordion-content\" role=\"tabpanel\">\n\t\t\t\t\t\t\t\t\t<span>\n\t\t\t\t\t\t\t\t\t<span><p>Pour tout renseignement compl\u00e9mentaire, veuillez vous adresser \u00e0 Mme Fran\u00e7oise Steffes, proviseure MS, +41 26 305 65 14, \u00a0francoise.steffes@edufr.ch<\/p><\/span>\t\t\t\t\t\t\t\t\t<\/span>\n\t\t\t\t\t\t\t\t<\/div>\n\t\t\t\t\t\t\t<\/div>\n\t\t\t\t\t\t\t\t\t\t\t<\/div>\n\t\t\t<\/div>\n\t\t\t\t\t\t\t<\/div>\n\t\t\t\t<\/div>\n\t\t\t\t\t<\/div>\n\t\t<\/div>\n\t\t\t\t\t<\/div>\n\t\t<\/section>\n\t\t\t\t\t<\/div>\n\t\t<\/div>\n\t\t\t\t\t<\/div>\n\t\t<\/section>\n\t\t\t\t<\/div>\n\t\t","protected":false},"excerpt":{"rendered":"<p>Formations &#8211; MSSE Maturit\u00e9 sp\u00e9cialis\u00e9e Sciences exp\u00e9rimentales (MSSA-SC. EXP.) Revenir \u00e0 formations MSSE Maturit\u00e9 sp\u00e9cialis\u00e9e domaine professionnel Sant\u00e9\/Sciences exp\u00e9rimentales, sp\u00e9cialisation Sciences exp\u00e9rimentales De son nom officiel, la \u00ab\u00a0maturit\u00e9 sp\u00e9cialis\u00e9e domaine professionnel Sant\u00e9\/Sciences exp\u00e9rimentales, sp\u00e9cialisation Sciences exp\u00e9rimentales\u00a0\u00bb est appel\u00e9e de mani\u00e8re plus succincte \u00e0 l\u2019ECGF \u00ab maturit\u00e9 sp\u00e9cialis\u00e9e Sciences exp\u00e9rimentales \u00bb (MSSA-SC. EXP.). Elle forme sp\u00e9cifiquement [&hellip;]<\/p>\n","protected":false},"author":2,"featured_media":0,"parent":489,"menu_order":0,"comment_status":"closed","ping_status":"closed","template":"","meta":{"site-sidebar-layout":"no-sidebar","site-content-layout":"page-builder","ast-site-content-layout":"default","site-content-style":"default","site-sidebar-style":"default","ast-global-header-display":"","ast-banner-title-visibility":"","ast-main-header-display":"","ast-hfb-above-header-display":"","ast-hfb-below-header-display":"","ast-hfb-mobile-header-display":"","site-post-title":"disabled","ast-breadcrumbs-content":"","ast-featured-img":"disabled","footer-sml-layout":"","ast-disable-related-posts":"","theme-transparent-header-meta":"","adv-header-id-meta":"","stick-header-meta":"","header-above-stick-meta":"","header-main-stick-meta":"","header-below-stick-meta":"","astra-migrate-meta-layouts":"default","ast-page-background-enabled":"default","ast-page-background-meta":{"desktop":{"background-color":"var(--ast-global-color-4)","background-image":"","background-repeat":"repeat","background-position":"center center","background-size":"auto","background-attachment":"scroll","background-type":"","background-media":"","overlay-type":"","overlay-color":"","overlay-opacity":"","overlay-gradient":""},"tablet":{"background-color":"","background-image":"","background-repeat":"repeat","background-position":"center center","background-size":"auto","background-attachment":"scroll","background-type":"","background-media":"","overlay-type":"","overlay-color":"","overlay-opacity":"","overlay-gradient":""},"mobile":{"background-color":"","background-image":"","background-repeat":"repeat","background-position":"center center","background-size":"auto","background-attachment":"scroll","background-type":"","background-media":"","overlay-type":"","overlay-color":"","overlay-opacity":"","overlay-gradient":""}},"ast-content-background-meta":{"desktop":{"background-color":"var(--ast-global-color-5)","background-image":"","background-repeat":"repeat","background-position":"center center","background-size":"auto","background-attachment":"scroll","background-type":"","background-media":"","overlay-type":"","overlay-color":"","overlay-opacity":"","overlay-gradient":""},"tablet":{"background-color":"var(--ast-global-color-5)","background-image":"","background-repeat":"repeat","background-position":"center center","background-size":"auto","background-attachment":"scroll","background-type":"","background-media":"","overlay-type":"","overlay-color":"","overlay-opacity":"","overlay-gradient":""},"mobile":{"background-color":"var(--ast-global-color-5)","background-image":"","background-repeat":"repeat","background-position":"center center","background-size":"auto","background-attachment":"scroll","background-type":"","background-media":"","overlay-type":"","overlay-color":"","overlay-opacity":"","overlay-gradient":""}},"footnotes":""},"class_list":["post-15124","page","type-page","status-publish","hentry"],"_links":{"self":[{"href":"https:\/\/www.ecgffr.ch\/fr\/wp-json\/wp\/v2\/pages\/15124","targetHints":{"allow":["GET"]}}],"collection":[{"href":"https:\/\/www.ecgffr.ch\/fr\/wp-json\/wp\/v2\/pages"}],"about":[{"href":"https:\/\/www.ecgffr.ch\/fr\/wp-json\/wp\/v2\/types\/page"}],"author":[{"embeddable":true,"href":"https:\/\/www.ecgffr.ch\/fr\/wp-json\/wp\/v2\/users\/2"}],"replies":[{"embeddable":true,"href":"https:\/\/www.ecgffr.ch\/fr\/wp-json\/wp\/v2\/comments?post=15124"}],"version-history":[{"count":64,"href":"https:\/\/www.ecgffr.ch\/fr\/wp-json\/wp\/v2\/pages\/15124\/revisions"}],"predecessor-version":[{"id":15669,"href":"https:\/\/www.ecgffr.ch\/fr\/wp-json\/wp\/v2\/pages\/15124\/revisions\/15669"}],"up":[{"embeddable":true,"href":"https:\/\/www.ecgffr.ch\/fr\/wp-json\/wp\/v2\/pages\/489"}],"wp:attachment":[{"href":"https:\/\/www.ecgffr.ch\/fr\/wp-json\/wp\/v2\/media?parent=15124"}],"curies":[{"name":"wp","href":"https:\/\/api.w.org\/{rel}","templated":true}]}}