{"id":4528,"date":"2023-03-12T21:26:50","date_gmt":"2023-03-12T20:26:50","guid":{"rendered":"http:\/\/www.ecgffr.ch\/?page_id=4528"},"modified":"2025-07-08T09:05:31","modified_gmt":"2025-07-08T07:05:31","slug":"sports-arts-formation","status":"publish","type":"page","link":"https:\/\/www.ecgffr.ch\/fr\/ressources-eleves\/sports-arts-formation\/","title":{"rendered":"Sports-Arts-Formation"},"content":{"rendered":"\t\t<div data-elementor-type=\"wp-page\" data-elementor-id=\"4528\" class=\"elementor elementor-4528\" data-elementor-post-type=\"page\">\n\t\t\t\t\t\t<section class=\"elementor-section elementor-top-section elementor-element elementor-element-13c26e6 elementor-section-height-min-height elementor-section-boxed elementor-section-height-default elementor-section-items-middle\" data-id=\"13c26e6\" data-element_type=\"section\" data-settings=\"{&quot;background_background&quot;:&quot;classic&quot;}\">\n\t\t\t\t\t\t\t<div class=\"elementor-background-overlay\"><\/div>\n\t\t\t\t\t\t\t<div class=\"elementor-container elementor-column-gap-default\">\n\t\t\t\t\t<div class=\"elementor-column elementor-col-100 elementor-top-column elementor-element elementor-element-ff95641\" data-id=\"ff95641\" data-element_type=\"column\">\n\t\t\t<div class=\"elementor-widget-wrap elementor-element-populated\">\n\t\t\t\t\t\t<div class=\"elementor-element elementor-element-c754e65 elementor-widget elementor-widget-heading\" data-id=\"c754e65\" data-element_type=\"widget\" data-widget_type=\"heading.default\">\n\t\t\t\t<div class=\"elementor-widget-container\">\n\t\t\t\t\t<h4 class=\"elementor-heading-title elementor-size-default\">Ressources \u00e9l\u00e8ves<\/h4>\t\t\t\t<\/div>\n\t\t\t\t<\/div>\n\t\t\t\t<div class=\"elementor-element elementor-element-0f237c6 elementor-widget elementor-widget-heading\" data-id=\"0f237c6\" data-element_type=\"widget\" data-widget_type=\"heading.default\">\n\t\t\t\t<div class=\"elementor-widget-container\">\n\t\t\t\t\t<h1 class=\"elementor-heading-title elementor-size-default\">Sports-Arts-Formation<\/h1>\t\t\t\t<\/div>\n\t\t\t\t<\/div>\n\t\t\t\t<div class=\"elementor-element elementor-element-1620e9b elementor-icon-list--layout-inline elementor-align-center elementor-list-item-link-full_width elementor-widget elementor-widget-icon-list\" data-id=\"1620e9b\" data-element_type=\"widget\" data-widget_type=\"icon-list.default\">\n\t\t\t\t<div class=\"elementor-widget-container\">\n\t\t\t\t\t\t\t<ul class=\"elementor-icon-list-items elementor-inline-items\">\n\t\t\t\t\t\t\t<li class=\"elementor-icon-list-item elementor-inline-item\">\n\t\t\t\t\t\t\t\t\t\t\t<a href=\"https:\/\/www.ecgffr.ch\/de\/schuelerressourcen\/\">\n\n\t\t\t\t\t\t\t\t\t\t\t\t<span class=\"elementor-icon-list-icon\">\n\t\t\t\t\t\t\t<i aria-hidden=\"true\" class=\"fas fa-long-arrow-alt-left\"><\/i>\t\t\t\t\t\t<\/span>\n\t\t\t\t\t\t\t\t\t\t<span class=\"elementor-icon-list-text\">Revenir \u00e0 Ressources \u00e9l\u00e8ves<\/span>\n\t\t\t\t\t\t\t\t\t\t\t<\/a>\n\t\t\t\t\t\t\t\t\t<\/li>\n\t\t\t\t\t\t<\/ul>\n\t\t\t\t\t\t<\/div>\n\t\t\t\t<\/div>\n\t\t\t\t\t<\/div>\n\t\t<\/div>\n\t\t\t\t\t<\/div>\n\t\t<\/section>\n\t\t\t\t<section class=\"elementor-section elementor-top-section elementor-element elementor-element-c23961a elementor-section-boxed elementor-section-height-default elementor-section-height-default\" data-id=\"c23961a\" data-element_type=\"section\">\n\t\t\t\t\t\t<div class=\"elementor-container elementor-column-gap-default\">\n\t\t\t\t\t<div class=\"elementor-column elementor-col-100 elementor-top-column elementor-element elementor-element-0813849\" data-id=\"0813849\" data-element_type=\"column\">\n\t\t\t<div class=\"elementor-widget-wrap elementor-element-populated\">\n\t\t\t\t\t\t<section class=\"elementor-section elementor-inner-section elementor-element elementor-element-c80c860 elementor-section-boxed elementor-section-height-default elementor-section-height-default\" data-id=\"c80c860\" data-element_type=\"section\">\n\t\t\t\t\t\t<div class=\"elementor-container elementor-column-gap-default\">\n\t\t\t\t\t<div class=\"elementor-column elementor-col-50 elementor-inner-column elementor-element elementor-element-87a9008\" data-id=\"87a9008\" data-element_type=\"column\">\n\t\t\t<div class=\"elementor-widget-wrap elementor-element-populated\">\n\t\t\t\t\t\t<div class=\"elementor-element elementor-element-f951bb6 elementor-widget elementor-widget-heading\" data-id=\"f951bb6\" data-element_type=\"widget\" data-widget_type=\"heading.default\">\n\t\t\t\t<div class=\"elementor-widget-container\">\n\t\t\t\t\t<h4 class=\"elementor-heading-title elementor-size-default\">Sports-Arts-Formation<\/h4>\t\t\t\t<\/div>\n\t\t\t\t<\/div>\n\t\t\t\t<div class=\"elementor-element elementor-element-365bcbe elementor-widget elementor-widget-text-editor\" data-id=\"365bcbe\" data-element_type=\"widget\" data-widget_type=\"text-editor.default\">\n\t\t\t\t<div class=\"elementor-widget-container\">\n\t\t\t\t\t\t\t\t\t<p>Le programme cantonal Sports-Arts-Formation (SAF)\u00a0permet aux sportifs et sportives particuli\u00e8rement dou\u00e9s et aux jeunes artistes de talent de combiner leur formation avec le sport de comp\u00e9tition ou l\u2019art \u00e0 un niveau \u00e9lev\u00e9. Par la qualit\u00e9 des am\u00e9nagements mis en place et du suivi de ses \u00e9l\u00e8ves SAF \u2013 sportifs d\u2019\u00e9lite, notre Ecole a re\u00e7u le label \u00ab\u00a0Swiss Olympic Partner School\u00a0\u00bb.<\/p>\t\t\t\t\t\t\t\t<\/div>\n\t\t\t\t<\/div>\n\t\t\t\t\t<\/div>\n\t\t<\/div>\n\t\t\t\t<div class=\"elementor-column elementor-col-50 elementor-inner-column elementor-element elementor-element-2139180\" data-id=\"2139180\" data-element_type=\"column\">\n\t\t\t<div class=\"elementor-widget-wrap elementor-element-populated\">\n\t\t\t\t\t\t<div class=\"elementor-element elementor-element-bc0fb8b elementor-widget elementor-widget-image\" data-id=\"bc0fb8b\" data-element_type=\"widget\" data-widget_type=\"image.default\">\n\t\t\t\t<div class=\"elementor-widget-container\">\n\t\t\t\t\t\t\t\t\t\t\t\t\t\t\t<img fetchpriority=\"high\" decoding=\"async\" width=\"1470\" height=\"331\" src=\"https:\/\/www.ecgffr.ch\/wp-content\/uploads\/2025\/07\/SO_PartnerSchool_rgb_3c-1.jpg\" class=\"attachment-full size-full wp-image-14245\" alt=\"\" srcset=\"https:\/\/www.ecgffr.ch\/wp-content\/uploads\/2025\/07\/SO_PartnerSchool_rgb_3c-1.jpg 1470w, https:\/\/www.ecgffr.ch\/wp-content\/uploads\/2025\/07\/SO_PartnerSchool_rgb_3c-1-300x68.jpg 300w, https:\/\/www.ecgffr.ch\/wp-content\/uploads\/2025\/07\/SO_PartnerSchool_rgb_3c-1-1024x231.jpg 1024w, https:\/\/www.ecgffr.ch\/wp-content\/uploads\/2025\/07\/SO_PartnerSchool_rgb_3c-1-768x173.jpg 768w\" sizes=\"(max-width: 1470px) 100vw, 1470px\" \/>\t\t\t\t\t\t\t\t\t\t\t\t\t\t\t<\/div>\n\t\t\t\t<\/div>\n\t\t\t\t\t<\/div>\n\t\t<\/div>\n\t\t\t\t\t<\/div>\n\t\t<\/section>\n\t\t\t\t\t<\/div>\n\t\t<\/div>\n\t\t\t\t\t<\/div>\n\t\t<\/section>\n\t\t\t\t<section class=\"elementor-section elementor-top-section elementor-element elementor-element-2109eb1 elementor-section-boxed elementor-section-height-default elementor-section-height-default\" data-id=\"2109eb1\" data-element_type=\"section\">\n\t\t\t\t\t\t<div class=\"elementor-container elementor-column-gap-default\">\n\t\t\t\t\t<div class=\"elementor-column elementor-col-100 elementor-top-column elementor-element elementor-element-cc255b5\" data-id=\"cc255b5\" data-element_type=\"column\">\n\t\t\t<div class=\"elementor-widget-wrap\">\n\t\t\t\t\t\t\t<\/div>\n\t\t<\/div>\n\t\t\t\t\t<\/div>\n\t\t<\/section>\n\t\t\t\t<section class=\"elementor-section elementor-top-section elementor-element elementor-element-ab3ccf1 elementor-section-boxed elementor-section-height-default elementor-section-height-default\" data-id=\"ab3ccf1\" data-element_type=\"section\">\n\t\t\t\t\t\t<div class=\"elementor-container elementor-column-gap-default\">\n\t\t\t\t\t<div class=\"elementor-column elementor-col-100 elementor-top-column elementor-element elementor-element-6f67ad0\" data-id=\"6f67ad0\" data-element_type=\"column\">\n\t\t\t<div class=\"elementor-widget-wrap elementor-element-populated\">\n\t\t\t\t\t\t<div class=\"elementor-element elementor-element-275081b elementor-widget elementor-widget-text-editor\" data-id=\"275081b\" data-element_type=\"widget\" data-widget_type=\"text-editor.default\">\n\t\t\t\t<div class=\"elementor-widget-container\">\n\t\t\t\t\t\t\t\t\t<p>L\u2019admission au programme SAF est soumise aux crit\u00e8res fix\u00e9s par le canton (<a href=\"https:\/\/www.fr.ch\/document\/491511\" target=\"_blank\" rel=\"noopener\">Directives SAF<\/a>). Les artistes de talents et les sportifs et sportives particuli\u00e8rement dou\u00e9-e-s doivent remplir <strong>chaque ann\u00e9e<\/strong> le questionnaire SAF disponible sur le site internet du Service du sport et envoyer le dossier complet (avec les annexes requises) au\u00a0<a href=\"https:\/\/www.fr.ch\/formation-et-ecoles\/scolarite-obligatoire\/sports-arts-formation-saf\/saf-sports\" target=\"_blank\" rel=\"noopener\">Service du sport<\/a>\u00a0<strong>jusqu&rsquo;au\u00a015 f\u00e9vrier<\/strong>.<\/p><p>\u00a0<\/p><p>Les mesures de soutien suivantes peuvent \u00eatre propos\u00e9es individuellement afin de garantir un bon \u00e9quilibre entre \u00e9cole, formation, comp\u00e9tition et r\u00e9cup\u00e9ration\u00a0:<\/p><ul><li>Am\u00e9nagement et\/ou\u00a0all\u00e9gement de l&rsquo;horaire hebdomadaire ; au minimum 25 le\u00e7ons hebdomadaires doivent toutefois \u00eatre suivies\u00a0;<\/li><li>Dispense, totale ou partielle, de cours d\u00e9termin\u00e9s par domaine et par ann\u00e9e de formation\u00a0;<\/li><li>Cong\u00e9s pour la pr\u00e9paration et la participation \u00e0 des \u00e9v\u00e9nements sportifs ou artistiques d&rsquo;importance\u00a0;<\/li><li>Soutien p\u00e9dagogique lors d&rsquo;absences li\u00e9es \u00e0 la pratique d&rsquo;un sport ou d&rsquo;un art ;<\/li><li>Changement d&rsquo;\u00e9cole afin de limiter les d\u00e9placements de l\u2019\u00e9l\u00e8ve vers le lieu d&rsquo;entra\u00eenement ou de pratique de son sport ou de son art.<\/li><\/ul><p>De plus, le programme d&rsquo;une ann\u00e9e scolaire, voire \u00e9galement les examens finals, peuvent \u00eatre \u00e9tal\u00e9s sur deux ans.<\/p><p>\u00a0<\/p><p>Pour de plus amples informations, veuillez contacter Mme Isabelle Schneuwly, proviseure responsable du programme SAF.<\/p>\t\t\t\t\t\t\t\t<\/div>\n\t\t\t\t<\/div>\n\t\t\t\t\t<\/div>\n\t\t<\/div>\n\t\t\t\t\t<\/div>\n\t\t<\/section>\n\t\t\t\t<\/div>\n\t\t","protected":false},"excerpt":{"rendered":"<p>Ressources \u00e9l\u00e8ves Sports-Arts-Formation Revenir \u00e0 Ressources \u00e9l\u00e8ves Sports-Arts-Formation Le programme cantonal Sports-Arts-Formation (SAF)\u00a0permet aux sportifs et sportives particuli\u00e8rement dou\u00e9s et aux jeunes artistes de talent de combiner leur formation avec le sport de comp\u00e9tition ou l\u2019art \u00e0 un niveau \u00e9lev\u00e9. Par la qualit\u00e9 des am\u00e9nagements mis en place et du suivi de ses \u00e9l\u00e8ves SAF [&hellip;]<\/p>\n","protected":false},"author":1,"featured_media":0,"parent":495,"menu_order":0,"comment_status":"closed","ping_status":"closed","template":"","meta":{"site-sidebar-layout":"no-sidebar","site-content-layout":"page-builder","ast-site-content-layout":"default","site-content-style":"default","site-sidebar-style":"default","ast-global-header-display":"","ast-banner-title-visibility":"","ast-main-header-display":"","ast-hfb-above-header-display":"","ast-hfb-below-header-display":"","ast-hfb-mobile-header-display":"","site-post-title":"disabled","ast-breadcrumbs-content":"","ast-featured-img":"disabled","footer-sml-layout":"","ast-disable-related-posts":"","theme-transparent-header-meta":"","adv-header-id-meta":"","stick-header-meta":"","header-above-stick-meta":"","header-main-stick-meta":"","header-below-stick-meta":"","astra-migrate-meta-layouts":"default","ast-page-background-enabled":"default","ast-page-background-meta":{"desktop":{"background-color":"var(--ast-global-color-4)","background-image":"","background-repeat":"repeat","background-position":"center center","background-size":"auto","background-attachment":"scroll","background-type":"","background-media":"","overlay-type":"","overlay-color":"","overlay-opacity":"","overlay-gradient":""},"tablet":{"background-color":"","background-image":"","background-repeat":"repeat","background-position":"center center","background-size":"auto","background-attachment":"scroll","background-type":"","background-media":"","overlay-type":"","overlay-color":"","overlay-opacity":"","overlay-gradient":""},"mobile":{"background-color":"","background-image":"","background-repeat":"repeat","background-position":"center center","background-size":"auto","background-attachment":"scroll","background-type":"","background-media":"","overlay-type":"","overlay-color":"","overlay-opacity":"","overlay-gradient":""}},"ast-content-background-meta":{"desktop":{"background-color":"var(--ast-global-color-5)","background-image":"","background-repeat":"repeat","background-position":"center center","background-size":"auto","background-attachment":"scroll","background-type":"","background-media":"","overlay-type":"","overlay-color":"","overlay-opacity":"","overlay-gradient":""},"tablet":{"background-color":"var(--ast-global-color-5)","background-image":"","background-repeat":"repeat","background-position":"center center","background-size":"auto","background-attachment":"scroll","background-type":"","background-media":"","overlay-type":"","overlay-color":"","overlay-opacity":"","overlay-gradient":""},"mobile":{"background-color":"var(--ast-global-color-5)","background-image":"","background-repeat":"repeat","background-position":"center center","background-size":"auto","background-attachment":"scroll","background-type":"","background-media":"","overlay-type":"","overlay-color":"","overlay-opacity":"","overlay-gradient":""}},"footnotes":""},"class_list":["post-4528","page","type-page","status-publish","hentry"],"_links":{"self":[{"href":"https:\/\/www.ecgffr.ch\/fr\/wp-json\/wp\/v2\/pages\/4528","targetHints":{"allow":["GET"]}}],"collection":[{"href":"https:\/\/www.ecgffr.ch\/fr\/wp-json\/wp\/v2\/pages"}],"about":[{"href":"https:\/\/www.ecgffr.ch\/fr\/wp-json\/wp\/v2\/types\/page"}],"author":[{"embeddable":true,"href":"https:\/\/www.ecgffr.ch\/fr\/wp-json\/wp\/v2\/users\/1"}],"replies":[{"embeddable":true,"href":"https:\/\/www.ecgffr.ch\/fr\/wp-json\/wp\/v2\/comments?post=4528"}],"version-history":[{"count":10,"href":"https:\/\/www.ecgffr.ch\/fr\/wp-json\/wp\/v2\/pages\/4528\/revisions"}],"predecessor-version":[{"id":14249,"href":"https:\/\/www.ecgffr.ch\/fr\/wp-json\/wp\/v2\/pages\/4528\/revisions\/14249"}],"up":[{"embeddable":true,"href":"https:\/\/www.ecgffr.ch\/fr\/wp-json\/wp\/v2\/pages\/495"}],"wp:attachment":[{"href":"https:\/\/www.ecgffr.ch\/fr\/wp-json\/wp\/v2\/media?parent=4528"}],"curies":[{"name":"wp","href":"https:\/\/api.w.org\/{rel}","templated":true}]}}