{"id":682,"date":"2022-12-11T22:05:01","date_gmt":"2022-12-11T21:05:01","guid":{"rendered":"http:\/\/www.ecgffr.ch\/?page_id=682"},"modified":"2025-07-14T15:58:39","modified_gmt":"2025-07-14T13:58:39","slug":"rentree-scolaire","status":"publish","type":"page","link":"https:\/\/www.ecgffr.ch\/fr\/ressources-eleves\/rentree-scolaire\/","title":{"rendered":"Rentr\u00e9e scolaire"},"content":{"rendered":"\t\t<div data-elementor-type=\"wp-page\" data-elementor-id=\"682\" class=\"elementor elementor-682\" data-elementor-post-type=\"page\">\n\t\t\t\t\t\t<section class=\"elementor-section elementor-top-section elementor-element elementor-element-13c26e6 elementor-section-height-min-height elementor-section-boxed elementor-section-height-default elementor-section-items-middle\" data-id=\"13c26e6\" data-element_type=\"section\" data-settings=\"{&quot;background_background&quot;:&quot;classic&quot;}\">\n\t\t\t\t\t\t\t<div class=\"elementor-background-overlay\"><\/div>\n\t\t\t\t\t\t\t<div class=\"elementor-container elementor-column-gap-default\">\n\t\t\t\t\t<div class=\"elementor-column elementor-col-100 elementor-top-column elementor-element elementor-element-ff95641\" data-id=\"ff95641\" data-element_type=\"column\">\n\t\t\t<div class=\"elementor-widget-wrap elementor-element-populated\">\n\t\t\t\t\t\t<div class=\"elementor-element elementor-element-c754e65 elementor-widget elementor-widget-heading\" data-id=\"c754e65\" data-element_type=\"widget\" data-widget_type=\"heading.default\">\n\t\t\t\t<div class=\"elementor-widget-container\">\n\t\t\t\t\t<h4 class=\"elementor-heading-title elementor-size-default\">Ressources \u00e9l\u00e8ves<\/h4>\t\t\t\t<\/div>\n\t\t\t\t<\/div>\n\t\t\t\t<div class=\"elementor-element elementor-element-0f237c6 elementor-widget elementor-widget-heading\" data-id=\"0f237c6\" data-element_type=\"widget\" data-widget_type=\"heading.default\">\n\t\t\t\t<div class=\"elementor-widget-container\">\n\t\t\t\t\t<h1 class=\"elementor-heading-title elementor-size-default\">Rentr\u00e9e scolaire<\/h1>\t\t\t\t<\/div>\n\t\t\t\t<\/div>\n\t\t\t\t<div class=\"elementor-element elementor-element-0035314 elementor-icon-list--layout-inline elementor-align-center elementor-list-item-link-full_width elementor-widget elementor-widget-icon-list\" data-id=\"0035314\" data-element_type=\"widget\" data-widget_type=\"icon-list.default\">\n\t\t\t\t<div class=\"elementor-widget-container\">\n\t\t\t\t\t\t\t<ul class=\"elementor-icon-list-items elementor-inline-items\">\n\t\t\t\t\t\t\t<li class=\"elementor-icon-list-item elementor-inline-item\">\n\t\t\t\t\t\t\t\t\t\t\t<a href=\"https:\/\/www.ecgffr.ch\/fr\/ressources-eleves\/\">\n\n\t\t\t\t\t\t\t\t\t\t\t\t<span class=\"elementor-icon-list-icon\">\n\t\t\t\t\t\t\t<i aria-hidden=\"true\" class=\"fas fa-long-arrow-alt-left\"><\/i>\t\t\t\t\t\t<\/span>\n\t\t\t\t\t\t\t\t\t\t<span class=\"elementor-icon-list-text\">Revenir \u00e0 ressources \u00e9l\u00e8ves<\/span>\n\t\t\t\t\t\t\t\t\t\t\t<\/a>\n\t\t\t\t\t\t\t\t\t<\/li>\n\t\t\t\t\t\t<\/ul>\n\t\t\t\t\t\t<\/div>\n\t\t\t\t<\/div>\n\t\t\t\t\t<\/div>\n\t\t<\/div>\n\t\t\t\t\t<\/div>\n\t\t<\/section>\n\t\t\t\t<section class=\"elementor-section elementor-top-section elementor-element elementor-element-ffe7f79 elementor-section-boxed elementor-section-height-default elementor-section-height-default\" data-id=\"ffe7f79\" data-element_type=\"section\">\n\t\t\t\t\t\t<div class=\"elementor-container elementor-column-gap-default\">\n\t\t\t\t\t<div class=\"elementor-column elementor-col-100 elementor-top-column elementor-element elementor-element-423c30e\" data-id=\"423c30e\" data-element_type=\"column\">\n\t\t\t<div class=\"elementor-widget-wrap elementor-element-populated\">\n\t\t\t\t\t\t<div class=\"elementor-element elementor-element-f81722c elementor-widget elementor-widget-heading\" data-id=\"f81722c\" data-element_type=\"widget\" data-widget_type=\"heading.default\">\n\t\t\t\t<div class=\"elementor-widget-container\">\n\t\t\t\t\t<h2 class=\"elementor-heading-title elementor-size-default\">Premier jour de cours - ann\u00e9e scolaire 2025-2026<\/h2>\t\t\t\t<\/div>\n\t\t\t\t<\/div>\n\t\t\t\t<div class=\"elementor-element elementor-element-a9aa400 elementor-widget elementor-widget-text-editor\" data-id=\"a9aa400\" data-element_type=\"widget\" data-widget_type=\"text-editor.default\">\n\t\t\t\t<div class=\"elementor-widget-container\">\n\t\t\t\t\t\t\t\t\t<p>Les informations ci-dessous concernent les \u00e9l\u00e8ves de 1re, 2e et 3e ann\u00e9e ainsi que ceux de 4e ann\u00e9e \u2013 domaine p\u00e9dagogie. A noter qu\u2019un courrier mentionnant le num\u00e9ro de classe 25-26 parvient \u00e0 tous les \u00e9l\u00e8ves \u00e0 la mi-juillet 2025.<\/p><p>Les \u00e9l\u00e8ves de la maturit\u00e9 sp\u00e9cialis\u00e9e sant\u00e9 et travail social se r\u00e9f\u00e8rent aux informations re\u00e7ues de la part de la HEdS-FR ou de l\u2019institution de stage.<\/p><p><strong>Accueil des \u00e9l\u00e8ves<\/strong><\/p><p>L\u2019accueil se fait par le directeur, les proviseurs et les professeurs de classe sous le pr\u00e9au du b\u00e2timent B le <strong>jeudi 28 ao\u00fbt 2025<\/strong>\u00a0\u00a0:<\/p><ul><li><strong>08h00: <\/strong>accueil des \u00e9l\u00e8ves de <strong>1<sup>e<\/sup><\/strong><\/li><li><strong>09h30: <\/strong>accueil des \u00e9l\u00e8ves de <strong>2<sup>e<\/sup><\/strong><\/li><li><strong>10h30: <\/strong>accueil des \u00e9l\u00e8ves de <strong>3<sup>e<\/sup> <\/strong><\/li><li><strong>10h45: <\/strong>accueil des \u00e9l\u00e8ves de <strong>4<sup>e<\/sup><\/strong><\/li><\/ul><p>Entretiens avec les professeurs de classe jusqu\u2019\u00e0 12h15 au plus tard pour tous les \u00e9l\u00e8ves; chaque classe \u00e9tudiera son propre horaire.<\/p><p>D\u00e8s 13h10, tous les cours ont lieu selon l\u2019horaire hebdomadaire (sport y compris). La pr\u00e9sence des classes 1STP7 et 1STP11\u00a0 est n\u00e9cessaire de 13h10 \u00e0 14h00 en lien avec le BYOD.<\/p><p><strong>Entretiens avec les proviseurs d\u2019ann\u00e9e selon l\u2019horaire suivant:<\/strong><\/p><p><strong>\u00a0<\/strong><strong>1re ann\u00e9e<\/strong><\/p><ul><li><strong>08h15 \u2013 08h45, Salle C102<\/strong>\u00a0\u00a0\u00a0\u00a01STP1, 1STP2, 1STP4, 1STP9<\/li><li><strong>08h45 \u2013 09h15, Salle C102<\/strong>\u00a0\u00a0\u00a0\u00a01STP3, 1STP5, 1STP6 et 1STP7<\/li><li><strong>09h15 \u2013 09h45, Salle C102<\/strong>\u00a0\u00a0\u00a0\u00a01STP8, 1STP10, 1STP11 et 1STP12<\/li><\/ul><p><strong>2e ann\u00e9e<\/strong><\/p><ul><li><strong>10h15 \u2013 10h40, Salle C102<\/strong>\u00a0\u00a0\u00a02S1, 2S2, 2S3 et 2S4<\/li><li><strong>10h40 \u2013 11h05, Salle C102<\/strong>\u00a0\u00a0 2S5, 2TP1 et 2TP2<\/li><li><strong>11h05 \u2013 11h30, Salle C102<\/strong>\u00a0\u00a0\u00a02TP3, 2TP4 et 2TP5<\/li><\/ul><p><strong>4e ann\u00e9e<\/strong><\/p><ul><li><strong>11h45-12h30, Salle C102\u00a0\u00a0\u00a0 <\/strong>4PE1, 4PE2 et 4PE3<\/li><\/ul><p><strong>3e ann\u00e9e<\/strong><\/p><ul><li><strong>13h10 \u2013 13h55, Salle C102<\/strong>\u00a0\u00a0\u00a0\u00a03S1, 3S2, 3S3 et 3S4<\/li><li><strong>14h00 \u2013 14h45, Salle C102<\/strong>\u00a0\u00a0\u00a0\u00a03T1 et 3T2<\/li><li><strong>14h50 \u2013 15h35, Salle C102<\/strong>\u00a0\u00a0\u00a0\u00a03P1, 3P2 et 3P3<\/li><\/ul>\t\t\t\t\t\t\t\t<\/div>\n\t\t\t\t<\/div>\n\t\t\t\t\t<\/div>\n\t\t<\/div>\n\t\t\t\t\t<\/div>\n\t\t<\/section>\n\t\t\t\t<section class=\"elementor-section elementor-top-section elementor-element elementor-element-7969143 elementor-section-boxed elementor-section-height-default elementor-section-height-default\" data-id=\"7969143\" data-element_type=\"section\">\n\t\t\t\t\t\t<div class=\"elementor-container elementor-column-gap-default\">\n\t\t\t\t\t<div class=\"elementor-column elementor-col-100 elementor-top-column elementor-element elementor-element-78aee0e\" data-id=\"78aee0e\" data-element_type=\"column\">\n\t\t\t<div class=\"elementor-widget-wrap elementor-element-populated\">\n\t\t\t\t\t\t<div class=\"elementor-element elementor-element-29fb625 elementor-widget elementor-widget-heading\" data-id=\"29fb625\" data-element_type=\"widget\" data-widget_type=\"heading.default\">\n\t\t\t\t<div class=\"elementor-widget-container\">\n\t\t\t\t\t<h2 class=\"elementor-heading-title elementor-size-default\">Courrier pour la rentr\u00e9e scolaire et annexes<\/h2>\t\t\t\t<\/div>\n\t\t\t\t<\/div>\n\t\t\t\t<div class=\"elementor-element elementor-element-6ea9e07 elementor-widget elementor-widget-text-editor\" data-id=\"6ea9e07\" data-element_type=\"widget\" data-widget_type=\"text-editor.default\">\n\t\t\t\t<div class=\"elementor-widget-container\">\n\t\t\t\t\t\t\t\t\t<p>Les documents ci-dessous ont \u00e9t\u00e9 transmis par courrier \u00e0 tous les \u00e9l\u00e8ves inscrits \u00e0 l&rsquo;ECGF.<\/p>\t\t\t\t\t\t\t\t<\/div>\n\t\t\t\t<\/div>\n\t\t\t\t<div class=\"elementor-element elementor-element-49273e1 elementor-widget__width-auto elementor-widget-mobile__width-inherit elementor-widget elementor-widget-button\" data-id=\"49273e1\" data-element_type=\"widget\" data-widget_type=\"button.default\">\n\t\t\t\t<div class=\"elementor-widget-container\">\n\t\t\t\t\t\t\t\t\t<div class=\"elementor-button-wrapper\">\n\t\t\t\t\t<a class=\"elementor-button elementor-button-link elementor-size-sm\" href=\"https:\/\/www.ecgffr.ch\/wp-content\/uploads\/2025\/07\/0_FR_INFO_Rentree-scolaire.pdf\" target=\"_blank\">\n\t\t\t\t\t\t<span class=\"elementor-button-content-wrapper\">\n\t\t\t\t\t\t\t\t\t<span class=\"elementor-button-text\">Courrier d'\u00e9t\u00e9 2025<\/span>\n\t\t\t\t\t<\/span>\n\t\t\t\t\t<\/a>\n\t\t\t\t<\/div>\n\t\t\t\t\t\t\t\t<\/div>\n\t\t\t\t<\/div>\n\t\t\t\t<div class=\"elementor-element elementor-element-2b6e26d elementor-widget__width-auto elementor-widget-mobile__width-inherit elementor-widget elementor-widget-button\" data-id=\"2b6e26d\" data-element_type=\"widget\" data-widget_type=\"button.default\">\n\t\t\t\t<div class=\"elementor-widget-container\">\n\t\t\t\t\t\t\t\t\t<div class=\"elementor-button-wrapper\">\n\t\t\t\t\t<a class=\"elementor-button elementor-button-link elementor-size-sm\" href=\"https:\/\/www.ecgffr.ch\/wp-content\/uploads\/2025\/07\/1_lettre-signature.pdf\" target=\"_blank\">\n\t\t\t\t\t\t<span class=\"elementor-button-content-wrapper\">\n\t\t\t\t\t\t\t\t\t<span class=\"elementor-button-text\">Document \u00e0 signer - 1\u00e8re ann\u00e9e<\/span>\n\t\t\t\t\t<\/span>\n\t\t\t\t\t<\/a>\n\t\t\t\t<\/div>\n\t\t\t\t\t\t\t\t<\/div>\n\t\t\t\t<\/div>\n\t\t\t\t<div class=\"elementor-element elementor-element-f49be4f elementor-widget__width-auto elementor-widget-mobile__width-inherit elementor-widget elementor-widget-button\" data-id=\"f49be4f\" data-element_type=\"widget\" data-widget_type=\"button.default\">\n\t\t\t\t<div class=\"elementor-widget-container\">\n\t\t\t\t\t\t\t\t\t<div class=\"elementor-button-wrapper\">\n\t\t\t\t\t<a class=\"elementor-button elementor-button-link elementor-size-sm\" href=\"https:\/\/www.ecgffr.ch\/wp-content\/uploads\/2025\/07\/2_lettre-signature.pdf\" target=\"_blank\">\n\t\t\t\t\t\t<span class=\"elementor-button-content-wrapper\">\n\t\t\t\t\t\t\t\t\t<span class=\"elementor-button-text\">Document \u00e0 signer - 2\u00e8me ann\u00e9e<\/span>\n\t\t\t\t\t<\/span>\n\t\t\t\t\t<\/a>\n\t\t\t\t<\/div>\n\t\t\t\t\t\t\t\t<\/div>\n\t\t\t\t<\/div>\n\t\t\t\t<div class=\"elementor-element elementor-element-80d185d elementor-widget__width-auto elementor-widget-mobile__width-inherit elementor-widget elementor-widget-button\" data-id=\"80d185d\" data-element_type=\"widget\" data-widget_type=\"button.default\">\n\t\t\t\t<div class=\"elementor-widget-container\">\n\t\t\t\t\t\t\t\t\t<div class=\"elementor-button-wrapper\">\n\t\t\t\t\t<a class=\"elementor-button elementor-button-link elementor-size-sm\" href=\"https:\/\/www.ecgffr.ch\/wp-content\/uploads\/2025\/07\/3_lettre-signature.pdf\" target=\"_blank\">\n\t\t\t\t\t\t<span class=\"elementor-button-content-wrapper\">\n\t\t\t\t\t\t\t\t\t<span class=\"elementor-button-text\">Document \u00e0 signer - 3\u00e8me ann\u00e9e<\/span>\n\t\t\t\t\t<\/span>\n\t\t\t\t\t<\/a>\n\t\t\t\t<\/div>\n\t\t\t\t\t\t\t\t<\/div>\n\t\t\t\t<\/div>\n\t\t\t\t<div class=\"elementor-element elementor-element-0059a03 elementor-widget__width-auto elementor-widget elementor-widget-button\" data-id=\"0059a03\" data-element_type=\"widget\" data-widget_type=\"button.default\">\n\t\t\t\t<div class=\"elementor-widget-container\">\n\t\t\t\t\t\t\t\t\t<div class=\"elementor-button-wrapper\">\n\t\t\t\t\t<a class=\"elementor-button elementor-button-link elementor-size-sm\" href=\"https:\/\/www.ecgffr.ch\/wp-content\/uploads\/2025\/07\/4_lettre-signature.pdf\" target=\"_blank\">\n\t\t\t\t\t\t<span class=\"elementor-button-content-wrapper\">\n\t\t\t\t\t\t\t\t\t<span class=\"elementor-button-text\">Document \u00e0 signer - 4\u00e8me ann\u00e9e<\/span>\n\t\t\t\t\t<\/span>\n\t\t\t\t\t<\/a>\n\t\t\t\t<\/div>\n\t\t\t\t\t\t\t\t<\/div>\n\t\t\t\t<\/div>\n\t\t\t\t\t<\/div>\n\t\t<\/div>\n\t\t\t\t\t<\/div>\n\t\t<\/section>\n\t\t\t\t<\/div>\n\t\t","protected":false},"excerpt":{"rendered":"<p>Ressources \u00e9l\u00e8ves Rentr\u00e9e scolaire Revenir \u00e0 ressources \u00e9l\u00e8ves Premier jour de cours &#8211; ann\u00e9e scolaire 2025-2026 Les informations ci-dessous concernent les \u00e9l\u00e8ves de 1re, 2e et 3e ann\u00e9e ainsi que ceux de 4e ann\u00e9e \u2013 domaine p\u00e9dagogie. A noter qu\u2019un courrier mentionnant le num\u00e9ro de classe 25-26 parvient \u00e0 tous les \u00e9l\u00e8ves \u00e0 la mi-juillet [&hellip;]<\/p>\n","protected":false},"author":1,"featured_media":0,"parent":495,"menu_order":0,"comment_status":"closed","ping_status":"closed","template":"","meta":{"site-sidebar-layout":"no-sidebar","site-content-layout":"page-builder","ast-site-content-layout":"default","site-content-style":"default","site-sidebar-style":"default","ast-global-header-display":"","ast-banner-title-visibility":"","ast-main-header-display":"","ast-hfb-above-header-display":"","ast-hfb-below-header-display":"","ast-hfb-mobile-header-display":"","site-post-title":"disabled","ast-breadcrumbs-content":"","ast-featured-img":"disabled","footer-sml-layout":"","ast-disable-related-posts":"","theme-transparent-header-meta":"","adv-header-id-meta":"","stick-header-meta":"","header-above-stick-meta":"","header-main-stick-meta":"","header-below-stick-meta":"","astra-migrate-meta-layouts":"default","ast-page-background-enabled":"default","ast-page-background-meta":{"desktop":{"background-color":"var(--ast-global-color-4)","background-image":"","background-repeat":"repeat","background-position":"center center","background-size":"auto","background-attachment":"scroll","background-type":"","background-media":"","overlay-type":"","overlay-color":"","overlay-opacity":"","overlay-gradient":""},"tablet":{"background-color":"","background-image":"","background-repeat":"repeat","background-position":"center center","background-size":"auto","background-attachment":"scroll","background-type":"","background-media":"","overlay-type":"","overlay-color":"","overlay-opacity":"","overlay-gradient":""},"mobile":{"background-color":"","background-image":"","background-repeat":"repeat","background-position":"center center","background-size":"auto","background-attachment":"scroll","background-type":"","background-media":"","overlay-type":"","overlay-color":"","overlay-opacity":"","overlay-gradient":""}},"ast-content-background-meta":{"desktop":{"background-color":"var(--ast-global-color-5)","background-image":"","background-repeat":"repeat","background-position":"center center","background-size":"auto","background-attachment":"scroll","background-type":"","background-media":"","overlay-type":"","overlay-color":"","overlay-opacity":"","overlay-gradient":""},"tablet":{"background-color":"var(--ast-global-color-5)","background-image":"","background-repeat":"repeat","background-position":"center center","background-size":"auto","background-attachment":"scroll","background-type":"","background-media":"","overlay-type":"","overlay-color":"","overlay-opacity":"","overlay-gradient":""},"mobile":{"background-color":"var(--ast-global-color-5)","background-image":"","background-repeat":"repeat","background-position":"center center","background-size":"auto","background-attachment":"scroll","background-type":"","background-media":"","overlay-type":"","overlay-color":"","overlay-opacity":"","overlay-gradient":""}},"footnotes":""},"class_list":["post-682","page","type-page","status-publish","hentry"],"_links":{"self":[{"href":"https:\/\/www.ecgffr.ch\/fr\/wp-json\/wp\/v2\/pages\/682","targetHints":{"allow":["GET"]}}],"collection":[{"href":"https:\/\/www.ecgffr.ch\/fr\/wp-json\/wp\/v2\/pages"}],"about":[{"href":"https:\/\/www.ecgffr.ch\/fr\/wp-json\/wp\/v2\/types\/page"}],"author":[{"embeddable":true,"href":"https:\/\/www.ecgffr.ch\/fr\/wp-json\/wp\/v2\/users\/1"}],"replies":[{"embeddable":true,"href":"https:\/\/www.ecgffr.ch\/fr\/wp-json\/wp\/v2\/comments?post=682"}],"version-history":[{"count":46,"href":"https:\/\/www.ecgffr.ch\/fr\/wp-json\/wp\/v2\/pages\/682\/revisions"}],"predecessor-version":[{"id":14524,"href":"https:\/\/www.ecgffr.ch\/fr\/wp-json\/wp\/v2\/pages\/682\/revisions\/14524"}],"up":[{"embeddable":true,"href":"https:\/\/www.ecgffr.ch\/fr\/wp-json\/wp\/v2\/pages\/495"}],"wp:attachment":[{"href":"https:\/\/www.ecgffr.ch\/fr\/wp-json\/wp\/v2\/media?parent=682"}],"curies":[{"name":"wp","href":"https:\/\/api.w.org\/{rel}","templated":true}]}}